{"id":1038,"date":"2024-02-13T23:23:00","date_gmt":"2024-02-13T23:23:00","guid":{"rendered":"https:\/\/rentablesrd.com\/info\/?page_id=1038"},"modified":"2024-04-10T18:10:14","modified_gmt":"2024-04-10T22:10:14","slug":"animacion-juegos","status":"publish","type":"page","link":"https:\/\/rentablesrd.com\/info\/animacion-juegos\/","title":{"rendered":"Animaci\u00f3n y juegos"},"content":{"rendered":"\n<h2 class=\"wp-block-heading has-text-align-center\">Animaci\u00f3n y Juegos<\/h2>\n\n\n\n<p class=\"has-text-align-center\">La forma m\u00e1s elevada de entretenimiento con animadores y juegos inflables<br>\u00a1La mejor experiencia al mejor precio, solo con RentablesRD! \ud83c\udf89\u2728 <br>Costo todo incluido por RD$ 15,050 pesos. <\/p>\n\n\n\n<div class=\"wp-block-buttons is-content-justification-center is-layout-flex wp-container-core-buttons-is-layout-1 wp-block-buttons-is-layout-flex\">\n<div class=\"wp-block-button\"><a class=\"wp-block-button__link has-text-align-center wp-element-button\" href=\"https:\/\/forms.gle\/AsAkWxfGvrvt3wYz9\">Realiza tu Reserva<\/a><\/div>\n<\/div>\n\n\n\n<div class=\"wp-block-media-text alignwide is-stacked-on-mobile\" style=\"grid-template-columns:31% auto\"><figure class=\"wp-block-media-text__media\"><img loading=\"lazy\" decoding=\"async\" width=\"576\" height=\"1024\" src=\"https:\/\/rentablesrd.com\/info\/wp-content\/uploads\/2024\/03\/Poster-de-Juegos-Inflables-1-576x1024.jpg\" alt=\"\" class=\"wp-image-1159 size-full\" srcset=\"https:\/\/rentablesrd.com\/info\/wp-content\/uploads\/2024\/03\/Poster-de-Juegos-Inflables-1-576x1024.jpg 576w, https:\/\/rentablesrd.com\/info\/wp-content\/uploads\/2024\/03\/Poster-de-Juegos-Inflables-1-169x300.jpg 169w, https:\/\/rentablesrd.com\/info\/wp-content\/uploads\/2024\/03\/Poster-de-Juegos-Inflables-1-768x1365.jpg 768w, https:\/\/rentablesrd.com\/info\/wp-content\/uploads\/2024\/03\/Poster-de-Juegos-Inflables-1-864x1536.jpg 864w, https:\/\/rentablesrd.com\/info\/wp-content\/uploads\/2024\/03\/Poster-de-Juegos-Inflables-1.jpg 1080w\" sizes=\"(max-width: 576px) 100vw, 576px\" \/><\/figure><div class=\"wp-block-media-text__content\">\n<h2 class=\"wp-block-heading\">Juego Inflable <\/h2>\n\n\n\n<p>Diversi\u00f3n segura y emocionante para los m\u00e1s peque\u00f1os! Con este paquete puedes disfrutar de uno de nuestros juego Inflable dise\u00f1ado para ni\u00f1os de 1 a 8 a\u00f1os. Con colores vibrantes y un dise\u00f1o seguro, es la opci\u00f3n perfecta para alegrar cualquier evento infantil. \u00a1Haz que cada d\u00eda sea una aventura para tus peque\u00f1os con nuestro Juego Inflable exclusivo! \ud83c\udf88\ud83d\udc76 #Diversi\u00f3nInfantil #JuegoInflable #RentablesRD\u00bb<br><br>Si deseas un inflable para ni\u00f1os de otras edades, puedes adquirirlo con un costo adicional desde RD$ 2.500 pesos. Si es para ni\u00f1os por encima de los 9 a\u00f1os de edad el costo adicional es desde RD$ 5,600 pesos. <\/p>\n<\/div><\/div>\n\n\n\n<h2 class=\"wp-block-heading has-text-align-center\">+<\/h2>\n\n\n\n<div class=\"wp-block-media-text alignwide is-stacked-on-mobile\" style=\"grid-template-columns:31% auto\"><figure class=\"wp-block-media-text__media\"><img loading=\"lazy\" decoding=\"async\" width=\"724\" height=\"1024\" src=\"https:\/\/rentablesrd.com\/info\/wp-content\/uploads\/2024\/04\/Flyer-Pinta-Caritas-Infantil-Colorido-724x1024.png\" alt=\"\" class=\"wp-image-1212 size-full\" srcset=\"https:\/\/rentablesrd.com\/info\/wp-content\/uploads\/2024\/04\/Flyer-Pinta-Caritas-Infantil-Colorido-724x1024.png 724w, https:\/\/rentablesrd.com\/info\/wp-content\/uploads\/2024\/04\/Flyer-Pinta-Caritas-Infantil-Colorido-212x300.png 212w, https:\/\/rentablesrd.com\/info\/wp-content\/uploads\/2024\/04\/Flyer-Pinta-Caritas-Infantil-Colorido-768x1086.png 768w, https:\/\/rentablesrd.com\/info\/wp-content\/uploads\/2024\/04\/Flyer-Pinta-Caritas-Infantil-Colorido-1086x1536.png 1086w, https:\/\/rentablesrd.com\/info\/wp-content\/uploads\/2024\/04\/Flyer-Pinta-Caritas-Infantil-Colorido.png 1414w\" sizes=\"(max-width: 724px) 100vw, 724px\" \/><\/figure><div class=\"wp-block-media-text__content\">\n<h2 class=\"wp-block-heading\">Pinta Caritas<\/h2>\n\n\n\n<p>Con este paquete disfrutas del servicio de Pinta caritas. Junto al juego inflable habilitamos nuestra expertas en pintar caritas para que los ni\u00f1os disfruten del mundo maravilloso del color y la creatividad. Despertando en ellos esa persona creativa en su interior al ellos elegir el dise\u00f1o que les gusta. <br><br>El servicio de Pinta Caritas para este paquete es de una hora de servicio y dependiendo el arte seleccionado por cada ni\u00f1o puede demorar entre 2 a 15 minutos por ni\u00f1o. <br><br>Si deseas mas horas por el servicio, puede solicitarlo a nuestros representantes en linea. Las horas adicionales tienen un costo de RD$ 2,000 pesos.  <\/p>\n<\/div><\/div>\n\n\n\n<h2 class=\"wp-block-heading has-text-align-center\">+<\/h2>\n\n\n\n<div class=\"wp-block-media-text alignwide is-stacked-on-mobile\" style=\"grid-template-columns:31% auto\"><figure class=\"wp-block-media-text__media\"><img loading=\"lazy\" decoding=\"async\" width=\"800\" height=\"800\" src=\"https:\/\/rentablesrd.com\/info\/wp-content\/uploads\/2022\/10\/Bocina-sin-fondo.png\" alt=\"\" class=\"wp-image-428 size-full\" srcset=\"https:\/\/rentablesrd.com\/info\/wp-content\/uploads\/2022\/10\/Bocina-sin-fondo.png 800w, https:\/\/rentablesrd.com\/info\/wp-content\/uploads\/2022\/10\/Bocina-sin-fondo-300x300.png 300w, https:\/\/rentablesrd.com\/info\/wp-content\/uploads\/2022\/10\/Bocina-sin-fondo-150x150.png 150w, https:\/\/rentablesrd.com\/info\/wp-content\/uploads\/2022\/10\/Bocina-sin-fondo-768x768.png 768w\" sizes=\"(max-width: 800px) 100vw, 800px\" \/><\/figure><div class=\"wp-block-media-text__content\">\n<h2 class=\"wp-block-heading\">Bocina con Micr\u00f3fono <\/h2>\n\n\n\n<p>\ud83c\udfb5&nbsp;<strong>Ambiente Vibrante:<\/strong><\/p>\n\n\n\n<p>Bocina para ambientar con tu m\u00fasica favorita. Nuestro equipo de sonido est\u00e1 dise\u00f1ado para llenar tu espacio con melod\u00edas envolventes y crear un ambiente festivo desde el momento en que comienza tu celebraci\u00f3n.<\/p>\n\n\n\n<p><\/p>\n\n\n\n<p>\ud83c\udfa4&nbsp;<strong>Micr\u00f3fono Incluido:<\/strong><\/p>\n\n\n\n<ul>\n<li>Facilitamos la interacci\u00f3n y participaci\u00f3n en tu evento. El micr\u00f3fono incluido permite discursos emocionantes, anuncios especiales y momentos compartidos con todos los asistentes.<\/li>\n<\/ul>\n\n\n\n<p><\/p>\n<\/div><\/div>\n\n\n\n<h2 class=\"wp-block-heading has-text-align-center\">+<\/h2>\n\n\n\n<div class=\"wp-block-media-text alignwide is-stacked-on-mobile\" style=\"grid-template-columns:31% auto\"><figure class=\"wp-block-media-text__media\"><img loading=\"lazy\" decoding=\"async\" width=\"724\" height=\"1024\" src=\"https:\/\/rentablesrd.com\/info\/wp-content\/uploads\/2024\/04\/Flyer-Pinta-Caritas-Infantil-Colorido-1-724x1024.png\" alt=\"\" class=\"wp-image-1213 size-full\" srcset=\"https:\/\/rentablesrd.com\/info\/wp-content\/uploads\/2024\/04\/Flyer-Pinta-Caritas-Infantil-Colorido-1-724x1024.png 724w, https:\/\/rentablesrd.com\/info\/wp-content\/uploads\/2024\/04\/Flyer-Pinta-Caritas-Infantil-Colorido-1-212x300.png 212w, https:\/\/rentablesrd.com\/info\/wp-content\/uploads\/2024\/04\/Flyer-Pinta-Caritas-Infantil-Colorido-1-768x1086.png 768w, https:\/\/rentablesrd.com\/info\/wp-content\/uploads\/2024\/04\/Flyer-Pinta-Caritas-Infantil-Colorido-1-1086x1536.png 1086w, https:\/\/rentablesrd.com\/info\/wp-content\/uploads\/2024\/04\/Flyer-Pinta-Caritas-Infantil-Colorido-1.png 1414w\" sizes=\"(max-width: 724px) 100vw, 724px\" \/><\/figure><div class=\"wp-block-media-text__content\">\n<h2 class=\"wp-block-heading\">Animador o Payaso<\/h2>\n\n\n\n<p>Nuestro animador dirigen el evento para crear esa armon\u00eda entre lo que llevamos como lo que usted tiene en su fiesta. Nos adecuamos a lo que tenemos en nuestro alcance para crear juegos, din\u00e1micas y entretenimiento para los ni\u00f1os y adultos; par que as\u00ed sea un cumplea\u00f1os divertido y memorable por la eternidad por todos los presentes. Con este paquete tiene una hora de animaci\u00f3n incluida. <\/p>\n\n\n\n<p><br>Si deseas agregar mas horas y regalos tiene un costo adicional.   <\/p>\n<\/div><\/div>\n\n\n\n<h2 class=\"wp-block-heading has-text-align-center\">+<\/h2>\n\n\n\n<div class=\"wp-block-media-text alignwide is-stacked-on-mobile\" style=\"grid-template-columns:31% auto\"><figure class=\"wp-block-media-text__media\"><img loading=\"lazy\" decoding=\"async\" width=\"875\" height=\"875\" src=\"https:\/\/rentablesrd.com\/info\/wp-content\/uploads\/2024\/02\/Diseno-sin-titulo-2.png\" alt=\"\" class=\"wp-image-1132 size-full\" srcset=\"https:\/\/rentablesrd.com\/info\/wp-content\/uploads\/2024\/02\/Diseno-sin-titulo-2.png 875w, https:\/\/rentablesrd.com\/info\/wp-content\/uploads\/2024\/02\/Diseno-sin-titulo-2-300x300.png 300w, https:\/\/rentablesrd.com\/info\/wp-content\/uploads\/2024\/02\/Diseno-sin-titulo-2-150x150.png 150w, https:\/\/rentablesrd.com\/info\/wp-content\/uploads\/2024\/02\/Diseno-sin-titulo-2-768x768.png 768w\" sizes=\"(max-width: 875px) 100vw, 875px\" \/><\/figure><div class=\"wp-block-media-text__content\">\n<h2 class=\"wp-block-heading\">Transporte<\/h2>\n\n\n\n<p>El paquete tiene el servicio de transporte incluido a una distancia que nos exeda el tiempo de treinta minutos para llegar al destino. Consulta con nuestro representante para estimar el tiempo de transporte para llegar al lugar del evento. <br> <br>Si es superior al mismo, puede tener un costo adicional. <\/p>\n<\/div><\/div>\n\n\n\n<h2 class=\"wp-block-heading has-text-align-center\">+<\/h2>\n\n\n\n<div class=\"wp-block-media-text alignwide is-stacked-on-mobile\" style=\"grid-template-columns:31% auto\"><figure class=\"wp-block-media-text__media\"><img loading=\"lazy\" decoding=\"async\" width=\"512\" height=\"512\" src=\"https:\/\/rentablesrd.com\/info\/wp-content\/uploads\/2024\/02\/43cc80b4c098e43a988c535eaba42c53-icono-de-usuario-de-persona.png\" alt=\"\" class=\"wp-image-1056 size-full\" srcset=\"https:\/\/rentablesrd.com\/info\/wp-content\/uploads\/2024\/02\/43cc80b4c098e43a988c535eaba42c53-icono-de-usuario-de-persona.png 512w, https:\/\/rentablesrd.com\/info\/wp-content\/uploads\/2024\/02\/43cc80b4c098e43a988c535eaba42c53-icono-de-usuario-de-persona-300x300.png 300w, https:\/\/rentablesrd.com\/info\/wp-content\/uploads\/2024\/02\/43cc80b4c098e43a988c535eaba42c53-icono-de-usuario-de-persona-150x150.png 150w\" sizes=\"(max-width: 512px) 100vw, 512px\" \/><\/figure><div class=\"wp-block-media-text__content\">\n<h2 class=\"wp-block-heading\">Personal<\/h2>\n\n\n\n<p>En RentablesRD, te garantizamos la presencia de tres expertos para hacer de tu evento una experiencia excepcional. Tres personas dedicadas, listas para brindarte el mejor servicio en este paquete. \u00a1Conf\u00eda en nuestro equipo para hacer de tu celebraci\u00f3n un momento inolvidable<\/p>\n\n\n\n<p>. <br><br>Si deseas agregar m\u00e1s personas para tu evento, tiene un costo adicional de RD$ 1,500 pesos por persona durante el servicio.  <\/p>\n<\/div><\/div>\n\n\n\n<hr class=\"wp-block-separator has-alpha-channel-opacity\"\/>\n\n\n\n<div class=\"wp-block-media-text alignwide is-stacked-on-mobile\" style=\"grid-template-columns:31% auto\"><figure class=\"wp-block-media-text__media\"><img loading=\"lazy\" decoding=\"async\" width=\"512\" height=\"512\" src=\"https:\/\/rentablesrd.com\/info\/wp-content\/uploads\/2024\/02\/9a09be5ef63a6de6b64039dee5ad414a-icono-de-la-escuela-de-reloj-despertador.png\" alt=\"\" class=\"wp-image-1053 size-full\" srcset=\"https:\/\/rentablesrd.com\/info\/wp-content\/uploads\/2024\/02\/9a09be5ef63a6de6b64039dee5ad414a-icono-de-la-escuela-de-reloj-despertador.png 512w, https:\/\/rentablesrd.com\/info\/wp-content\/uploads\/2024\/02\/9a09be5ef63a6de6b64039dee5ad414a-icono-de-la-escuela-de-reloj-despertador-300x300.png 300w, https:\/\/rentablesrd.com\/info\/wp-content\/uploads\/2024\/02\/9a09be5ef63a6de6b64039dee5ad414a-icono-de-la-escuela-de-reloj-despertador-150x150.png 150w\" sizes=\"(max-width: 512px) 100vw, 512px\" \/><\/figure><div class=\"wp-block-media-text__content\">\n<h2 class=\"wp-block-heading\">Tiempo de uso<\/h2>\n\n\n\n<p>El tiempo incluido en este paquete es de dos horas de servicio, que incluye el juego inflable, animaci\u00f3n, y pinta caritas. Est\u00e1 dise\u00f1ado para un uso completo de dos horas.<\/p>\n\n\n\n<p><\/p>\n\n\n\n<p>Este tiempo de uso garantiza que tengas suficiente tiempo para disfrutar de todas las atracciones, servicios y entretenimiento incluidos en el paquete, permiti\u00e9ndote crear recuerdos inolvidables con tus seres queridos.<\/p>\n\n\n\n<p><\/p>\n\n\n\n<p>Estas dos horas el cliente la divide como guste, nuestra recomendaci\u00f3n es la siguiente: Primera hora de juegos inflables y al mismo tiempo la pinta caritas, concluido este tiempo el animador hace su rutina de entretenimiento con diversos juegos y actividades; culminando con el canto final de la fiesta.  <\/p>\n\n\n\n<p><\/p>\n\n\n\n<p>\u00a1Conf\u00eda en RentablesRD para hacer de tu evento un momento \u00fanico y lleno de alegr\u00eda durante todo el tiempo que dure tu celebraci\u00f3n! \ud83c\udf89\u2728<\/p>\n\n\n\n<p><br>Si deseas agregar mas tiempo de uso del Paquete, tiene un costo adicional de RD$ 6,500 pesos por hora pagados 48 antes del evento, si paga el mismo d\u00eda del evento tiene un costo adicional de RD$ 9,500 pesos. <\/p>\n\n\n\n<p><\/p>\n\n\n\n<h2 class=\"wp-block-heading\">Cronograma<\/h2>\n\n\n\n<ol>\n<li>Tiempo de negociaci\u00f3n con el cliente : 15 minutos.<\/li>\n<\/ol>\n\n\n\n<p><strong>CONFIRMACION:<\/strong><\/p>\n\n\n\n<ol start=\"2\">\n<li>Calendarizaci\u00f3n del evento: 15 minutos<\/li>\n\n\n\n<li>Env\u00edo de pago y confirmaci\u00f3n de reserva: 15 minutos..<\/li>\n<\/ol>\n\n\n\n<p><strong>COORDINACI\u00d3N DE LOGISTICA<\/strong><\/p>\n\n\n\n<ol start=\"9\">\n<li>Coordinaci\u00f3n de log\u00edstica 20 minutos.<\/li>\n\n\n\n<li>Compra de suministros: 45 minutos<\/li>\n\n\n\n<li>Llegada al evento: 15 a 20 minutos antes de la hora de inicio pautada.<\/li>\n\n\n\n<li>Encendido de blower: hora exacta reservada<\/li>\n<\/ol>\n\n\n\n<p><\/p>\n<\/div><\/div>\n\n\n\n<hr class=\"wp-block-separator has-alpha-channel-opacity\"\/>\n\n\n\n<div class=\"wp-block-media-text alignwide is-stacked-on-mobile\" style=\"grid-template-columns:31% auto\"><figure class=\"wp-block-media-text__media\"><img loading=\"lazy\" decoding=\"async\" width=\"724\" height=\"1024\" src=\"https:\/\/rentablesrd.com\/info\/wp-content\/uploads\/2024\/04\/Flyer-Pinta-Caritas-Infantil-Colorido-2-724x1024.png\" alt=\"\" class=\"wp-image-1217 size-full\" srcset=\"https:\/\/rentablesrd.com\/info\/wp-content\/uploads\/2024\/04\/Flyer-Pinta-Caritas-Infantil-Colorido-2-724x1024.png 724w, https:\/\/rentablesrd.com\/info\/wp-content\/uploads\/2024\/04\/Flyer-Pinta-Caritas-Infantil-Colorido-2-212x300.png 212w, https:\/\/rentablesrd.com\/info\/wp-content\/uploads\/2024\/04\/Flyer-Pinta-Caritas-Infantil-Colorido-2-768x1086.png 768w, https:\/\/rentablesrd.com\/info\/wp-content\/uploads\/2024\/04\/Flyer-Pinta-Caritas-Infantil-Colorido-2-1086x1536.png 1086w, https:\/\/rentablesrd.com\/info\/wp-content\/uploads\/2024\/04\/Flyer-Pinta-Caritas-Infantil-Colorido-2.png 1414w\" sizes=\"(max-width: 724px) 100vw, 724px\" \/><\/figure><div class=\"wp-block-media-text__content\">\n<h2 class=\"wp-block-heading\">Pagos<\/h2>\n\n\n\n<p>Este Paquete tiene un costo de RD$ 15,050 pesos<\/p>\n\n\n\n<p>Aparta tu fecha con RD$1500<br>Completa la  reserva con RD$ 3,444 pesos. <\/p>\n\n\n\n<p>Deposito Reembolsable de RD$1,430 pesos.  <br>Pago Total con el Rembolsable de RD$ 16,480 pesos. <\/p>\n\n\n\n<p><\/p>\n\n\n\n<p>El pago total debe ser saldado 72 horas previas al evento. <\/p>\n<\/div><\/div>\n\n\n\n<hr class=\"wp-block-separator has-alpha-channel-opacity\"\/>\n\n\n\n<div class=\"wp-block-media-text alignwide is-stacked-on-mobile\" style=\"grid-template-columns:31% auto\"><figure class=\"wp-block-media-text__media\"><img loading=\"lazy\" decoding=\"async\" width=\"512\" height=\"512\" src=\"https:\/\/rentablesrd.com\/info\/wp-content\/uploads\/2024\/02\/icone-de-lettre-d-information-i-rouge.png\" alt=\"\" class=\"wp-image-1051 size-full\" srcset=\"https:\/\/rentablesrd.com\/info\/wp-content\/uploads\/2024\/02\/icone-de-lettre-d-information-i-rouge.png 512w, https:\/\/rentablesrd.com\/info\/wp-content\/uploads\/2024\/02\/icone-de-lettre-d-information-i-rouge-300x300.png 300w, https:\/\/rentablesrd.com\/info\/wp-content\/uploads\/2024\/02\/icone-de-lettre-d-information-i-rouge-150x150.png 150w\" sizes=\"(max-width: 512px) 100vw, 512px\" \/><\/figure><div class=\"wp-block-media-text__content\">\n<h2 class=\"wp-block-heading\">Otras informaciones<\/h2>\n\n\n\n<p>Paquete Regular: Sujeta a Disponibilidad. <br>\u00a1Edici\u00f3n ilimitada! . <br><br>15 ni\u00f1os m\u00e1ximo recomendados<br>30 adultos m\u00e1ximo recomendados<\/p>\n<\/div><\/div>\n","protected":false},"excerpt":{"rendered":"<p>Animaci\u00f3n y Juegos La forma m\u00e1s elevada de entretenimiento con animadores y juegos inflables\u00a1La mejor experiencia al mejor precio, solo con RentablesRD! \ud83c\udf89\u2728 Costo todo incluido por RD$ 15,050 pesos. Juego Inflable Diversi\u00f3n segura y emocionante para los m\u00e1s peque\u00f1os! Con este paquete puedes disfrutar de uno de nuestros juego Inflable dise\u00f1ado para ni\u00f1os de [&hellip;]<\/p>\n","protected":false},"author":1,"featured_media":0,"parent":0,"menu_order":0,"comment_status":"closed","ping_status":"closed","template":"","meta":{"hide_page_title":"","om_disable_all_campaigns":false,"_monsterinsights_skip_tracking":false,"_monsterinsights_sitenote_active":false,"_monsterinsights_sitenote_note":"","_monsterinsights_sitenote_category":0,"footnotes":""},"aioseo_notices":[],"_links":{"self":[{"href":"https:\/\/rentablesrd.com\/info\/wp-json\/wp\/v2\/pages\/1038"}],"collection":[{"href":"https:\/\/rentablesrd.com\/info\/wp-json\/wp\/v2\/pages"}],"about":[{"href":"https:\/\/rentablesrd.com\/info\/wp-json\/wp\/v2\/types\/page"}],"author":[{"embeddable":true,"href":"https:\/\/rentablesrd.com\/info\/wp-json\/wp\/v2\/users\/1"}],"replies":[{"embeddable":true,"href":"https:\/\/rentablesrd.com\/info\/wp-json\/wp\/v2\/comments?post=1038"}],"version-history":[{"count":14,"href":"https:\/\/rentablesrd.com\/info\/wp-json\/wp\/v2\/pages\/1038\/revisions"}],"predecessor-version":[{"id":1229,"href":"https:\/\/rentablesrd.com\/info\/wp-json\/wp\/v2\/pages\/1038\/revisions\/1229"}],"wp:attachment":[{"href":"https:\/\/rentablesrd.com\/info\/wp-json\/wp\/v2\/media?parent=1038"}],"curies":[{"name":"wp","href":"https:\/\/api.w.org\/{rel}","templated":true}]}}