{"id":1122,"date":"2024-02-27T16:57:06","date_gmt":"2024-02-27T16:57:06","guid":{"rendered":"https:\/\/rentablesrd.com\/info\/?page_id=1122"},"modified":"2024-04-19T11:58:53","modified_gmt":"2024-04-19T15:58:53","slug":"precios","status":"publish","type":"page","link":"https:\/\/rentablesrd.com\/info\/precios\/","title":{"rendered":"Precios"},"content":{"rendered":"\n<figure class=\"wp-block-gallery has-nested-images columns-7 is-cropped wp-block-gallery-1 is-layout-flex wp-block-gallery-is-layout-flex\">\n<figure class=\"wp-block-image size-large\"><img loading=\"lazy\" decoding=\"async\" width=\"819\" height=\"1024\" data-id=\"706\" src=\"https:\/\/rentablesrd.com\/info\/wp-content\/uploads\/2023\/05\/Princesa-Diana--819x1024.jpg\" alt=\"\" class=\"wp-image-706\" srcset=\"https:\/\/rentablesrd.com\/info\/wp-content\/uploads\/2023\/05\/Princesa-Diana--819x1024.jpg 819w, https:\/\/rentablesrd.com\/info\/wp-content\/uploads\/2023\/05\/Princesa-Diana--240x300.jpg 240w, https:\/\/rentablesrd.com\/info\/wp-content\/uploads\/2023\/05\/Princesa-Diana--768x960.jpg 768w, https:\/\/rentablesrd.com\/info\/wp-content\/uploads\/2023\/05\/Princesa-Diana--1229x1536.jpg 1229w, https:\/\/rentablesrd.com\/info\/wp-content\/uploads\/2023\/05\/Princesa-Diana-.jpg 1280w\" sizes=\"(max-width: 819px) 100vw, 819px\" \/><\/figure>\n\n\n\n<figure class=\"wp-block-image size-large\"><img loading=\"lazy\" decoding=\"async\" width=\"953\" height=\"1024\" data-id=\"537\" src=\"https:\/\/rentablesrd.com\/info\/wp-content\/uploads\/2022\/11\/3-953x1024.png\" alt=\"\" class=\"wp-image-537\" srcset=\"https:\/\/rentablesrd.com\/info\/wp-content\/uploads\/2022\/11\/3-953x1024.png 953w, https:\/\/rentablesrd.com\/info\/wp-content\/uploads\/2022\/11\/3-279x300.png 279w, https:\/\/rentablesrd.com\/info\/wp-content\/uploads\/2022\/11\/3-768x825.png 768w, https:\/\/rentablesrd.com\/info\/wp-content\/uploads\/2022\/11\/3.png 1282w\" sizes=\"(max-width: 953px) 100vw, 953px\" \/><\/figure>\n\n\n\n<figure class=\"wp-block-image size-large\"><img loading=\"lazy\" decoding=\"async\" width=\"800\" height=\"800\" data-id=\"530\" src=\"https:\/\/rentablesrd.com\/info\/wp-content\/uploads\/2022\/11\/10.png\" alt=\"\" class=\"wp-image-530\" srcset=\"https:\/\/rentablesrd.com\/info\/wp-content\/uploads\/2022\/11\/10.png 800w, https:\/\/rentablesrd.com\/info\/wp-content\/uploads\/2022\/11\/10-300x300.png 300w, https:\/\/rentablesrd.com\/info\/wp-content\/uploads\/2022\/11\/10-150x150.png 150w, https:\/\/rentablesrd.com\/info\/wp-content\/uploads\/2022\/11\/10-768x768.png 768w\" sizes=\"(max-width: 800px) 100vw, 800px\" \/><\/figure>\n\n\n\n<figure class=\"wp-block-image size-large\"><img loading=\"lazy\" decoding=\"async\" width=\"953\" height=\"1024\" data-id=\"531\" src=\"https:\/\/rentablesrd.com\/info\/wp-content\/uploads\/2022\/11\/1-953x1024.png\" alt=\"\" class=\"wp-image-531\" srcset=\"https:\/\/rentablesrd.com\/info\/wp-content\/uploads\/2022\/11\/1-953x1024.png 953w, https:\/\/rentablesrd.com\/info\/wp-content\/uploads\/2022\/11\/1-279x300.png 279w, https:\/\/rentablesrd.com\/info\/wp-content\/uploads\/2022\/11\/1-768x825.png 768w, https:\/\/rentablesrd.com\/info\/wp-content\/uploads\/2022\/11\/1.png 1282w\" sizes=\"(max-width: 953px) 100vw, 953px\" \/><\/figure>\n\n\n\n<figure class=\"wp-block-image size-large\"><img loading=\"lazy\" decoding=\"async\" width=\"800\" height=\"800\" data-id=\"428\" src=\"https:\/\/rentablesrd.com\/info\/wp-content\/uploads\/2022\/10\/Bocina-sin-fondo.png\" alt=\"\" class=\"wp-image-428\" srcset=\"https:\/\/rentablesrd.com\/info\/wp-content\/uploads\/2022\/10\/Bocina-sin-fondo.png 800w, https:\/\/rentablesrd.com\/info\/wp-content\/uploads\/2022\/10\/Bocina-sin-fondo-300x300.png 300w, https:\/\/rentablesrd.com\/info\/wp-content\/uploads\/2022\/10\/Bocina-sin-fondo-150x150.png 150w, https:\/\/rentablesrd.com\/info\/wp-content\/uploads\/2022\/10\/Bocina-sin-fondo-768x768.png 768w\" sizes=\"(max-width: 800px) 100vw, 800px\" \/><\/figure>\n\n\n\n<figure class=\"wp-block-image size-large\"><img loading=\"lazy\" decoding=\"async\" width=\"800\" height=\"800\" data-id=\"334\" src=\"https:\/\/rentablesrd.com\/info\/wp-content\/uploads\/2022\/09\/9x9.83BounceHousewithSlideandAirBlower-2-2.webp\" alt=\"\" class=\"wp-image-334\" srcset=\"https:\/\/rentablesrd.com\/info\/wp-content\/uploads\/2022\/09\/9x9.83BounceHousewithSlideandAirBlower-2-2.webp 800w, https:\/\/rentablesrd.com\/info\/wp-content\/uploads\/2022\/09\/9x9.83BounceHousewithSlideandAirBlower-2-2-300x300.webp 300w, https:\/\/rentablesrd.com\/info\/wp-content\/uploads\/2022\/09\/9x9.83BounceHousewithSlideandAirBlower-2-2-150x150.webp 150w, https:\/\/rentablesrd.com\/info\/wp-content\/uploads\/2022\/09\/9x9.83BounceHousewithSlideandAirBlower-2-2-768x768.webp 768w\" sizes=\"(max-width: 800px) 100vw, 800px\" \/><\/figure>\n\n\n\n<figure class=\"wp-block-image size-large\"><img loading=\"lazy\" decoding=\"async\" width=\"800\" height=\"800\" data-id=\"344\" src=\"https:\/\/rentablesrd.com\/info\/wp-content\/uploads\/2022\/09\/Cuadrilatero-4-2.webp\" alt=\"\" class=\"wp-image-344\" srcset=\"https:\/\/rentablesrd.com\/info\/wp-content\/uploads\/2022\/09\/Cuadrilatero-4-2.webp 800w, https:\/\/rentablesrd.com\/info\/wp-content\/uploads\/2022\/09\/Cuadrilatero-4-2-300x300.webp 300w, https:\/\/rentablesrd.com\/info\/wp-content\/uploads\/2022\/09\/Cuadrilatero-4-2-150x150.webp 150w, https:\/\/rentablesrd.com\/info\/wp-content\/uploads\/2022\/09\/Cuadrilatero-4-2-768x768.webp 768w\" sizes=\"(max-width: 800px) 100vw, 800px\" \/><\/figure>\n\n\n\n<figure class=\"wp-block-image size-large\"><img loading=\"lazy\" decoding=\"async\" width=\"800\" height=\"800\" data-id=\"348\" src=\"https:\/\/rentablesrd.com\/info\/wp-content\/uploads\/2022\/09\/RentablesRD-Picaso-2-1.webp\" alt=\"\" class=\"wp-image-348\" srcset=\"https:\/\/rentablesrd.com\/info\/wp-content\/uploads\/2022\/09\/RentablesRD-Picaso-2-1.webp 800w, https:\/\/rentablesrd.com\/info\/wp-content\/uploads\/2022\/09\/RentablesRD-Picaso-2-1-300x300.webp 300w, https:\/\/rentablesrd.com\/info\/wp-content\/uploads\/2022\/09\/RentablesRD-Picaso-2-1-150x150.webp 150w, https:\/\/rentablesrd.com\/info\/wp-content\/uploads\/2022\/09\/RentablesRD-Picaso-2-1-768x768.webp 768w\" sizes=\"(max-width: 800px) 100vw, 800px\" \/><\/figure>\n\n\n\n<figure class=\"wp-block-image size-large\"><img loading=\"lazy\" decoding=\"async\" width=\"800\" height=\"800\" data-id=\"313\" src=\"https:\/\/rentablesrd.com\/info\/wp-content\/uploads\/2022\/09\/Piolin-5.webp\" alt=\"\" class=\"wp-image-313\" srcset=\"https:\/\/rentablesrd.com\/info\/wp-content\/uploads\/2022\/09\/Piolin-5.webp 800w, https:\/\/rentablesrd.com\/info\/wp-content\/uploads\/2022\/09\/Piolin-5-300x300.webp 300w, https:\/\/rentablesrd.com\/info\/wp-content\/uploads\/2022\/09\/Piolin-5-150x150.webp 150w, https:\/\/rentablesrd.com\/info\/wp-content\/uploads\/2022\/09\/Piolin-5-768x768.webp 768w\" sizes=\"(max-width: 800px) 100vw, 800px\" \/><\/figure>\n\n\n\n<figure class=\"wp-block-image size-large\"><img loading=\"lazy\" decoding=\"async\" width=\"800\" height=\"800\" data-id=\"214\" src=\"https:\/\/rentablesrd.com\/info\/wp-content\/uploads\/2022\/09\/BounceHousewithSlide-3-2.webp\" alt=\"\" class=\"wp-image-214\" srcset=\"https:\/\/rentablesrd.com\/info\/wp-content\/uploads\/2022\/09\/BounceHousewithSlide-3-2.webp 800w, https:\/\/rentablesrd.com\/info\/wp-content\/uploads\/2022\/09\/BounceHousewithSlide-3-2-300x300.webp 300w, https:\/\/rentablesrd.com\/info\/wp-content\/uploads\/2022\/09\/BounceHousewithSlide-3-2-150x150.webp 150w, https:\/\/rentablesrd.com\/info\/wp-content\/uploads\/2022\/09\/BounceHousewithSlide-3-2-768x768.webp 768w\" sizes=\"(max-width: 800px) 100vw, 800px\" \/><\/figure>\n\n\n\n<figure class=\"wp-block-image size-large\"><img loading=\"lazy\" decoding=\"async\" width=\"1024\" height=\"1024\" data-id=\"1282\" src=\"https:\/\/rentablesrd.com\/info\/wp-content\/uploads\/2024\/04\/Paquete-Completo-6-1024x1024.jpg\" alt=\"\" class=\"wp-image-1282\" srcset=\"https:\/\/rentablesrd.com\/info\/wp-content\/uploads\/2024\/04\/Paquete-Completo-6-1024x1024.jpg 1024w, https:\/\/rentablesrd.com\/info\/wp-content\/uploads\/2024\/04\/Paquete-Completo-6-300x300.jpg 300w, https:\/\/rentablesrd.com\/info\/wp-content\/uploads\/2024\/04\/Paquete-Completo-6-150x150.jpg 150w, https:\/\/rentablesrd.com\/info\/wp-content\/uploads\/2024\/04\/Paquete-Completo-6-768x768.jpg 768w, https:\/\/rentablesrd.com\/info\/wp-content\/uploads\/2024\/04\/Paquete-Completo-6.jpg 1080w\" sizes=\"(max-width: 1024px) 100vw, 1024px\" \/><\/figure>\n\n\n\n<figure class=\"wp-block-image size-large\"><img loading=\"lazy\" decoding=\"async\" width=\"1024\" height=\"909\" data-id=\"1010\" src=\"https:\/\/rentablesrd.com\/info\/wp-content\/uploads\/2024\/02\/71Rixtdw6L._AC_SL1500_-1024x909.jpg\" alt=\"\" class=\"wp-image-1010\" srcset=\"https:\/\/rentablesrd.com\/info\/wp-content\/uploads\/2024\/02\/71Rixtdw6L._AC_SL1500_-1024x909.jpg 1024w, https:\/\/rentablesrd.com\/info\/wp-content\/uploads\/2024\/02\/71Rixtdw6L._AC_SL1500_-300x266.jpg 300w, https:\/\/rentablesrd.com\/info\/wp-content\/uploads\/2024\/02\/71Rixtdw6L._AC_SL1500_-768x682.jpg 768w, https:\/\/rentablesrd.com\/info\/wp-content\/uploads\/2024\/02\/71Rixtdw6L._AC_SL1500_.jpg 1500w\" sizes=\"(max-width: 1024px) 100vw, 1024px\" \/><\/figure>\n\n\n\n<figure class=\"wp-block-image size-large\"><img loading=\"lazy\" decoding=\"async\" width=\"550\" height=\"550\" data-id=\"1021\" src=\"https:\/\/rentablesrd.com\/info\/wp-content\/uploads\/2024\/02\/FOTO-2.jpg\" alt=\"\" class=\"wp-image-1021\" srcset=\"https:\/\/rentablesrd.com\/info\/wp-content\/uploads\/2024\/02\/FOTO-2.jpg 550w, https:\/\/rentablesrd.com\/info\/wp-content\/uploads\/2024\/02\/FOTO-2-300x300.jpg 300w, https:\/\/rentablesrd.com\/info\/wp-content\/uploads\/2024\/02\/FOTO-2-150x150.jpg 150w\" sizes=\"(max-width: 550px) 100vw, 550px\" \/><\/figure>\n\n\n\n<figure class=\"wp-block-image size-large\"><img loading=\"lazy\" decoding=\"async\" width=\"2560\" height=\"1651\" data-id=\"979\" src=\"https:\/\/rentablesrd.com\/info\/wp-content\/uploads\/2024\/02\/607-h-scaled.webp\" alt=\"\" class=\"wp-image-979\" srcset=\"https:\/\/rentablesrd.com\/info\/wp-content\/uploads\/2024\/02\/607-h-scaled.webp 2560w, https:\/\/rentablesrd.com\/info\/wp-content\/uploads\/2024\/02\/607-h-300x193.webp 300w\" sizes=\"(max-width: 2560px) 100vw, 2560px\" \/><\/figure>\n\n\n\n<figure class=\"wp-block-image size-large\"><img loading=\"lazy\" decoding=\"async\" width=\"1024\" height=\"683\" data-id=\"914\" src=\"https:\/\/rentablesrd.com\/info\/wp-content\/uploads\/2024\/02\/Frozen-Limon-1-1024x683.jpeg\" alt=\"\" class=\"wp-image-914\" srcset=\"https:\/\/rentablesrd.com\/info\/wp-content\/uploads\/2024\/02\/Frozen-Limon-1-1024x683.jpeg 1024w, https:\/\/rentablesrd.com\/info\/wp-content\/uploads\/2024\/02\/Frozen-Limon-1-300x200.jpeg 300w, https:\/\/rentablesrd.com\/info\/wp-content\/uploads\/2024\/02\/Frozen-Limon-1-768x512.jpeg 768w, https:\/\/rentablesrd.com\/info\/wp-content\/uploads\/2024\/02\/Frozen-Limon-1-1536x1024.jpeg 1536w, https:\/\/rentablesrd.com\/info\/wp-content\/uploads\/2024\/02\/Frozen-Limon-1-2048x1366.jpeg 2048w\" sizes=\"(max-width: 1024px) 100vw, 1024px\" \/><figcaption class=\"wp-element-caption\">Refreshing summer drink lime frozen cooler or slushie<\/figcaption><\/figure>\n\n\n\n<figure class=\"wp-block-image size-large\"><img loading=\"lazy\" decoding=\"async\" width=\"1024\" height=\"683\" data-id=\"974\" src=\"https:\/\/rentablesrd.com\/info\/wp-content\/uploads\/2024\/02\/chocolate_strawberries-1024x683.jpg\" alt=\"\" class=\"wp-image-974\" srcset=\"https:\/\/rentablesrd.com\/info\/wp-content\/uploads\/2024\/02\/chocolate_strawberries-1024x683.jpg 1024w, https:\/\/rentablesrd.com\/info\/wp-content\/uploads\/2024\/02\/chocolate_strawberries-300x200.jpg 300w, https:\/\/rentablesrd.com\/info\/wp-content\/uploads\/2024\/02\/chocolate_strawberries-768x512.jpg 768w, https:\/\/rentablesrd.com\/info\/wp-content\/uploads\/2024\/02\/chocolate_strawberries-1536x1024.jpg 1536w, https:\/\/rentablesrd.com\/info\/wp-content\/uploads\/2024\/02\/chocolate_strawberries.jpg 1920w\" sizes=\"(max-width: 1024px) 100vw, 1024px\" \/><\/figure>\n\n\n\n<figure class=\"wp-block-image size-large\"><img loading=\"lazy\" decoding=\"async\" width=\"1024\" height=\"576\" data-id=\"973\" src=\"https:\/\/rentablesrd.com\/info\/wp-content\/uploads\/2024\/02\/fresas-con-chocolate_85ffcd21_1280x720-1024x576.jpg\" alt=\"\" class=\"wp-image-973\" srcset=\"https:\/\/rentablesrd.com\/info\/wp-content\/uploads\/2024\/02\/fresas-con-chocolate_85ffcd21_1280x720-1024x576.jpg 1024w, https:\/\/rentablesrd.com\/info\/wp-content\/uploads\/2024\/02\/fresas-con-chocolate_85ffcd21_1280x720-300x169.jpg 300w, https:\/\/rentablesrd.com\/info\/wp-content\/uploads\/2024\/02\/fresas-con-chocolate_85ffcd21_1280x720-768x432.jpg 768w, https:\/\/rentablesrd.com\/info\/wp-content\/uploads\/2024\/02\/fresas-con-chocolate_85ffcd21_1280x720.jpg 1280w\" sizes=\"(max-width: 1024px) 100vw, 1024px\" \/><\/figure>\n\n\n\n<figure class=\"wp-block-image size-large\"><img loading=\"lazy\" decoding=\"async\" width=\"1024\" height=\"1024\" data-id=\"1163\" src=\"https:\/\/rentablesrd.com\/info\/wp-content\/uploads\/2024\/03\/Frio-Frio-Post-de-Instagram-1024x1024.jpg\" alt=\"\" class=\"wp-image-1163\" srcset=\"https:\/\/rentablesrd.com\/info\/wp-content\/uploads\/2024\/03\/Frio-Frio-Post-de-Instagram-1024x1024.jpg 1024w, https:\/\/rentablesrd.com\/info\/wp-content\/uploads\/2024\/03\/Frio-Frio-Post-de-Instagram-300x300.jpg 300w, https:\/\/rentablesrd.com\/info\/wp-content\/uploads\/2024\/03\/Frio-Frio-Post-de-Instagram-150x150.jpg 150w, https:\/\/rentablesrd.com\/info\/wp-content\/uploads\/2024\/03\/Frio-Frio-Post-de-Instagram-768x768.jpg 768w, https:\/\/rentablesrd.com\/info\/wp-content\/uploads\/2024\/03\/Frio-Frio-Post-de-Instagram.jpg 1080w\" sizes=\"(max-width: 1024px) 100vw, 1024px\" \/><\/figure>\n\n\n\n<figure class=\"wp-block-image size-large\"><img loading=\"lazy\" decoding=\"async\" width=\"813\" height=\"813\" data-id=\"1129\" src=\"https:\/\/rentablesrd.com\/info\/wp-content\/uploads\/2024\/02\/Diseno-sin-titulo-1.png\" alt=\"\" class=\"wp-image-1129\" srcset=\"https:\/\/rentablesrd.com\/info\/wp-content\/uploads\/2024\/02\/Diseno-sin-titulo-1.png 813w, https:\/\/rentablesrd.com\/info\/wp-content\/uploads\/2024\/02\/Diseno-sin-titulo-1-300x300.png 300w, https:\/\/rentablesrd.com\/info\/wp-content\/uploads\/2024\/02\/Diseno-sin-titulo-1-150x150.png 150w, https:\/\/rentablesrd.com\/info\/wp-content\/uploads\/2024\/02\/Diseno-sin-titulo-1-768x768.png 768w\" sizes=\"(max-width: 813px) 100vw, 813px\" \/><\/figure>\n\n\n\n<figure class=\"wp-block-image size-large\"><img loading=\"lazy\" decoding=\"async\" width=\"875\" height=\"875\" data-id=\"1132\" src=\"https:\/\/rentablesrd.com\/info\/wp-content\/uploads\/2024\/02\/Diseno-sin-titulo-2.png\" alt=\"\" class=\"wp-image-1132\" srcset=\"https:\/\/rentablesrd.com\/info\/wp-content\/uploads\/2024\/02\/Diseno-sin-titulo-2.png 875w, https:\/\/rentablesrd.com\/info\/wp-content\/uploads\/2024\/02\/Diseno-sin-titulo-2-300x300.png 300w, https:\/\/rentablesrd.com\/info\/wp-content\/uploads\/2024\/02\/Diseno-sin-titulo-2-150x150.png 150w, https:\/\/rentablesrd.com\/info\/wp-content\/uploads\/2024\/02\/Diseno-sin-titulo-2-768x768.png 768w\" sizes=\"(max-width: 875px) 100vw, 875px\" \/><\/figure>\n<\/figure>\n\n\n\n<div class=\"wp-block-columns is-layout-flex wp-container-core-columns-is-layout-1 wp-block-columns-is-layout-flex\">\n<div class=\"wp-block-column is-layout-flow wp-block-column-is-layout-flow\"><\/div>\n\n\n\n<div class=\"wp-block-column is-layout-flow wp-block-column-is-layout-flow\"><\/div>\n\n\n\n<div class=\"wp-block-column is-layout-flow wp-block-column-is-layout-flow\"><\/div>\n<\/div>\n\n\n<div class=\"wp-block-image\">\n<figure class=\"aligncenter size-large\"><img loading=\"lazy\" decoding=\"async\" width=\"1024\" height=\"1024\" src=\"https:\/\/rentablesrd.com\/info\/wp-content\/uploads\/2024\/04\/Precios-1-1024x1024.jpg\" alt=\"\" class=\"wp-image-1320\" srcset=\"https:\/\/rentablesrd.com\/info\/wp-content\/uploads\/2024\/04\/Precios-1-1024x1024.jpg 1024w, https:\/\/rentablesrd.com\/info\/wp-content\/uploads\/2024\/04\/Precios-1-300x300.jpg 300w, https:\/\/rentablesrd.com\/info\/wp-content\/uploads\/2024\/04\/Precios-1-150x150.jpg 150w, https:\/\/rentablesrd.com\/info\/wp-content\/uploads\/2024\/04\/Precios-1-768x768.jpg 768w, https:\/\/rentablesrd.com\/info\/wp-content\/uploads\/2024\/04\/Precios-1.jpg 1080w\" sizes=\"(max-width: 1024px) 100vw, 1024px\" \/><\/figure><\/div>\n\n\n<div class=\"wp-block-media-text alignwide is-stacked-on-mobile\" style=\"grid-template-columns:34% auto\"><figure class=\"wp-block-media-text__media\"><img loading=\"lazy\" decoding=\"async\" width=\"564\" height=\"1024\" src=\"https:\/\/rentablesrd.com\/info\/wp-content\/uploads\/2023\/12\/Trituradora-564x1024.jpg\" alt=\"\" class=\"wp-image-801 size-full\" srcset=\"https:\/\/rentablesrd.com\/info\/wp-content\/uploads\/2023\/12\/Trituradora-564x1024.jpg 564w, https:\/\/rentablesrd.com\/info\/wp-content\/uploads\/2023\/12\/Trituradora-165x300.jpg 165w, https:\/\/rentablesrd.com\/info\/wp-content\/uploads\/2023\/12\/Trituradora-768x1395.jpg 768w, https:\/\/rentablesrd.com\/info\/wp-content\/uploads\/2023\/12\/Trituradora.jpg 826w\" sizes=\"(max-width: 564px) 100vw, 564px\" \/><\/figure><div class=\"wp-block-media-text__content\">\n<h2 class=\"wp-block-heading\">Maquinas<\/h2>\n\n\n\n<p>Te invitamos a sumergirte en el mundo de las deliciosas sorpresas y los momentos inolvidables que nuestras m\u00e1quinas de palomitas, algod\u00f3n de az\u00faca, frio frio, derretido  y otras creaciones pueden brindarte.<br><br>Adem\u00e1s, para facilitar tu elecci\u00f3n, te invitamos a explorar nuestros atractivos precios, dise\u00f1ados para adaptarse a diferentes presupuestos. Suma un toque de diversi\u00f3n y dulzura a tu pr\u00f3ximo evento, \u00a1descubre los precios y haz de cada momento una verdadera celebraci\u00f3n!<\/p>\n\n\n\n<figure class=\"wp-block-table\"><table><tbody><tr><td><strong>Maquinas<\/strong><\/td><td><strong>Precio por unidad<\/strong><\/td><\/tr><tr><td>Palomtas<\/td><td>RD$ 20<\/td><\/tr><tr><td>Algod\u00f3n de az\u00facar<\/td><td>RD$ 20<\/td><\/tr><tr><td>Frio Frio o Yum Yum<\/td><td>RD$ 60<\/td><\/tr><tr><td>Derretido de chocolate<\/td><td>RD$ 30<\/td><\/tr><\/tbody><\/table><\/figure>\n<\/div><\/div>\n\n\n\n<div class=\"wp-block-media-text alignwide is-stacked-on-mobile\" style=\"grid-template-columns:34% auto\"><figure class=\"wp-block-media-text__media\"><img loading=\"lazy\" decoding=\"async\" width=\"500\" height=\"500\" src=\"https:\/\/rentablesrd.com\/info\/wp-content\/uploads\/2023\/12\/img-c9010438-8542-4b4a-9645-d67916cd298d-sillas-plegables-blanca-blanca-94843.jpg\" alt=\"\" class=\"wp-image-821 size-full\" srcset=\"https:\/\/rentablesrd.com\/info\/wp-content\/uploads\/2023\/12\/img-c9010438-8542-4b4a-9645-d67916cd298d-sillas-plegables-blanca-blanca-94843.jpg 500w, https:\/\/rentablesrd.com\/info\/wp-content\/uploads\/2023\/12\/img-c9010438-8542-4b4a-9645-d67916cd298d-sillas-plegables-blanca-blanca-94843-300x300.jpg 300w, https:\/\/rentablesrd.com\/info\/wp-content\/uploads\/2023\/12\/img-c9010438-8542-4b4a-9645-d67916cd298d-sillas-plegables-blanca-blanca-94843-150x150.jpg 150w\" sizes=\"(max-width: 500px) 100vw, 500px\" \/><\/figure><div class=\"wp-block-media-text__content\">\n<h2 class=\"wp-block-heading\">Mobiliarios<\/h2>\n\n\n\n<p>Bienvenido a un universo de elegancia y comodidad con nuestros exclusivos mobiliarios para eventos. Desde sofisticadas sillas y mesas hasta impactantes decoraciones, nuestro cat\u00e1logo abarca una amplia gama de opciones para transformar tu espacio y hacer de cada ocasi\u00f3n una experiencia inolvidable. <br><br>Te invitamos a descubrir la fusi\u00f3n perfecta entre estilo y funcionalidad al explorar nuestra selecci\u00f3n de mobiliarios dise\u00f1ados para adaptarse a tus necesidades. <br><br>\u00bfQuieres que tu evento destaque con una est\u00e9tica \u00fanica? <br><br>Sum\u00e9rgete en nuestras opciones y descubre c\u00f3mo nuestros mobiliarios pueden elevar el ambiente de tu celebraci\u00f3n. Adem\u00e1s, te invitamos a explorar nuestras atractivas ofertas y descubrir c\u00f3mo la calidad y el estilo pueden ir de la mano a precios irresistibles. \u00a1Haz que tu evento sea inolvidable con nuestros mobiliarios excepcionales!celebraci\u00f3n!<\/p>\n\n\n\n<figure class=\"wp-block-table\"><table><tbody><tr><td><strong>Mobiliarios<\/strong><\/td><td><strong>Precio por unidad<\/strong><\/td><\/tr><tr><td>Sillas sin brazo simple<\/td><td>RD$ 20 pesos <\/td><\/tr><tr><td>Mesas Rectangulares<\/td><td>RD$ 450 pesos <\/td><\/tr><tr><td>Mesas Redondas <\/td><td>RD$ 650 pesos <\/td><\/tr><tr><td>Sillas Jardineras <\/td><td>RD$ 95 pesos <\/td><\/tr><\/tbody><\/table><\/figure>\n<\/div><\/div>\n","protected":false},"excerpt":{"rendered":"<p>Maquinas Te invitamos a sumergirte en el mundo de las deliciosas sorpresas y los momentos inolvidables que nuestras m\u00e1quinas de palomitas, algod\u00f3n de az\u00faca, frio frio, derretido y otras creaciones pueden brindarte. Adem\u00e1s, para facilitar tu elecci\u00f3n, te invitamos a explorar nuestros atractivos precios, dise\u00f1ados para adaptarse a diferentes presupuestos. Suma un toque de diversi\u00f3n [&hellip;]<\/p>\n","protected":false},"author":1,"featured_media":0,"parent":0,"menu_order":0,"comment_status":"closed","ping_status":"closed","template":"","meta":{"hide_page_title":"","om_disable_all_campaigns":false,"_monsterinsights_skip_tracking":false,"_monsterinsights_sitenote_active":false,"_monsterinsights_sitenote_note":"","_monsterinsights_sitenote_category":0,"footnotes":""},"aioseo_notices":[],"_links":{"self":[{"href":"https:\/\/rentablesrd.com\/info\/wp-json\/wp\/v2\/pages\/1122"}],"collection":[{"href":"https:\/\/rentablesrd.com\/info\/wp-json\/wp\/v2\/pages"}],"about":[{"href":"https:\/\/rentablesrd.com\/info\/wp-json\/wp\/v2\/types\/page"}],"author":[{"embeddable":true,"href":"https:\/\/rentablesrd.com\/info\/wp-json\/wp\/v2\/users\/1"}],"replies":[{"embeddable":true,"href":"https:\/\/rentablesrd.com\/info\/wp-json\/wp\/v2\/comments?post=1122"}],"version-history":[{"count":6,"href":"https:\/\/rentablesrd.com\/info\/wp-json\/wp\/v2\/pages\/1122\/revisions"}],"predecessor-version":[{"id":1321,"href":"https:\/\/rentablesrd.com\/info\/wp-json\/wp\/v2\/pages\/1122\/revisions\/1321"}],"wp:attachment":[{"href":"https:\/\/rentablesrd.com\/info\/wp-json\/wp\/v2\/media?parent=1122"}],"curies":[{"name":"wp","href":"https:\/\/api.w.org\/{rel}","templated":true}]}}