{"id":1230,"date":"2024-04-11T18:37:52","date_gmt":"2024-04-11T22:37:52","guid":{"rendered":"https:\/\/rentablesrd.com\/info\/?page_id=1230"},"modified":"2024-04-11T18:37:52","modified_gmt":"2024-04-11T22:37:52","slug":"paquete-dim","status":"publish","type":"page","link":"https:\/\/rentablesrd.com\/info\/paquete-dim\/","title":{"rendered":"Paquete DIM"},"content":{"rendered":"\n<h2 class=\"wp-block-heading has-text-align-center\">Decoraci\u00f3n, Maquinas &amp; Inflables<\/h2>\n\n\n\n<p class=\"has-text-align-center\"><strong> Paquete de RentablesRD  Desde RD$19,999 \ud83c\udf1f\ud83c\udf88\ud83c\udf89 <\/strong><br><strong>\u00a1Reserva Ya y Crea Recuerdos Inolvidables!<\/strong><\/p>\n\n\n\n<div class=\"wp-block-buttons is-content-justification-center is-layout-flex wp-container-core-buttons-is-layout-1 wp-block-buttons-is-layout-flex\">\n<div class=\"wp-block-button\"><a class=\"wp-block-button__link has-text-align-center wp-element-button\" href=\"https:\/\/forms.gle\/AsAkWxfGvrvt3wYz9\">Realiza tu Reserva<\/a><\/div>\n<\/div>\n\n\n\n<div class=\"wp-block-media-text alignwide is-stacked-on-mobile\" style=\"grid-template-columns:31% auto\"><figure class=\"wp-block-media-text__media\"><img loading=\"lazy\" decoding=\"async\" width=\"576\" height=\"1024\" src=\"https:\/\/rentablesrd.com\/info\/wp-content\/uploads\/2024\/03\/Poster-de-Juegos-Inflables-1-576x1024.jpg\" alt=\"\" class=\"wp-image-1159 size-full\" srcset=\"https:\/\/rentablesrd.com\/info\/wp-content\/uploads\/2024\/03\/Poster-de-Juegos-Inflables-1-576x1024.jpg 576w, https:\/\/rentablesrd.com\/info\/wp-content\/uploads\/2024\/03\/Poster-de-Juegos-Inflables-1-169x300.jpg 169w, https:\/\/rentablesrd.com\/info\/wp-content\/uploads\/2024\/03\/Poster-de-Juegos-Inflables-1-768x1365.jpg 768w, https:\/\/rentablesrd.com\/info\/wp-content\/uploads\/2024\/03\/Poster-de-Juegos-Inflables-1-864x1536.jpg 864w, https:\/\/rentablesrd.com\/info\/wp-content\/uploads\/2024\/03\/Poster-de-Juegos-Inflables-1.jpg 1080w\" sizes=\"(max-width: 576px) 100vw, 576px\" \/><\/figure><div class=\"wp-block-media-text__content\">\n<h2 class=\"wp-block-heading\">Juego Inflable <\/h2>\n\n\n\n<p>Diversi\u00f3n segura y emocionante para los m\u00e1s peque\u00f1os! Con este paquete puedes disfrutar de uno de nuestros juego Inflable dise\u00f1ado para ni\u00f1os de 1 a 5 a\u00f1os. Con colores vibrantes y un dise\u00f1o seguro, es la opci\u00f3n perfecta para alegrar cualquier evento infantil. \u00a1Haz que cada d\u00eda sea una aventura para tus peque\u00f1os con nuestro Juego Inflable exclusivo! \ud83c\udf88\ud83d\udc76 #Diversi\u00f3nInfantil #JuegoInflable #RentablesRD\u00bb<br><br>Si deseas un inflable para ni\u00f1os de otras edades, puedes adquirirlo con un costo adicional desde RD$ 2.500 pesos. Si es para ni\u00f1os por encima de los 9 a\u00f1os de edad el costo adicional es desde RD$ 5,600 pesos. <\/p>\n<\/div><\/div>\n\n\n\n<h2 class=\"wp-block-heading has-text-align-center\">+<\/h2>\n\n\n\n<div class=\"wp-block-media-text alignwide is-stacked-on-mobile\" style=\"grid-template-columns:31% auto\"><figure class=\"wp-block-media-text__media\"><img loading=\"lazy\" decoding=\"async\" width=\"495\" height=\"495\" src=\"https:\/\/rentablesrd.com\/info\/wp-content\/uploads\/2022\/09\/maquina-de-palomitas-RentablesRD.png\" alt=\"\" class=\"wp-image-82 size-full\" srcset=\"https:\/\/rentablesrd.com\/info\/wp-content\/uploads\/2022\/09\/maquina-de-palomitas-RentablesRD.png 495w, https:\/\/rentablesrd.com\/info\/wp-content\/uploads\/2022\/09\/maquina-de-palomitas-RentablesRD-300x300.png 300w, https:\/\/rentablesrd.com\/info\/wp-content\/uploads\/2022\/09\/maquina-de-palomitas-RentablesRD-150x150.png 150w\" sizes=\"(max-width: 495px) 100vw, 495px\" \/><\/figure><div class=\"wp-block-media-text__content\">\n<h2 class=\"wp-block-heading\">M\u00e1quina de Palomitas<\/h2>\n\n\n\n<p>Adquiere nuestro exclusivo paquete y lleva la magia del cine a tu hogar! Con RentablesRD, recibir\u00e1s esta incre\u00edble m\u00e1quina de palomitas de ma\u00edz, para la producci\u00f3n de hasta 50 unidades de sobres de palomitas de ma\u00edz.  Dale un toque especial a tus momentos en casa con el aut\u00e9ntico sabor de las palomitas reci\u00e9n hechas. \u00a1Haz que tu d\u00eda sea un festival de sabores con nuestro paquete especial! \ud83c\udf7f\ud83c\udfe1 #CineEnCasa #RentablesRD #SaborExclusivo\u00bb<br><br>Si deseas un sabor diferente como caramelo, mas mantequilloso o sabor a chocolate, tiene un costo adicional de RD$ 20 pesos por unidad. <\/p>\n<\/div><\/div>\n\n\n\n<h2 class=\"wp-block-heading has-text-align-center\">+<\/h2>\n\n\n\n<div class=\"wp-block-media-text alignwide is-stacked-on-mobile\" style=\"grid-template-columns:31% auto\"><figure class=\"wp-block-media-text__media\"><img loading=\"lazy\" decoding=\"async\" width=\"1024\" height=\"1024\" src=\"https:\/\/rentablesrd.com\/info\/wp-content\/uploads\/2023\/06\/us_XMWCMHTJH110V912YV1_original_img-v4_cotton-candy-machine-m100-9-1024x1024.jpg\" alt=\"\" class=\"wp-image-749 size-full\" srcset=\"https:\/\/rentablesrd.com\/info\/wp-content\/uploads\/2023\/06\/us_XMWCMHTJH110V912YV1_original_img-v4_cotton-candy-machine-m100-9-1024x1024.jpg 1024w, https:\/\/rentablesrd.com\/info\/wp-content\/uploads\/2023\/06\/us_XMWCMHTJH110V912YV1_original_img-v4_cotton-candy-machine-m100-9-300x300.jpg 300w, https:\/\/rentablesrd.com\/info\/wp-content\/uploads\/2023\/06\/us_XMWCMHTJH110V912YV1_original_img-v4_cotton-candy-machine-m100-9-150x150.jpg 150w, https:\/\/rentablesrd.com\/info\/wp-content\/uploads\/2023\/06\/us_XMWCMHTJH110V912YV1_original_img-v4_cotton-candy-machine-m100-9-768x768.jpg 768w, https:\/\/rentablesrd.com\/info\/wp-content\/uploads\/2023\/06\/us_XMWCMHTJH110V912YV1_original_img-v4_cotton-candy-machine-m100-9-1536x1536.jpg 1536w, https:\/\/rentablesrd.com\/info\/wp-content\/uploads\/2023\/06\/us_XMWCMHTJH110V912YV1_original_img-v4_cotton-candy-machine-m100-9.jpg 1600w\" sizes=\"(max-width: 1024px) 100vw, 1024px\" \/><\/figure><div class=\"wp-block-media-text__content\">\n<h2 class=\"wp-block-heading\">M\u00e1quina de Algod\u00f3n<\/h2>\n\n\n\n<p>\u00a1Dulzura y diversi\u00f3n directo en tu hogar! Con RentablesRD, al adquirir nuestro paquete exclusivo, recibir\u00e1s una irresistible m\u00e1quina de algod\u00f3n de az\u00facar para la producci\u00f3n de hasta 50 unidades de algodones de az\u00facar.. Transforma tu d\u00eda en un momentos llenos de dulzura. \u00a1Haz que cada rinc\u00f3n de tu hogar sea un festival de sabores con nuestro paquete especial! \ud83c\udf6d\ud83c\udfe0 #Algod\u00f3nDeAz\u00facarEnCasa #RentablesRD #DulceExperiencia\u00bb<br><br>Si deseas un sabores y colores diferente tiene un costo adicional de RD$ 20 pesos por unidad. <\/p>\n<\/div><\/div>\n\n\n\n<h2 class=\"wp-block-heading has-text-align-center\">+<\/h2>\n\n\n\n<div class=\"wp-block-media-text alignwide is-stacked-on-mobile\" style=\"grid-template-columns:31% auto\"><figure class=\"wp-block-media-text__media\"><img loading=\"lazy\" decoding=\"async\" width=\"512\" height=\"512\" src=\"https:\/\/rentablesrd.com\/info\/wp-content\/uploads\/2024\/02\/873269.png\" alt=\"\" class=\"wp-image-1039 size-full\" srcset=\"https:\/\/rentablesrd.com\/info\/wp-content\/uploads\/2024\/02\/873269.png 512w, https:\/\/rentablesrd.com\/info\/wp-content\/uploads\/2024\/02\/873269-300x300.png 300w, https:\/\/rentablesrd.com\/info\/wp-content\/uploads\/2024\/02\/873269-150x150.png 150w\" sizes=\"(max-width: 512px) 100vw, 512px\" \/><\/figure><div class=\"wp-block-media-text__content\">\n<h2 class=\"wp-block-heading\">Decoraci\u00f3n<\/h2>\n\n\n\n<p>Este paquete tiene una decoraci\u00f3n simple, pero elegante. Sin dejar detr\u00e1s lo mas esencial que es un escenario para plasmar las fotograf\u00edas para la posteridad. <\/p>\n\n\n\n<p><\/p>\n\n\n\n<p>\ud83c\udf1f <strong>Mampara Abierta:<\/strong><\/p>\n\n\n\n<ul>\n<li>Una impresionante mampara que establece el tono perfecto para tu celebraci\u00f3n. <\/li>\n<\/ul>\n\n\n\n<p>\ud83c\udf88 <strong>Un Cilindros y un Elevador:<\/strong><\/p>\n\n\n\n<ul>\n<li>Elementos tridimensionales que aportan altura y dimensi\u00f3n a la decoraci\u00f3n. Estrat\u00e9gicamente colocados para crear un entorno visualmente atractivo y din\u00e1mico.<\/li>\n<\/ul>\n\n\n\n<p>\ud83c\udf08 <strong>Medio Arco de Globos con Colores Predeterminados:<\/strong><\/p>\n\n\n\n<ul>\n<li>Medio arcos elegantes que cubre parte de la mampara, creando un escenario perfecto para fotograf\u00edas y m\u00e1s. Tienes 3 paquetes de globos incluidos en este paquete. <\/li>\n<\/ul>\n\n\n\n<p><strong>\ud83c\udf1f<\/strong> <strong>Detalles Tem\u00e1ticos Personalizados:<\/strong> <\/p>\n\n\n\n<ul>\n<li>Cada elemento decorativo est\u00e1 cuidadosamente seleccionado para complementar tu tem\u00e1tica, desde centros de mesa (adicional) hasta detalles espaciales y sorpresas tem\u00e1ticas.<\/li>\n<\/ul>\n<\/div><\/div>\n\n\n\n<h2 class=\"wp-block-heading has-text-align-center\">+<\/h2>\n\n\n\n<div class=\"wp-block-media-text alignwide is-stacked-on-mobile\" style=\"grid-template-columns:31% auto\"><figure class=\"wp-block-media-text__media\"><img loading=\"lazy\" decoding=\"async\" width=\"512\" height=\"512\" src=\"https:\/\/rentablesrd.com\/info\/wp-content\/uploads\/2024\/02\/ec546b3675567e1a22a51bb758e1bf86-ilustracion-de-martillo-decorador-femenino-de-ano-nuevo.png\" alt=\"\" class=\"wp-image-1058 size-full\" srcset=\"https:\/\/rentablesrd.com\/info\/wp-content\/uploads\/2024\/02\/ec546b3675567e1a22a51bb758e1bf86-ilustracion-de-martillo-decorador-femenino-de-ano-nuevo.png 512w, https:\/\/rentablesrd.com\/info\/wp-content\/uploads\/2024\/02\/ec546b3675567e1a22a51bb758e1bf86-ilustracion-de-martillo-decorador-femenino-de-ano-nuevo-300x300.png 300w, https:\/\/rentablesrd.com\/info\/wp-content\/uploads\/2024\/02\/ec546b3675567e1a22a51bb758e1bf86-ilustracion-de-martillo-decorador-femenino-de-ano-nuevo-150x150.png 150w\" sizes=\"(max-width: 512px) 100vw, 512px\" \/><\/figure><div class=\"wp-block-media-text__content\">\n<h2 class=\"wp-block-heading\">Decoradora<\/h2>\n\n\n\n<p>Nuestra decoradora se asegura de que cada detalle est\u00e9 perfectamente ejecutado. Desde la disposici\u00f3n de los globos hasta la colocaci\u00f3n de los centros de mesa, cada elemento contribuye a la cohesi\u00f3n y belleza general del evento.<\/p>\n\n\n\n<p><\/p>\n\n\n\n<p>Con RentablesRD, la decoradora se convierte en la art\u00edfice de tus sue\u00f1os, transformando tu celebraci\u00f3n en una experiencia visualmente impactante y \u00fanica. \u00a1Deja que la magia de la decoraci\u00f3n hable por s\u00ed misma en tu evento con este Paquete<\/p>\n\n\n\n<p><\/p>\n\n\n\n<p>Este servicio lo cubre el paquete durante los 25 minutos previo a la hora acordada por el paquete, previo a ese tiempo el cliente debe solicitar horas extras. <br><br>Si deseas agregar otros servicios con la decoradora, tiene un costo adicional de RD$ 1,500 pesos por hora.  <\/p>\n<\/div><\/div>\n\n\n\n<h2 class=\"wp-block-heading has-text-align-center\">+<\/h2>\n\n\n\n<div class=\"wp-block-media-text alignwide is-stacked-on-mobile\" style=\"grid-template-columns:31% auto\"><figure class=\"wp-block-media-text__media\"><img loading=\"lazy\" decoding=\"async\" width=\"800\" height=\"800\" src=\"https:\/\/rentablesrd.com\/info\/wp-content\/uploads\/2022\/10\/Bocina-sin-fondo.png\" alt=\"\" class=\"wp-image-428 size-full\" srcset=\"https:\/\/rentablesrd.com\/info\/wp-content\/uploads\/2022\/10\/Bocina-sin-fondo.png 800w, https:\/\/rentablesrd.com\/info\/wp-content\/uploads\/2022\/10\/Bocina-sin-fondo-300x300.png 300w, https:\/\/rentablesrd.com\/info\/wp-content\/uploads\/2022\/10\/Bocina-sin-fondo-150x150.png 150w, https:\/\/rentablesrd.com\/info\/wp-content\/uploads\/2022\/10\/Bocina-sin-fondo-768x768.png 768w\" sizes=\"(max-width: 800px) 100vw, 800px\" \/><\/figure><div class=\"wp-block-media-text__content\">\n<h2 class=\"wp-block-heading\">Equipo de Sonido<\/h2>\n\n\n\n<p>\ud83c\udfb5 <strong>Ambiente Vibrante:<\/strong><\/p>\n\n\n\n<p>Bocina para ambientar con tu m\u00fasica favorita. Nuestro equipo de sonido est\u00e1 dise\u00f1ado para llenar tu espacio con melod\u00edas envolventes y crear un ambiente festivo desde el momento en que comienza tu celebraci\u00f3n.<br><\/p>\n\n\n\n<p>\ud83c\udfa4 <strong>Micr\u00f3fono Incluido:<\/strong><\/p>\n\n\n\n<ul>\n<li>Facilitamos la interacci\u00f3n y participaci\u00f3n en tu evento. El micr\u00f3fono incluido permite discursos emocionantes, anuncios especiales y momentos compartidos con todos los asistentes.<\/li>\n<\/ul>\n\n\n\n<p><\/p>\n\n\n\n<p>Al incluir servicios adicionales como DJ, plato de mezclas y opciones de iluminaci\u00f3n, personalizamos tu experiencia sonora para que se adapte perfectamente a tus gustos y estilo. \u00a1Transforma tu celebraci\u00f3n en un espect\u00e1culo completo. <\/p>\n<\/div><\/div>\n\n\n\n<h2 class=\"wp-block-heading has-text-align-center\">+<\/h2>\n\n\n\n<div class=\"wp-block-media-text alignwide is-stacked-on-mobile\" style=\"grid-template-columns:31% auto\"><figure class=\"wp-block-media-text__media\"><img loading=\"lazy\" decoding=\"async\" width=\"512\" height=\"512\" src=\"https:\/\/rentablesrd.com\/info\/wp-content\/uploads\/2024\/02\/43cc80b4c098e43a988c535eaba42c53-icono-de-usuario-de-persona.png\" alt=\"\" class=\"wp-image-1056 size-full\" srcset=\"https:\/\/rentablesrd.com\/info\/wp-content\/uploads\/2024\/02\/43cc80b4c098e43a988c535eaba42c53-icono-de-usuario-de-persona.png 512w, https:\/\/rentablesrd.com\/info\/wp-content\/uploads\/2024\/02\/43cc80b4c098e43a988c535eaba42c53-icono-de-usuario-de-persona-300x300.png 300w, https:\/\/rentablesrd.com\/info\/wp-content\/uploads\/2024\/02\/43cc80b4c098e43a988c535eaba42c53-icono-de-usuario-de-persona-150x150.png 150w\" sizes=\"(max-width: 512px) 100vw, 512px\" \/><\/figure><div class=\"wp-block-media-text__content\">\n<h2 class=\"wp-block-heading\">Personal<\/h2>\n\n\n\n<p>Con este paquete te garantizamos la presencia de dos expertos para hacer de tu evento una experiencia excepcional. <br><br>Decoradora que llegar\u00e1 previo a tu evento para dise\u00f1ar tu decoraci\u00f3n, Una persona experta en las maquinas de palomitas y algod\u00f3n de az\u00facar y tendr\u00e1s una persona en los juegos inflables. \u00a1Conf\u00eda en nuestro equipo para hacer de tu celebraci\u00f3n un momento inolvidable<\/p>\n\n\n\n<p>. <br><br>Si deseas agregar m\u00e1s personas para tu evento, tiene un costo adicional de RD$ 1,500 pesos por persona durante el servicio.  <\/p>\n<\/div><\/div>\n\n\n\n<hr class=\"wp-block-separator has-alpha-channel-opacity\"\/>\n\n\n\n<div class=\"wp-block-media-text alignwide is-stacked-on-mobile\" style=\"grid-template-columns:31% auto\"><figure class=\"wp-block-media-text__media\"><img loading=\"lazy\" decoding=\"async\" width=\"512\" height=\"512\" src=\"https:\/\/rentablesrd.com\/info\/wp-content\/uploads\/2024\/02\/9a09be5ef63a6de6b64039dee5ad414a-icono-de-la-escuela-de-reloj-despertador.png\" alt=\"\" class=\"wp-image-1053 size-full\" srcset=\"https:\/\/rentablesrd.com\/info\/wp-content\/uploads\/2024\/02\/9a09be5ef63a6de6b64039dee5ad414a-icono-de-la-escuela-de-reloj-despertador.png 512w, https:\/\/rentablesrd.com\/info\/wp-content\/uploads\/2024\/02\/9a09be5ef63a6de6b64039dee5ad414a-icono-de-la-escuela-de-reloj-despertador-300x300.png 300w, https:\/\/rentablesrd.com\/info\/wp-content\/uploads\/2024\/02\/9a09be5ef63a6de6b64039dee5ad414a-icono-de-la-escuela-de-reloj-despertador-150x150.png 150w\" sizes=\"(max-width: 512px) 100vw, 512px\" \/><\/figure><div class=\"wp-block-media-text__content\">\n<h2 class=\"wp-block-heading\">Tiempo de uso<\/h2>\n\n\n\n<ol>\n<li>Tiempo de negociaci\u00f3n con el cliente : 45 min<\/li>\n<\/ol>\n\n\n\n<p><strong>CONFIRMACION Y COORDINACI\u00d3N<\/strong><\/p>\n\n\n\n<ol start=\"2\">\n<li>Calendarizaci\u00f3n del evento: 15 minutos<\/li>\n\n\n\n<li>Env\u00edo de pago y confirmaci\u00f3n de reserva a contabilidad: 15 minutos.<\/li>\n<\/ol>\n\n\n\n<ol start=\"5\">\n<li> Coordinaci\u00f3n de paleta de colores y selecci\u00f3n de mobiliario: 45 minutos.<\/li>\n\n\n\n<li>Validaci\u00f3n de suministros en stock: 15 minutos.<\/li>\n\n\n\n<li>Contrataci\u00f3n de personal: 15 minutos.<\/li>\n<\/ol>\n\n\n\n<ol start=\"8\">\n<li>Compra de suministros: 2 horas.<\/li>\n<\/ol>\n\n\n\n<ol start=\"9\">\n<li>Coordinaci\u00f3n de log\u00edstica de entrega: 20 minutos.<\/li>\n\n\n\n<li>Montaje para entrega: 45 minutos.<\/li>\n\n\n\n<li>Llegada al evento: 30 minutos previo a la hora pautada.<\/li>\n\n\n\n<li>Desmonte de mobiliario y colocaci\u00f3n en sitio: 30 minutos.<\/li>\n<\/ol>\n\n\n\n<ol start=\"13\">\n<li>Realizaci\u00f3n de arco de globos y colocaci\u00f3n de decoraci\u00f3n en sitio: 30 min<\/li>\n<\/ol>\n\n\n\n<p>PARA EVENTOS CON MAQUINAS DE COMIDA:<\/p>\n\n\n\n<ol>\n<li>Llegada al evento: 15 a 20 minutos antes de la hora de inicio pautada.<br>2.Encendido de m\u00e1quinas: hora exacta del evento.<br><\/li>\n<\/ol>\n\n\n\n<p><strong>JUEGOS INFLABLES<\/strong><\/p>\n\n\n\n<ol>\n<li>Llegada al evento: 15 a 20 minutos antes de la hora de inicio pautada.<br>2.Encendido de blower: hora exacta del evento.<\/li>\n<\/ol>\n\n\n\n<p><strong>TIEMPO EN EL EVENTO:  <\/strong><\/p>\n\n\n\n<p>Personal: 2 Horas de servicio. <\/p>\n\n\n\n<p>Palomitas: 30 minutos de servicio. <\/p>\n\n\n\n<p>Algod\u00f3n: 30 minutos de servicio. <\/p>\n\n\n\n<p>Juego inflable: Una hora de servicio. <\/p>\n\n\n\n<p>Bocina: Dos horas de servicio. <\/p>\n\n\n\n<p><\/p>\n\n\n\n<p><\/p>\n\n\n\n<p>NOTA nuestros mobiliarios y decoraciones son retirados el mismo d\u00eda. Concluida las horas pautadas de reserva. <\/p>\n\n\n\n<p><\/p>\n\n\n\n<p><\/p>\n\n\n\n<p><\/p>\n\n\n\n<p>Si deseas agregar mas tiempo de uso del paquete, tiene un costo adicional de <br>RD$ 7,000 pesos por hora pagados 48 antes del evento, si paga el mismo d\u00eda del evento tiene un costo adicional de RD$ 10,000 pesos.  <\/p>\n<\/div><\/div>\n\n\n\n<hr class=\"wp-block-separator has-alpha-channel-opacity\"\/>\n\n\n\n<div class=\"wp-block-media-text alignwide is-stacked-on-mobile\" style=\"grid-template-columns:31% auto\"><figure class=\"wp-block-media-text__media\"><img loading=\"lazy\" decoding=\"async\" width=\"724\" height=\"1024\" src=\"https:\/\/rentablesrd.com\/info\/wp-content\/uploads\/2024\/04\/Flyer-Pinta-Caritas-Infantil-Colorido-2-724x1024.png\" alt=\"\" class=\"wp-image-1217 size-full\" srcset=\"https:\/\/rentablesrd.com\/info\/wp-content\/uploads\/2024\/04\/Flyer-Pinta-Caritas-Infantil-Colorido-2-724x1024.png 724w, https:\/\/rentablesrd.com\/info\/wp-content\/uploads\/2024\/04\/Flyer-Pinta-Caritas-Infantil-Colorido-2-212x300.png 212w, https:\/\/rentablesrd.com\/info\/wp-content\/uploads\/2024\/04\/Flyer-Pinta-Caritas-Infantil-Colorido-2-768x1086.png 768w, https:\/\/rentablesrd.com\/info\/wp-content\/uploads\/2024\/04\/Flyer-Pinta-Caritas-Infantil-Colorido-2-1086x1536.png 1086w, https:\/\/rentablesrd.com\/info\/wp-content\/uploads\/2024\/04\/Flyer-Pinta-Caritas-Infantil-Colorido-2.png 1414w\" sizes=\"(max-width: 724px) 100vw, 724px\" \/><\/figure><div class=\"wp-block-media-text__content\">\n<h2 class=\"wp-block-heading\">Pagos<\/h2>\n\n\n\n<p>Este Paquete tiene un costo de RD$ 19,999 pesos<br>Puedes reservar con RD$ 6,600 pesos.<\/p>\n\n\n\n<p>Deposito Reembolsable de RD$ 2,000 pesos.<br>Pago Total con el Rembolsable de RD$ 21,999 pesos.<\/p>\n\n\n\n<p>El pago total debe ser saldado 72 horas previas al evento.<\/p>\n<\/div><\/div>\n\n\n\n<hr class=\"wp-block-separator has-alpha-channel-opacity\"\/>\n\n\n\n<div class=\"wp-block-media-text alignwide is-stacked-on-mobile\" style=\"grid-template-columns:31% auto\"><figure class=\"wp-block-media-text__media\"><img loading=\"lazy\" decoding=\"async\" width=\"875\" height=\"875\" src=\"https:\/\/rentablesrd.com\/info\/wp-content\/uploads\/2024\/02\/Diseno-sin-titulo-2.png\" alt=\"\" class=\"wp-image-1132 size-full\" srcset=\"https:\/\/rentablesrd.com\/info\/wp-content\/uploads\/2024\/02\/Diseno-sin-titulo-2.png 875w, https:\/\/rentablesrd.com\/info\/wp-content\/uploads\/2024\/02\/Diseno-sin-titulo-2-300x300.png 300w, https:\/\/rentablesrd.com\/info\/wp-content\/uploads\/2024\/02\/Diseno-sin-titulo-2-150x150.png 150w, https:\/\/rentablesrd.com\/info\/wp-content\/uploads\/2024\/02\/Diseno-sin-titulo-2-768x768.png 768w\" sizes=\"(max-width: 875px) 100vw, 875px\" \/><\/figure><div class=\"wp-block-media-text__content\">\n<h2 class=\"wp-block-heading\">Transporte <\/h2>\n\n\n\n<p>El paquete tiene el servicio de transporte incluido a una distancia de 5 Kil\u00f3metros o que nos exceda el tiempo de treinta minutos para llegar al destino. Consulta con nuestro representante para estimar el tiempo de transporte para llegar al lugar del evento.<\/p>\n\n\n\n<p>Si es superior al mismo, puede tener un costo adicional.<\/p>\n<\/div><\/div>\n\n\n\n<hr class=\"wp-block-separator has-alpha-channel-opacity\"\/>\n\n\n\n<div class=\"wp-block-media-text alignwide is-stacked-on-mobile\" style=\"grid-template-columns:31% auto\"><figure class=\"wp-block-media-text__media\"><img loading=\"lazy\" decoding=\"async\" width=\"512\" height=\"512\" src=\"https:\/\/rentablesrd.com\/info\/wp-content\/uploads\/2024\/02\/icone-de-lettre-d-information-i-rouge.png\" alt=\"\" class=\"wp-image-1051 size-full\" srcset=\"https:\/\/rentablesrd.com\/info\/wp-content\/uploads\/2024\/02\/icone-de-lettre-d-information-i-rouge.png 512w, https:\/\/rentablesrd.com\/info\/wp-content\/uploads\/2024\/02\/icone-de-lettre-d-information-i-rouge-300x300.png 300w, https:\/\/rentablesrd.com\/info\/wp-content\/uploads\/2024\/02\/icone-de-lettre-d-information-i-rouge-150x150.png 150w\" sizes=\"(max-width: 512px) 100vw, 512px\" \/><\/figure><div class=\"wp-block-media-text__content\">\n<h2 class=\"wp-block-heading\">Otras informaciones<\/h2>\n\n\n\n<p>Oferta Exclusiva: Sujeta a Disponibilidad. <br>\u00a1Edici\u00f3n Regular! <br><br>15 ni\u00f1os m\u00e1ximo recomendados<br>20 adultos m\u00e1ximo recomendado<\/p>\n<\/div><\/div>\n","protected":false},"excerpt":{"rendered":"<p>Decoraci\u00f3n, Maquinas &amp; Inflables Paquete de RentablesRD Desde RD$19,999 \ud83c\udf1f\ud83c\udf88\ud83c\udf89 \u00a1Reserva Ya y Crea Recuerdos Inolvidables! Juego Inflable Diversi\u00f3n segura y emocionante para los m\u00e1s peque\u00f1os! Con este paquete puedes disfrutar de uno de nuestros juego Inflable dise\u00f1ado para ni\u00f1os de 1 a 5 a\u00f1os. Con colores vibrantes y un dise\u00f1o seguro, es la opci\u00f3n [&hellip;]<\/p>\n","protected":false},"author":1,"featured_media":0,"parent":0,"menu_order":0,"comment_status":"closed","ping_status":"closed","template":"","meta":{"hide_page_title":"","om_disable_all_campaigns":false,"_monsterinsights_skip_tracking":false,"_monsterinsights_sitenote_active":false,"_monsterinsights_sitenote_note":"","_monsterinsights_sitenote_category":0,"footnotes":""},"aioseo_notices":[],"_links":{"self":[{"href":"https:\/\/rentablesrd.com\/info\/wp-json\/wp\/v2\/pages\/1230"}],"collection":[{"href":"https:\/\/rentablesrd.com\/info\/wp-json\/wp\/v2\/pages"}],"about":[{"href":"https:\/\/rentablesrd.com\/info\/wp-json\/wp\/v2\/types\/page"}],"author":[{"embeddable":true,"href":"https:\/\/rentablesrd.com\/info\/wp-json\/wp\/v2\/users\/1"}],"replies":[{"embeddable":true,"href":"https:\/\/rentablesrd.com\/info\/wp-json\/wp\/v2\/comments?post=1230"}],"version-history":[{"count":1,"href":"https:\/\/rentablesrd.com\/info\/wp-json\/wp\/v2\/pages\/1230\/revisions"}],"predecessor-version":[{"id":1232,"href":"https:\/\/rentablesrd.com\/info\/wp-json\/wp\/v2\/pages\/1230\/revisions\/1232"}],"wp:attachment":[{"href":"https:\/\/rentablesrd.com\/info\/wp-json\/wp\/v2\/media?parent=1230"}],"curies":[{"name":"wp","href":"https:\/\/api.w.org\/{rel}","templated":true}]}}