{"id":126,"date":"2022-09-09T13:07:27","date_gmt":"2022-09-09T13:07:27","guid":{"rendered":"https:\/\/rentablesrd.com\/info\/?page_id=126"},"modified":"2023-06-19T22:13:40","modified_gmt":"2023-06-19T22:13:40","slug":"cateto","status":"publish","type":"page","link":"https:\/\/rentablesrd.com\/info\/cateto\/","title":{"rendered":"Cateto"},"content":{"rendered":"\n<h2 class=\"wp-block-heading has-text-align-center\">Hola, Yo soy Cateto<\/h2>\n\n\n\n<p class=\"has-text-align-center\">Mis due\u00f1os me han llamado cateto debido a que no me parezco a la hipotenusa, puedes solicitarme y te aseguro que har\u00e9 a toda persona que me use. <\/p>\n\n\n\n<div class=\"wp-block-button aligncenter\"><a class=\"wp-block-button__link wp-element-button\" href=\"https:\/\/api.whatsapp.com\/send?phone=18097173399&amp;text=Hola%20*RentablesRD*%20me%20interesa%20adquirir%20el%20inflable%20*Cateto*;%20tienen%20disponibilidad%20para%20la%20fecha%20\">Solic\u00edtame aqu\u00ed<\/a><\/div>\n\n\n\n<figure class=\"wp-block-gallery alignwide has-nested-images columns-default is-cropped wp-block-gallery-1 is-layout-flex wp-block-gallery-is-layout-flex\">\n<figure class=\"wp-block-image size-large\"><img loading=\"lazy\" decoding=\"async\" width=\"800\" height=\"800\" data-id=\"127\" src=\"https:\/\/rentablesrd.com\/info\/wp-content\/uploads\/2022\/09\/Rentables-RD-Cateto-7-2.webp\" alt=\"\" class=\"wp-image-127\" srcset=\"https:\/\/rentablesrd.com\/info\/wp-content\/uploads\/2022\/09\/Rentables-RD-Cateto-7-2.webp 800w, https:\/\/rentablesrd.com\/info\/wp-content\/uploads\/2022\/09\/Rentables-RD-Cateto-7-2-300x300.webp 300w, https:\/\/rentablesrd.com\/info\/wp-content\/uploads\/2022\/09\/Rentables-RD-Cateto-7-2-150x150.webp 150w, https:\/\/rentablesrd.com\/info\/wp-content\/uploads\/2022\/09\/Rentables-RD-Cateto-7-2-768x768.webp 768w\" sizes=\"(max-width: 800px) 100vw, 800px\" \/><\/figure>\n\n\n\n<figure class=\"wp-block-image size-large\"><img loading=\"lazy\" decoding=\"async\" width=\"800\" height=\"800\" data-id=\"129\" src=\"https:\/\/rentablesrd.com\/info\/wp-content\/uploads\/2022\/09\/Rentables-RD-Cateto-2-4.webp\" alt=\"\" class=\"wp-image-129\" srcset=\"https:\/\/rentablesrd.com\/info\/wp-content\/uploads\/2022\/09\/Rentables-RD-Cateto-2-4.webp 800w, https:\/\/rentablesrd.com\/info\/wp-content\/uploads\/2022\/09\/Rentables-RD-Cateto-2-4-300x300.webp 300w, https:\/\/rentablesrd.com\/info\/wp-content\/uploads\/2022\/09\/Rentables-RD-Cateto-2-4-150x150.webp 150w, https:\/\/rentablesrd.com\/info\/wp-content\/uploads\/2022\/09\/Rentables-RD-Cateto-2-4-768x768.webp 768w\" sizes=\"(max-width: 800px) 100vw, 800px\" \/><\/figure>\n\n\n\n<figure class=\"wp-block-image size-large\"><img loading=\"lazy\" decoding=\"async\" width=\"800\" height=\"800\" data-id=\"128\" src=\"https:\/\/rentablesrd.com\/info\/wp-content\/uploads\/2022\/09\/Rentables-RD-Cateto-1-3.webp\" alt=\"\" class=\"wp-image-128\" srcset=\"https:\/\/rentablesrd.com\/info\/wp-content\/uploads\/2022\/09\/Rentables-RD-Cateto-1-3.webp 800w, https:\/\/rentablesrd.com\/info\/wp-content\/uploads\/2022\/09\/Rentables-RD-Cateto-1-3-300x300.webp 300w, https:\/\/rentablesrd.com\/info\/wp-content\/uploads\/2022\/09\/Rentables-RD-Cateto-1-3-150x150.webp 150w, https:\/\/rentablesrd.com\/info\/wp-content\/uploads\/2022\/09\/Rentables-RD-Cateto-1-3-768x768.webp 768w\" sizes=\"(max-width: 800px) 100vw, 800px\" \/><\/figure>\n<\/figure>\n\n\n\n<div class=\"wp-block-columns is-layout-flex wp-container-core-columns-is-layout-1 wp-block-columns-is-layout-flex\">\n<div class=\"wp-block-column is-layout-flow wp-block-column-is-layout-flow\" style=\"flex-basis:66.66%\">\n<p>Combina nuestro inflable cateto con la maquina de palomitas &amp; maquina de Algod\u00f3n para una mayor experiencia de uso. <\/p>\n<\/div>\n\n\n\n<div class=\"wp-block-column is-layout-flow wp-block-column-is-layout-flow\" style=\"flex-basis:33.33%\">\n<h2 class=\"wp-block-heading\">$3,000<\/h2>\n<\/div>\n<\/div>\n\n\n\n<figure class=\"wp-block-gallery alignfull has-nested-images columns-default is-cropped wp-block-gallery-2 is-layout-flex wp-block-gallery-is-layout-flex\">\n<figure class=\"wp-block-image size-large\"><img loading=\"lazy\" decoding=\"async\" width=\"800\" height=\"800\" data-id=\"135\" src=\"https:\/\/rentablesrd.com\/info\/wp-content\/uploads\/2022\/09\/Rentables-RD-Cateto-3-2.webp\" alt=\"\" class=\"wp-image-135\" srcset=\"https:\/\/rentablesrd.com\/info\/wp-content\/uploads\/2022\/09\/Rentables-RD-Cateto-3-2.webp 800w, https:\/\/rentablesrd.com\/info\/wp-content\/uploads\/2022\/09\/Rentables-RD-Cateto-3-2-300x300.webp 300w, https:\/\/rentablesrd.com\/info\/wp-content\/uploads\/2022\/09\/Rentables-RD-Cateto-3-2-150x150.webp 150w, https:\/\/rentablesrd.com\/info\/wp-content\/uploads\/2022\/09\/Rentables-RD-Cateto-3-2-768x768.webp 768w\" sizes=\"(max-width: 800px) 100vw, 800px\" \/><\/figure>\n\n\n\n<figure class=\"wp-block-image size-full\"><img loading=\"lazy\" decoding=\"async\" width=\"800\" height=\"800\" data-id=\"138\" src=\"https:\/\/rentablesrd.com\/info\/wp-content\/uploads\/2022\/09\/Rentables-RD-Cateto-6-4.webp\" alt=\"\" class=\"wp-image-138\" srcset=\"https:\/\/rentablesrd.com\/info\/wp-content\/uploads\/2022\/09\/Rentables-RD-Cateto-6-4.webp 800w, https:\/\/rentablesrd.com\/info\/wp-content\/uploads\/2022\/09\/Rentables-RD-Cateto-6-4-300x300.webp 300w, https:\/\/rentablesrd.com\/info\/wp-content\/uploads\/2022\/09\/Rentables-RD-Cateto-6-4-150x150.webp 150w, https:\/\/rentablesrd.com\/info\/wp-content\/uploads\/2022\/09\/Rentables-RD-Cateto-6-4-768x768.webp 768w\" sizes=\"(max-width: 800px) 100vw, 800px\" \/><\/figure>\n\n\n\n<figure class=\"wp-block-image size-large\"><img loading=\"lazy\" decoding=\"async\" width=\"800\" height=\"800\" data-id=\"134\" src=\"https:\/\/rentablesrd.com\/info\/wp-content\/uploads\/2022\/09\/Rentables-RD-Cateto-5-4.webp\" alt=\"\" class=\"wp-image-134\" srcset=\"https:\/\/rentablesrd.com\/info\/wp-content\/uploads\/2022\/09\/Rentables-RD-Cateto-5-4.webp 800w, https:\/\/rentablesrd.com\/info\/wp-content\/uploads\/2022\/09\/Rentables-RD-Cateto-5-4-300x300.webp 300w, https:\/\/rentablesrd.com\/info\/wp-content\/uploads\/2022\/09\/Rentables-RD-Cateto-5-4-150x150.webp 150w, https:\/\/rentablesrd.com\/info\/wp-content\/uploads\/2022\/09\/Rentables-RD-Cateto-5-4-768x768.webp 768w\" sizes=\"(max-width: 800px) 100vw, 800px\" \/><\/figure>\n\n\n\n<figure class=\"wp-block-image size-full\"><img loading=\"lazy\" decoding=\"async\" width=\"800\" height=\"800\" data-id=\"137\" src=\"https:\/\/rentablesrd.com\/info\/wp-content\/uploads\/2022\/09\/Rentables-RD-Cateto-4-5.webp\" alt=\"\" class=\"wp-image-137\" srcset=\"https:\/\/rentablesrd.com\/info\/wp-content\/uploads\/2022\/09\/Rentables-RD-Cateto-4-5.webp 800w, https:\/\/rentablesrd.com\/info\/wp-content\/uploads\/2022\/09\/Rentables-RD-Cateto-4-5-300x300.webp 300w, https:\/\/rentablesrd.com\/info\/wp-content\/uploads\/2022\/09\/Rentables-RD-Cateto-4-5-150x150.webp 150w, https:\/\/rentablesrd.com\/info\/wp-content\/uploads\/2022\/09\/Rentables-RD-Cateto-4-5-768x768.webp 768w\" sizes=\"(max-width: 800px) 100vw, 800px\" \/><\/figure>\n<\/figure>\n\n\n\n<div class=\"wp-block-columns alignwide is-layout-flex wp-container-core-columns-is-layout-2 wp-block-columns-is-layout-flex\">\n<div class=\"wp-block-column is-layout-flow wp-block-column-is-layout-flow\">\n<h3 class=\"wp-block-heading\">Informaci\u00f3n<\/h3>\n\n\n\n<p>Este castillo posee ciertas dificultades para la diversi\u00f3n de los peque\u00f1os, por tal motivo su uso es para ni\u00f1os o ni\u00f1as de 3 a\u00f1os en adelante. Con una pared para escalar y su tobog\u00e1n como premio por la escalada hacen de este inflable perfecto para desarrollar ciertas habilidades en nuestros peque\u00f1os. <\/p>\n\n\n\n<p><\/p>\n\n\n\n<p>En nuestra empresa frecuentemente estamos creando combinaciones adecuadas para disminuir costo a nuestros clientes, antes de tomar una decisi\u00f3n pide asesor\u00edas a nuestros representantes de ventas.<br><\/p>\n<\/div>\n\n\n\n<div class=\"wp-block-column is-layout-flow wp-block-column-is-layout-flow\">\n<h3 class=\"wp-block-heading\">Precios<\/h3>\n\n\n\n<p>El costo de los servicios son determinados por las horas de uso, cada inflable tiene un costo particular. . El precio puede variar por ofertas de temporada.<\/p>\n\n\n\n<p><\/p>\n\n\n\n<p><strong>Este inflable es categor\u00eda 12<\/strong><\/p>\n<\/div>\n<\/div>\n\n\n\n<div class=\"wp-block-columns alignfull has-text-color has-background is-layout-flex wp-container-core-columns-is-layout-3 wp-block-columns-is-layout-flex\" style=\"color:#000000;background-color:#ffffff\">\n<div class=\"wp-block-column is-layout-flow wp-block-column-is-layout-flow\">\n<h3 class=\"wp-block-heading\" style=\"font-size:24px;line-height:1.3\"><a href=\"https:\/\/rentablesrd.com\/info\/politicas\" data-type=\"URL\" data-id=\"https:\/\/rentablesrd.com\/info\/politicas\">Politicas \u2197<\/a><\/h3>\n\n\n\n<p>En politicas observa todo lo que somos y como lo hacemos, desde tu reserva hasta recibir nuestros servicios..<\/p>\n<\/div>\n\n\n\n<div class=\"wp-block-column is-layout-flow wp-block-column-is-layout-flow\">\n<h3 class=\"wp-block-heading\" style=\"font-size:24px;line-height:1.3\"><a href=\"https:\/\/rentablesrd.com\/info\/normasyprocedimientos\/\" data-type=\"URL\" data-id=\"https:\/\/rentablesrd.com\/info\/normasyprocedimientos\/\">Normas \u2197<\/a><\/h3>\n\n\n\n<p>A la manera rentablesRD; de una manera segura, confiable, respetuosa y digna para que nuestros ni\u00f1os se diviertan sanamente. <\/p>\n<\/div>\n\n\n\n<div class=\"wp-block-column is-layout-flow wp-block-column-is-layout-flow\">\n<h3 class=\"wp-block-heading\" style=\"font-size:24px;line-height:1.3\"><a href=\"https:\/\/rentablesrd.com\/info\/categoria\/\" data-type=\"URL\" data-id=\"https:\/\/rentablesrd.com\/info\/categoria\/\">Precios \u2197<\/a><\/h3>\n\n\n\n<p>Para conocer el precio de este inflabe debe visitar nuestra pagina de precios y observar el costo de temporada de la categoria 12.<\/p>\n<\/div>\n<\/div>\n","protected":false},"excerpt":{"rendered":"<p>Hola, Yo soy Cateto Mis due\u00f1os me han llamado cateto debido a que no me parezco a la hipotenusa, puedes solicitarme y te aseguro que har\u00e9 a toda persona que me use. Combina nuestro inflable cateto con la maquina de palomitas &amp; maquina de Algod\u00f3n para una mayor experiencia de uso. $3,000 Informaci\u00f3n Este castillo [&hellip;]<\/p>\n","protected":false},"author":1,"featured_media":0,"parent":0,"menu_order":0,"comment_status":"closed","ping_status":"closed","template":"","meta":{"hide_page_title":"","om_disable_all_campaigns":false,"_monsterinsights_skip_tracking":false,"_monsterinsights_sitenote_active":false,"_monsterinsights_sitenote_note":"","_monsterinsights_sitenote_category":0,"footnotes":""},"aioseo_notices":[],"_links":{"self":[{"href":"https:\/\/rentablesrd.com\/info\/wp-json\/wp\/v2\/pages\/126"}],"collection":[{"href":"https:\/\/rentablesrd.com\/info\/wp-json\/wp\/v2\/pages"}],"about":[{"href":"https:\/\/rentablesrd.com\/info\/wp-json\/wp\/v2\/types\/page"}],"author":[{"embeddable":true,"href":"https:\/\/rentablesrd.com\/info\/wp-json\/wp\/v2\/users\/1"}],"replies":[{"embeddable":true,"href":"https:\/\/rentablesrd.com\/info\/wp-json\/wp\/v2\/comments?post=126"}],"version-history":[{"count":8,"href":"https:\/\/rentablesrd.com\/info\/wp-json\/wp\/v2\/pages\/126\/revisions"}],"predecessor-version":[{"id":758,"href":"https:\/\/rentablesrd.com\/info\/wp-json\/wp\/v2\/pages\/126\/revisions\/758"}],"wp:attachment":[{"href":"https:\/\/rentablesrd.com\/info\/wp-json\/wp\/v2\/media?parent=126"}],"curies":[{"name":"wp","href":"https:\/\/api.w.org\/{rel}","templated":true}]}}