{"id":1338,"date":"2024-04-23T19:26:59","date_gmt":"2024-04-23T23:26:59","guid":{"rendered":"https:\/\/rentablesrd.com\/info\/?page_id=1338"},"modified":"2024-06-08T22:29:52","modified_gmt":"2024-06-09T02:29:52","slug":"desafio","status":"publish","type":"page","link":"https:\/\/rentablesrd.com\/info\/desafio\/","title":{"rendered":"Desaf\u00edo"},"content":{"rendered":"\n<h2 class=\"wp-block-heading has-text-align-center\">Hola, Yo soy Desaf\u00edo<\/h2>\n\n\n\n<p class=\"has-text-align-center\">Mis due\u00f1os me han llamado desaf\u00edo debido a que en mi interior, debes pasar ciertos desaf\u00edos para ganarte el premio de lanzarte de mi tobog\u00e1n puedes solicitarme y te aseguro que provocar\u00e9 diversi\u00f3n a toda persona que me use. <\/p>\n\n\n\n<div class=\"wp-block-button aligncenter\"><a class=\"wp-block-button__link wp-element-button\" href=\"https:\/\/api.whatsapp.com\/send?phone=18097173399&amp;text=Hola%20*RentablesRD*%20me%20interesa%20adquirir%20el%20inflable%20*Desaf\u00edo*;%20tienen%20disponibilidad%20para%20la%20fecha%20\">Solic\u00edtame aqu\u00ed<\/a><\/div>\n\n\n\n<figure class=\"wp-block-gallery alignwide has-nested-images columns-default is-cropped wp-block-gallery-1 is-layout-flex wp-block-gallery-is-layout-flex\">\n<figure class=\"wp-block-image size-large\"><img loading=\"lazy\" decoding=\"async\" width=\"1024\" height=\"1024\" data-id=\"1346\" src=\"https:\/\/rentablesrd.com\/info\/wp-content\/uploads\/2024\/04\/Camino-de-inflable-con-obstaculo-2-2-1024x1024.jpg\" alt=\"\" class=\"wp-image-1346\" srcset=\"https:\/\/rentablesrd.com\/info\/wp-content\/uploads\/2024\/04\/Camino-de-inflable-con-obstaculo-2-2-1024x1024.jpg 1024w, https:\/\/rentablesrd.com\/info\/wp-content\/uploads\/2024\/04\/Camino-de-inflable-con-obstaculo-2-2-300x300.jpg 300w, https:\/\/rentablesrd.com\/info\/wp-content\/uploads\/2024\/04\/Camino-de-inflable-con-obstaculo-2-2-150x150.jpg 150w, https:\/\/rentablesrd.com\/info\/wp-content\/uploads\/2024\/04\/Camino-de-inflable-con-obstaculo-2-2-768x768.jpg 768w, https:\/\/rentablesrd.com\/info\/wp-content\/uploads\/2024\/04\/Camino-de-inflable-con-obstaculo-2-2.jpg 1500w\" sizes=\"(max-width: 1024px) 100vw, 1024px\" \/><\/figure>\n\n\n\n<figure class=\"wp-block-image size-large\"><img loading=\"lazy\" decoding=\"async\" width=\"1024\" height=\"1024\" data-id=\"1343\" src=\"https:\/\/rentablesrd.com\/info\/wp-content\/uploads\/2024\/04\/Inflables-de-Obstaculos-pagina-web-sin-fondo-1024x1024.jpg\" alt=\"\" class=\"wp-image-1343\" srcset=\"https:\/\/rentablesrd.com\/info\/wp-content\/uploads\/2024\/04\/Inflables-de-Obstaculos-pagina-web-sin-fondo-1024x1024.jpg 1024w, https:\/\/rentablesrd.com\/info\/wp-content\/uploads\/2024\/04\/Inflables-de-Obstaculos-pagina-web-sin-fondo-300x300.jpg 300w, https:\/\/rentablesrd.com\/info\/wp-content\/uploads\/2024\/04\/Inflables-de-Obstaculos-pagina-web-sin-fondo-150x150.jpg 150w, https:\/\/rentablesrd.com\/info\/wp-content\/uploads\/2024\/04\/Inflables-de-Obstaculos-pagina-web-sin-fondo-768x768.jpg 768w, https:\/\/rentablesrd.com\/info\/wp-content\/uploads\/2024\/04\/Inflables-de-Obstaculos-pagina-web-sin-fondo.jpg 1500w\" sizes=\"(max-width: 1024px) 100vw, 1024px\" \/><\/figure>\n<\/figure>\n\n\n\n<div class=\"wp-block-columns alignwide is-layout-flex wp-container-core-columns-is-layout-1 wp-block-columns-is-layout-flex\">\n<div class=\"wp-block-column is-layout-flow wp-block-column-is-layout-flow\">\n<h3 class=\"wp-block-heading\">Informaci\u00f3n<\/h3>\n\n\n\n<p>Este castillo posee ciertas dificultades para la diversi\u00f3n de los peque\u00f1os, por tal motivo su uso es para ni\u00f1os o ni\u00f1as de 3 a\u00f1os en adelante. Con un camino lleno de obst\u00e1culos y su tobog\u00e1n como premio por la escalada hacen de este inflable perfecto para desarrollar ciertas habilidades en nuestros peque\u00f1os. <\/p>\n\n\n\n<p><\/p>\n\n\n\n<h2 class=\"wp-block-heading\">Dimensiones<\/h2>\n\n\n\n<p><strong>Altura plataforma:  <\/strong>8 pies o 2.4 metros<br><strong>Largo: <\/strong>29 pies o 8.8 metros <br><strong>Alto: <\/strong>16 Pies o 4.8 metros <br><strong>Horizontal<\/strong>: 16 pies o 4.8 metros <\/p>\n\n\n\n<p><strong>Peso: <\/strong>496 libras <br><br><strong>Altura minima de usuario:<\/strong> 42 Pulgadas o 3.5 pies <\/p>\n\n\n\n<p><strong>Peso m\u00e1ximo de usuario<\/strong>: 250 Libras <br><br><\/p>\n\n\n\n<p><\/p>\n<\/div>\n<\/div>\n\n\n\n<div class=\"wp-block-columns alignfull has-text-color has-background is-layout-flex wp-container-core-columns-is-layout-2 wp-block-columns-is-layout-flex\" style=\"color:#000000;background-color:#ffffff\">\n<div class=\"wp-block-column is-layout-flow wp-block-column-is-layout-flow\">\n<h3 class=\"wp-block-heading\" style=\"font-size:24px;line-height:1.3\"><a href=\"https:\/\/rentablesrd.com\/info\/politicas\" data-type=\"URL\" data-id=\"https:\/\/rentablesrd.com\/info\/politicas\">Politicas \u2197<\/a><\/h3>\n\n\n\n<p>En politicas observa todo lo que somos y como lo hacemos, desde tu reserva hasta recibir nuestros servicios..<\/p>\n<\/div>\n\n\n\n<div class=\"wp-block-column is-layout-flow wp-block-column-is-layout-flow\">\n<h3 class=\"wp-block-heading\" style=\"font-size:24px;line-height:1.3\"><a href=\"https:\/\/rentablesrd.com\/info\/normasyprocedimientos\/\" data-type=\"URL\" data-id=\"https:\/\/rentablesrd.com\/info\/normasyprocedimientos\/\">Normas \u2197<\/a><\/h3>\n\n\n\n<p>A la manera rentablesRD; de una manera segura, confiable, respetuosa y digna para que nuestros ni\u00f1os se diviertan sanamente. <\/p>\n<\/div>\n\n\n\n<div class=\"wp-block-column is-layout-flow wp-block-column-is-layout-flow\">\n<h3 class=\"wp-block-heading\" style=\"font-size:24px;line-height:1.3\"><a href=\"https:\/\/rentablesrd.com\/info\/categoria\/\" data-type=\"URL\" data-id=\"https:\/\/rentablesrd.com\/info\/categoria\/\">Precios \u2197<\/a><\/h3>\n\n\n\n<p>Para conocer el precio de este inflabe debe visitar nuestra pagina de precios y observar el costo de temporada de la categoria 14.<\/p>\n<\/div>\n<\/div>\n","protected":false},"excerpt":{"rendered":"<p>Hola, Yo soy Desaf\u00edo Mis due\u00f1os me han llamado desaf\u00edo debido a que en mi interior, debes pasar ciertos desaf\u00edos para ganarte el premio de lanzarte de mi tobog\u00e1n puedes solicitarme y te aseguro que provocar\u00e9 diversi\u00f3n a toda persona que me use. Informaci\u00f3n Este castillo posee ciertas dificultades para la diversi\u00f3n de los peque\u00f1os, [&hellip;]<\/p>\n","protected":false},"author":1,"featured_media":0,"parent":0,"menu_order":0,"comment_status":"closed","ping_status":"closed","template":"","meta":{"hide_page_title":"","om_disable_all_campaigns":false,"_monsterinsights_skip_tracking":false,"_monsterinsights_sitenote_active":false,"_monsterinsights_sitenote_note":"","_monsterinsights_sitenote_category":0,"footnotes":""},"aioseo_notices":[],"_links":{"self":[{"href":"https:\/\/rentablesrd.com\/info\/wp-json\/wp\/v2\/pages\/1338"}],"collection":[{"href":"https:\/\/rentablesrd.com\/info\/wp-json\/wp\/v2\/pages"}],"about":[{"href":"https:\/\/rentablesrd.com\/info\/wp-json\/wp\/v2\/types\/page"}],"author":[{"embeddable":true,"href":"https:\/\/rentablesrd.com\/info\/wp-json\/wp\/v2\/users\/1"}],"replies":[{"embeddable":true,"href":"https:\/\/rentablesrd.com\/info\/wp-json\/wp\/v2\/comments?post=1338"}],"version-history":[{"count":6,"href":"https:\/\/rentablesrd.com\/info\/wp-json\/wp\/v2\/pages\/1338\/revisions"}],"predecessor-version":[{"id":1535,"href":"https:\/\/rentablesrd.com\/info\/wp-json\/wp\/v2\/pages\/1338\/revisions\/1535"}],"wp:attachment":[{"href":"https:\/\/rentablesrd.com\/info\/wp-json\/wp\/v2\/media?parent=1338"}],"curies":[{"name":"wp","href":"https:\/\/api.w.org\/{rel}","templated":true}]}}