{"id":1366,"date":"2024-05-10T23:28:04","date_gmt":"2024-05-11T03:28:04","guid":{"rendered":"https:\/\/rentablesrd.com\/info\/?page_id=1366"},"modified":"2024-05-12T21:27:13","modified_gmt":"2024-05-13T01:27:13","slug":"teepee","status":"publish","type":"page","link":"https:\/\/rentablesrd.com\/info\/teepee\/","title":{"rendered":"Teepee"},"content":{"rendered":"\n<h2 class=\"wp-block-heading has-text-align-center\">Las pijamadas y los picnics nunca fueron tan divertidos<\/h2>\n\n\n\n<div class=\"wp-block-cover\"><span aria-hidden=\"true\" class=\"wp-block-cover__background has-background-dim\"><\/span><img loading=\"lazy\" decoding=\"async\" width=\"1024\" height=\"768\" class=\"wp-block-cover__image-background wp-image-1374\" alt=\"\" src=\"https:\/\/rentablesrd.com\/info\/wp-content\/uploads\/2024\/05\/d710b4_66c3cc3ab22645edaa0467f575e819a0mv2_d_4032_3024_s_4_2-1024x768.jpg\" data-object-fit=\"cover\" srcset=\"https:\/\/rentablesrd.com\/info\/wp-content\/uploads\/2024\/05\/d710b4_66c3cc3ab22645edaa0467f575e819a0mv2_d_4032_3024_s_4_2-1024x768.jpg 1024w, https:\/\/rentablesrd.com\/info\/wp-content\/uploads\/2024\/05\/d710b4_66c3cc3ab22645edaa0467f575e819a0mv2_d_4032_3024_s_4_2-300x225.jpg 300w, https:\/\/rentablesrd.com\/info\/wp-content\/uploads\/2024\/05\/d710b4_66c3cc3ab22645edaa0467f575e819a0mv2_d_4032_3024_s_4_2-768x576.jpg 768w, https:\/\/rentablesrd.com\/info\/wp-content\/uploads\/2024\/05\/d710b4_66c3cc3ab22645edaa0467f575e819a0mv2_d_4032_3024_s_4_2-1536x1152.jpg 1536w, https:\/\/rentablesrd.com\/info\/wp-content\/uploads\/2024\/05\/d710b4_66c3cc3ab22645edaa0467f575e819a0mv2_d_4032_3024_s_4_2-2048x1536.jpg 2048w\" sizes=\"(max-width: 1024px) 100vw, 1024px\" \/><div class=\"wp-block-cover__inner-container is-layout-flow wp-block-cover-is-layout-flow\">\n<p class=\"has-text-align-center has-large-font-size\">Un\u00a0<strong>tipi<\/strong>\u200b (tambi\u00e9n\u00a0<strong>tepee<\/strong>\u200b o\u00a0<strong>teepee<\/strong>\u200b) es una tienda c\u00f3nica, inspirada en tiendas indigenas, es durable, \u200b y durante el invierno brinda abrigo y confort, \u200b es fresco durante el verano, ahora son usados como el perfecto refugio para las celebraciones de nuestros peques<\/p>\n<\/div><\/div>\n\n\n\n<p>Teepees con sus cojines, mantas, guirnaldas, bouckets de flores, letrero de bienvenida y montaje de mesa (Individual redondo, servilletas, copas, juego de cubiertos de bamb\u00fa)<\/p>\n\n\n\n<figure class=\"wp-block-gallery has-nested-images columns-default is-cropped wp-block-gallery-1 is-layout-flex wp-block-gallery-is-layout-flex\">\n<figure class=\"wp-block-image size-large\"><img loading=\"lazy\" decoding=\"async\" width=\"1024\" height=\"760\" data-id=\"1392\" src=\"https:\/\/rentablesrd.com\/info\/wp-content\/uploads\/2024\/05\/IMG_2510copy-1-1024x760.jpg\" alt=\"\" class=\"wp-image-1392\" srcset=\"https:\/\/rentablesrd.com\/info\/wp-content\/uploads\/2024\/05\/IMG_2510copy-1-1024x760.jpg 1024w, https:\/\/rentablesrd.com\/info\/wp-content\/uploads\/2024\/05\/IMG_2510copy-1-300x223.jpg 300w, https:\/\/rentablesrd.com\/info\/wp-content\/uploads\/2024\/05\/IMG_2510copy-1-768x570.jpg 768w, https:\/\/rentablesrd.com\/info\/wp-content\/uploads\/2024\/05\/IMG_2510copy-1-1536x1140.jpg 1536w, https:\/\/rentablesrd.com\/info\/wp-content\/uploads\/2024\/05\/IMG_2510copy-1.jpg 1977w\" sizes=\"(max-width: 1024px) 100vw, 1024px\" \/><\/figure>\n<\/figure>\n\n\n\n<p>Los teepee pueden ser usados en eventos de ni\u00f1os, ni\u00f1as y adultos, como casita de acampar, chaise longe, o complemento de decoraci\u00f3n en los siguientes eventos:<\/p>\n\n\n\n<ul>\n<li>Pijamdas<\/li>\n\n\n\n<li>Picnis<\/li>\n\n\n\n<li>Campamentos<\/li>\n\n\n\n<li>Cumplea\u00f1os<\/li>\n\n\n\n<li>Dia de spa<\/li>\n\n\n\n<li>Pool party<\/li>\n<\/ul>\n\n\n\n<figure class=\"wp-block-gallery has-nested-images columns-default is-cropped wp-block-gallery-2 is-layout-flex wp-block-gallery-is-layout-flex\">\n<figure class=\"wp-block-image size-full\"><img loading=\"lazy\" decoding=\"async\" width=\"735\" height=\"676\" data-id=\"1395\" src=\"https:\/\/rentablesrd.com\/info\/wp-content\/uploads\/2024\/05\/b899d7828c4a64483b4ae93433e8cc9d.jpg\" alt=\"\" class=\"wp-image-1395\" srcset=\"https:\/\/rentablesrd.com\/info\/wp-content\/uploads\/2024\/05\/b899d7828c4a64483b4ae93433e8cc9d.jpg 735w, https:\/\/rentablesrd.com\/info\/wp-content\/uploads\/2024\/05\/b899d7828c4a64483b4ae93433e8cc9d-300x276.jpg 300w\" sizes=\"(max-width: 735px) 100vw, 735px\" \/><\/figure>\n\n\n\n<figure class=\"wp-block-image size-large\"><img loading=\"lazy\" decoding=\"async\" width=\"1024\" height=\"768\" data-id=\"1393\" src=\"https:\/\/rentablesrd.com\/info\/wp-content\/uploads\/2024\/05\/ff728c2a-ebf9-4516-8688-2ffe80b78bae-1-1024x768.jpeg\" alt=\"\" class=\"wp-image-1393\" srcset=\"https:\/\/rentablesrd.com\/info\/wp-content\/uploads\/2024\/05\/ff728c2a-ebf9-4516-8688-2ffe80b78bae-1-1024x768.jpeg 1024w, https:\/\/rentablesrd.com\/info\/wp-content\/uploads\/2024\/05\/ff728c2a-ebf9-4516-8688-2ffe80b78bae-1-300x225.jpeg 300w, https:\/\/rentablesrd.com\/info\/wp-content\/uploads\/2024\/05\/ff728c2a-ebf9-4516-8688-2ffe80b78bae-1-768x576.jpeg 768w, https:\/\/rentablesrd.com\/info\/wp-content\/uploads\/2024\/05\/ff728c2a-ebf9-4516-8688-2ffe80b78bae-1.jpeg 1200w\" sizes=\"(max-width: 1024px) 100vw, 1024px\" \/><\/figure>\n<\/figure>\n\n\n\n<div class=\"wp-block-buttons is-content-justification-center is-layout-flex wp-container-core-buttons-is-layout-1 wp-block-buttons-is-layout-flex\">\n<div class=\"wp-block-button\"><a class=\"wp-block-button__link wp-element-button\" href=\"http:\/\/wa.me\/8097173399\">Solicita tu teepee<\/a><\/div>\n<\/div>\n","protected":false},"excerpt":{"rendered":"<p>Las pijamadas y los picnics nunca fueron tan divertidos Teepees con sus cojines, mantas, guirnaldas, bouckets de flores, letrero de bienvenida y montaje de mesa (Individual redondo, servilletas, copas, juego de cubiertos de bamb\u00fa) Los teepee pueden ser usados en eventos de ni\u00f1os, ni\u00f1as y adultos, como casita de acampar, chaise longe, o complemento de [&hellip;]<\/p>\n","protected":false},"author":1,"featured_media":0,"parent":0,"menu_order":0,"comment_status":"closed","ping_status":"closed","template":"","meta":{"hide_page_title":"","om_disable_all_campaigns":false,"_monsterinsights_skip_tracking":false,"_monsterinsights_sitenote_active":false,"_monsterinsights_sitenote_note":"","_monsterinsights_sitenote_category":0,"footnotes":""},"aioseo_notices":[],"_links":{"self":[{"href":"https:\/\/rentablesrd.com\/info\/wp-json\/wp\/v2\/pages\/1366"}],"collection":[{"href":"https:\/\/rentablesrd.com\/info\/wp-json\/wp\/v2\/pages"}],"about":[{"href":"https:\/\/rentablesrd.com\/info\/wp-json\/wp\/v2\/types\/page"}],"author":[{"embeddable":true,"href":"https:\/\/rentablesrd.com\/info\/wp-json\/wp\/v2\/users\/1"}],"replies":[{"embeddable":true,"href":"https:\/\/rentablesrd.com\/info\/wp-json\/wp\/v2\/comments?post=1366"}],"version-history":[{"count":9,"href":"https:\/\/rentablesrd.com\/info\/wp-json\/wp\/v2\/pages\/1366\/revisions"}],"predecessor-version":[{"id":1408,"href":"https:\/\/rentablesrd.com\/info\/wp-json\/wp\/v2\/pages\/1366\/revisions\/1408"}],"wp:attachment":[{"href":"https:\/\/rentablesrd.com\/info\/wp-json\/wp\/v2\/media?parent=1366"}],"curies":[{"name":"wp","href":"https:\/\/api.w.org\/{rel}","templated":true}]}}