{"id":245,"date":"2022-09-10T16:34:46","date_gmt":"2022-09-10T16:34:46","guid":{"rendered":"https:\/\/rentablesrd.com\/info\/?page_id=245"},"modified":"2023-05-22T12:34:52","modified_gmt":"2023-05-22T12:34:52","slug":"normasyprocedimientos","status":"publish","type":"page","link":"https:\/\/rentablesrd.com\/info\/normasyprocedimientos\/","title":{"rendered":"Normas y Procedimientos"},"content":{"rendered":"\n<h2 class=\"wp-block-heading\">Normas uso de inflables<\/h2>\n\n\n\n<ul>\n<li>No permitido obstaculizar la entrada de nuestros inflables.<\/li>\n\n\n\n<li>No permitido obstaculizar la salida de nuestros inflables.<\/li>\n\n\n\n<li>No permitido el ingreso de animales a nuestros inflables.<\/li>\n\n\n\n<li>El ingreso a los inflables, debe ser realizado sin zapatos.<\/li>\n\n\n\n<li>No permitido subirse a las paredes laterales del inflable.<\/li>\n\n\n\n<li>El ingreso a los inflables, debe ser realizado sin joyas.<\/li>\n\n\n\n<li>El ingreso a los inflables, debe ser realizado sin gafas.  <\/li>\n\n\n\n<li>No permitido dar volteretas que causen un da\u00f1o. <\/li>\n\n\n\n<li>No permitido el ingreso de comida y bebida<\/li>\n\n\n\n<li>No esta permitido ning\u00fan objetos punzantes.<\/li>\n\n\n\n<li>No permitido los juegos bruscos.<\/li>\n<\/ul>\n\n\n\n<hr class=\"wp-block-separator has-alpha-channel-opacity\"\/>\n\n\n\n<h2 class=\"wp-block-heading\">Procedimientos de uso<\/h2>\n\n\n\n<ul>\n<li>El\/la cliente debe recibir al personal en la fecha establecida para la autorizaci\u00f3n del montaje, sin la presencia del cliente la empresa se reserva el derecho de dar por culminado el evento. <\/li>\n\n\n\n<li>El incumplimiento de cualquiera de nuestras pol\u00edticas y\/o normas, la empresa se reserva el derecho de culminar la actividad.<\/li>\n\n\n\n<li>En caso de meteorolog\u00eda adversa (lluvia, viento, maremotos o terremotos) la empresa debe parar evento y encontrar alguna soluci\u00f3n con el cliente para culminar con el evento y de no conciliar una soluci\u00f3n, dar por culminado el evento. <\/li>\n\n\n\n<li>En caso de que el equipos se vea en peligro de da\u00f1os por condiciones ambientales, se debe bajo cualquier condici\u00f3n preservar su bienestar.<\/li>\n\n\n\n<li>El\/la cliente debe proporcionar un espacio plano para colocar los productos de rentablesRD. <\/li>\n\n\n\n<li>El\/la cliente es responsable de proporcionar una corriente limpia y potente para el buen funcionamiento de los equipos. <\/li>\n\n\n\n<li>No debe existir nada punzante a los alrededores de 5 metros del area cuadrada donde se colocar\u00e1 nuestros inflables. <\/li>\n\n\n\n<li>El responsabilidad de  cada cliente el control sanitario de sus ni\u00f1os, en dado caso que un infante cause da\u00f1os a ni\u00f1os o equipos, el padre del infante debe hacerse responsable del da\u00f1o causado. <\/li>\n\n\n\n<li>El\/la cliente debe proporcionar los datos especificos de los infantes a recibir y si los mismos necesitan atenci\u00f3n especial para que RentablesRD pueda coordinar tener el personal adecuado para los mismos. <\/li>\n<\/ul>\n","protected":false},"excerpt":{"rendered":"<p>Normas uso de inflables Procedimientos de uso<\/p>\n","protected":false},"author":1,"featured_media":0,"parent":0,"menu_order":0,"comment_status":"closed","ping_status":"closed","template":"","meta":{"hide_page_title":"","om_disable_all_campaigns":false,"_monsterinsights_skip_tracking":false,"_monsterinsights_sitenote_active":false,"_monsterinsights_sitenote_note":"","_monsterinsights_sitenote_category":0,"footnotes":""},"aioseo_notices":[],"_links":{"self":[{"href":"https:\/\/rentablesrd.com\/info\/wp-json\/wp\/v2\/pages\/245"}],"collection":[{"href":"https:\/\/rentablesrd.com\/info\/wp-json\/wp\/v2\/pages"}],"about":[{"href":"https:\/\/rentablesrd.com\/info\/wp-json\/wp\/v2\/types\/page"}],"author":[{"embeddable":true,"href":"https:\/\/rentablesrd.com\/info\/wp-json\/wp\/v2\/users\/1"}],"replies":[{"embeddable":true,"href":"https:\/\/rentablesrd.com\/info\/wp-json\/wp\/v2\/comments?post=245"}],"version-history":[{"count":4,"href":"https:\/\/rentablesrd.com\/info\/wp-json\/wp\/v2\/pages\/245\/revisions"}],"predecessor-version":[{"id":734,"href":"https:\/\/rentablesrd.com\/info\/wp-json\/wp\/v2\/pages\/245\/revisions\/734"}],"wp:attachment":[{"href":"https:\/\/rentablesrd.com\/info\/wp-json\/wp\/v2\/media?parent=245"}],"curies":[{"name":"wp","href":"https:\/\/api.w.org\/{rel}","templated":true}]}}