{"id":247,"date":"2022-09-10T18:24:22","date_gmt":"2022-09-10T18:24:22","guid":{"rendered":"https:\/\/rentablesrd.com\/info\/?page_id=247"},"modified":"2022-09-10T19:06:13","modified_gmt":"2022-09-10T19:06:13","slug":"dinosaurio","status":"publish","type":"page","link":"https:\/\/rentablesrd.com\/info\/dinosaurio\/","title":{"rendered":"Dinosaurio"},"content":{"rendered":"\n<h2 class=\"has-text-align-center wp-block-heading\">Hola, Yo soy Dinosaurio<\/h2>\n\n\n\n<p class=\"has-text-align-center\">Para los amantes de los dinosaurios y animales salvajes llega \u201cDINOSAURIO\u201d<\/p>\n\n\n\n<div class=\"wp-block-button aligncenter\"><a class=\"wp-block-button__link\" href=\"https:\/\/api.whatsapp.com\/send?phone=18497073909&amp;text=Hola%20*RentablesRD*%20me%20interesa%20adquirir%20el%20inflable%20*Dinosaurio*;%20tienen%20disponibilidad%20para%20la%20fecha%20\">Solic\u00edtame aqu\u00ed<\/a><\/div>\n\n\n\n<figure class=\"wp-block-gallery alignwide has-nested-images columns-default is-cropped wp-block-gallery-1 is-layout-flex wp-block-gallery-is-layout-flex\">\n<figure class=\"wp-block-image size-full\"><img loading=\"lazy\" decoding=\"async\" width=\"800\" height=\"800\" data-id=\"248\" src=\"https:\/\/rentablesrd.com\/info\/wp-content\/uploads\/2022\/09\/RentablesRD-Dinosaurio-5.webp\" alt=\"\" class=\"wp-image-248\" srcset=\"https:\/\/rentablesrd.com\/info\/wp-content\/uploads\/2022\/09\/RentablesRD-Dinosaurio-5.webp 800w, https:\/\/rentablesrd.com\/info\/wp-content\/uploads\/2022\/09\/RentablesRD-Dinosaurio-5-300x300.webp 300w, https:\/\/rentablesrd.com\/info\/wp-content\/uploads\/2022\/09\/RentablesRD-Dinosaurio-5-150x150.webp 150w, https:\/\/rentablesrd.com\/info\/wp-content\/uploads\/2022\/09\/RentablesRD-Dinosaurio-5-768x768.webp 768w\" sizes=\"(max-width: 800px) 100vw, 800px\" \/><\/figure>\n\n\n\n<figure class=\"wp-block-image size-full\"><img loading=\"lazy\" decoding=\"async\" width=\"800\" height=\"800\" data-id=\"252\" src=\"https:\/\/rentablesrd.com\/info\/wp-content\/uploads\/2022\/09\/RentablesRD-Dinosaurio-3-2.webp\" alt=\"\" class=\"wp-image-252\" srcset=\"https:\/\/rentablesrd.com\/info\/wp-content\/uploads\/2022\/09\/RentablesRD-Dinosaurio-3-2.webp 800w, https:\/\/rentablesrd.com\/info\/wp-content\/uploads\/2022\/09\/RentablesRD-Dinosaurio-3-2-300x300.webp 300w, https:\/\/rentablesrd.com\/info\/wp-content\/uploads\/2022\/09\/RentablesRD-Dinosaurio-3-2-150x150.webp 150w, https:\/\/rentablesrd.com\/info\/wp-content\/uploads\/2022\/09\/RentablesRD-Dinosaurio-3-2-768x768.webp 768w\" sizes=\"(max-width: 800px) 100vw, 800px\" \/><\/figure>\n\n\n\n<figure class=\"wp-block-image size-full\"><img loading=\"lazy\" decoding=\"async\" width=\"800\" height=\"800\" data-id=\"253\" src=\"https:\/\/rentablesrd.com\/info\/wp-content\/uploads\/2022\/09\/RentablesRD-Dinosaurio-1.webp\" alt=\"\" class=\"wp-image-253\" srcset=\"https:\/\/rentablesrd.com\/info\/wp-content\/uploads\/2022\/09\/RentablesRD-Dinosaurio-1.webp 800w, https:\/\/rentablesrd.com\/info\/wp-content\/uploads\/2022\/09\/RentablesRD-Dinosaurio-1-300x300.webp 300w, https:\/\/rentablesrd.com\/info\/wp-content\/uploads\/2022\/09\/RentablesRD-Dinosaurio-1-150x150.webp 150w, https:\/\/rentablesrd.com\/info\/wp-content\/uploads\/2022\/09\/RentablesRD-Dinosaurio-1-768x768.webp 768w\" sizes=\"(max-width: 800px) 100vw, 800px\" \/><\/figure>\n<\/figure>\n\n\n\n<figure class=\"wp-block-gallery alignfull has-nested-images columns-default is-cropped wp-block-gallery-2 is-layout-flex wp-block-gallery-is-layout-flex\">\n<figure class=\"wp-block-image size-full\"><img loading=\"lazy\" decoding=\"async\" width=\"800\" height=\"800\" data-id=\"257\" src=\"https:\/\/rentablesrd.com\/info\/wp-content\/uploads\/2022\/09\/RentablesRD-Dinosaurio-7-1.webp\" alt=\"\" class=\"wp-image-257\" srcset=\"https:\/\/rentablesrd.com\/info\/wp-content\/uploads\/2022\/09\/RentablesRD-Dinosaurio-7-1.webp 800w, https:\/\/rentablesrd.com\/info\/wp-content\/uploads\/2022\/09\/RentablesRD-Dinosaurio-7-1-300x300.webp 300w, https:\/\/rentablesrd.com\/info\/wp-content\/uploads\/2022\/09\/RentablesRD-Dinosaurio-7-1-150x150.webp 150w, https:\/\/rentablesrd.com\/info\/wp-content\/uploads\/2022\/09\/RentablesRD-Dinosaurio-7-1-768x768.webp 768w\" sizes=\"(max-width: 800px) 100vw, 800px\" \/><\/figure>\n\n\n\n<figure class=\"wp-block-image size-full\"><img loading=\"lazy\" decoding=\"async\" width=\"800\" height=\"800\" data-id=\"259\" src=\"https:\/\/rentablesrd.com\/info\/wp-content\/uploads\/2022\/09\/RentablesRD-Dinosaurio-4.webp\" alt=\"\" class=\"wp-image-259\" srcset=\"https:\/\/rentablesrd.com\/info\/wp-content\/uploads\/2022\/09\/RentablesRD-Dinosaurio-4.webp 800w, https:\/\/rentablesrd.com\/info\/wp-content\/uploads\/2022\/09\/RentablesRD-Dinosaurio-4-300x300.webp 300w, https:\/\/rentablesrd.com\/info\/wp-content\/uploads\/2022\/09\/RentablesRD-Dinosaurio-4-150x150.webp 150w, https:\/\/rentablesrd.com\/info\/wp-content\/uploads\/2022\/09\/RentablesRD-Dinosaurio-4-768x768.webp 768w\" sizes=\"(max-width: 800px) 100vw, 800px\" \/><\/figure>\n\n\n\n<figure class=\"wp-block-image size-full\"><img loading=\"lazy\" decoding=\"async\" width=\"800\" height=\"800\" data-id=\"256\" src=\"https:\/\/rentablesrd.com\/info\/wp-content\/uploads\/2022\/09\/RentablesRD-Dinosaurio-2-1.webp\" alt=\"\" class=\"wp-image-256\" srcset=\"https:\/\/rentablesrd.com\/info\/wp-content\/uploads\/2022\/09\/RentablesRD-Dinosaurio-2-1.webp 800w, https:\/\/rentablesrd.com\/info\/wp-content\/uploads\/2022\/09\/RentablesRD-Dinosaurio-2-1-300x300.webp 300w, https:\/\/rentablesrd.com\/info\/wp-content\/uploads\/2022\/09\/RentablesRD-Dinosaurio-2-1-150x150.webp 150w, https:\/\/rentablesrd.com\/info\/wp-content\/uploads\/2022\/09\/RentablesRD-Dinosaurio-2-1-768x768.webp 768w\" sizes=\"(max-width: 800px) 100vw, 800px\" \/><\/figure>\n\n\n\n<figure class=\"wp-block-image size-full\"><img loading=\"lazy\" decoding=\"async\" width=\"800\" height=\"800\" data-id=\"251\" src=\"https:\/\/rentablesrd.com\/info\/wp-content\/uploads\/2022\/09\/RentablesRD-Dinosaurio-6-1.webp\" alt=\"\" class=\"wp-image-251\" srcset=\"https:\/\/rentablesrd.com\/info\/wp-content\/uploads\/2022\/09\/RentablesRD-Dinosaurio-6-1.webp 800w, https:\/\/rentablesrd.com\/info\/wp-content\/uploads\/2022\/09\/RentablesRD-Dinosaurio-6-1-300x300.webp 300w, https:\/\/rentablesrd.com\/info\/wp-content\/uploads\/2022\/09\/RentablesRD-Dinosaurio-6-1-150x150.webp 150w, https:\/\/rentablesrd.com\/info\/wp-content\/uploads\/2022\/09\/RentablesRD-Dinosaurio-6-1-768x768.webp 768w\" sizes=\"(max-width: 800px) 100vw, 800px\" \/><\/figure>\n<\/figure>\n\n\n\n<div class=\"wp-block-columns alignwide is-layout-flex wp-container-core-columns-is-layout-1 wp-block-columns-is-layout-flex\">\n<div class=\"wp-block-column is-layout-flow wp-block-column-is-layout-flow\">\n<h3 class=\"wp-block-heading\">Informaci\u00f3n<\/h3>\n\n\n\n<p>Juego infalible que consta de una resbaladilla en forma de lengua, ojos que atraparan la atenci\u00f3n de los peques, \u00e1rea interior Para saltos y un espacio que puede ser destinado a una piscina de pelotas o mini corral para los beb\u00e9s de la fiesta. Ideal para ni\u00f1os de 1 a\u00f1os en adelante y puede contener hasta 6 a ni\u00f1os a la vez utiliz\u00e1ndolo.<\/p>\n<\/div>\n\n\n\n<div class=\"wp-block-column is-layout-flow wp-block-column-is-layout-flow\">\n<h3 class=\"wp-block-heading\">Precios<\/h3>\n\n\n\n<p> <span style=\"font-size: var(--go--font-size); background-color: var(--go--color--background,0,0,100%); color: var(--go--color--text); font-family: var(--go--font-family); font-weight: var(--go--font-weight,400); letter-spacing: var(--go--letter-spacing,normal);\">El costo de los servicios son determinados por las horas de uso, cada inflable tiene un costo particular. El precio puede variar por ofertas de temporada.<\/span>      <p>Este inflable llamado Dinosaurio es <strong>categor\u00eda 3-6<\/strong>, puedo consultar el catalogo de precios para la informaci\u00f3n del mismo. <\/p> <\/p>\n<\/div>\n<\/div>\n","protected":false},"excerpt":{"rendered":"<p>Hola, Yo soy Dinosaurio Para los amantes de los dinosaurios y animales salvajes llega \u201cDINOSAURIO\u201d Informaci\u00f3n Juego infalible que consta de una resbaladilla en forma de lengua, ojos que atraparan la atenci\u00f3n de los peques, \u00e1rea interior Para saltos y un espacio que puede ser destinado a una piscina de pelotas o mini corral para [&hellip;]<\/p>\n","protected":false},"author":1,"featured_media":0,"parent":0,"menu_order":0,"comment_status":"closed","ping_status":"closed","template":"","meta":{"hide_page_title":"","om_disable_all_campaigns":false,"_monsterinsights_skip_tracking":false,"_monsterinsights_sitenote_active":false,"_monsterinsights_sitenote_note":"","_monsterinsights_sitenote_category":0,"footnotes":""},"aioseo_notices":[],"_links":{"self":[{"href":"https:\/\/rentablesrd.com\/info\/wp-json\/wp\/v2\/pages\/247"}],"collection":[{"href":"https:\/\/rentablesrd.com\/info\/wp-json\/wp\/v2\/pages"}],"about":[{"href":"https:\/\/rentablesrd.com\/info\/wp-json\/wp\/v2\/types\/page"}],"author":[{"embeddable":true,"href":"https:\/\/rentablesrd.com\/info\/wp-json\/wp\/v2\/users\/1"}],"replies":[{"embeddable":true,"href":"https:\/\/rentablesrd.com\/info\/wp-json\/wp\/v2\/comments?post=247"}],"version-history":[{"count":2,"href":"https:\/\/rentablesrd.com\/info\/wp-json\/wp\/v2\/pages\/247\/revisions"}],"predecessor-version":[{"id":297,"href":"https:\/\/rentablesrd.com\/info\/wp-json\/wp\/v2\/pages\/247\/revisions\/297"}],"wp:attachment":[{"href":"https:\/\/rentablesrd.com\/info\/wp-json\/wp\/v2\/media?parent=247"}],"curies":[{"name":"wp","href":"https:\/\/api.w.org\/{rel}","templated":true}]}}