{"id":263,"date":"2022-09-10T18:36:19","date_gmt":"2022-09-10T18:36:19","guid":{"rendered":"https:\/\/rentablesrd.com\/info\/?page_id=263"},"modified":"2022-10-14T20:14:57","modified_gmt":"2022-10-14T20:14:57","slug":"inglaterra","status":"publish","type":"page","link":"https:\/\/rentablesrd.com\/info\/inglaterra\/","title":{"rendered":"Inglaterra"},"content":{"rendered":"\n<h2 class=\"has-text-align-center wp-block-heading\">Hola, soy Inglaterra<\/h2>\n\n\n\n<p class=\"has-text-align-center\">Conmigo se siente lo que es vivir en un palacio para ni\u00f1os, desde la entrada ya la princesas y\/o el pr\u00edncipes de la casa, vivamos juntos la experiencia de Inglaterra .<\/p>\n\n\n\n<div class=\"wp-block-button aligncenter\"><a class=\"wp-block-button__link\" href=\"https:\/\/api.whatsapp.com\/send?phone=18097173399&amp;text=Hola%20*RentablesRD*%20me%20interesa%20adquirir%20el%20inflable%20*Inglaterra*\">Solic\u00edtame aqu\u00ed<\/a><\/div>\n\n\n\n<figure class=\"wp-block-gallery alignwide has-nested-images columns-default is-cropped wp-block-gallery-1 is-layout-flex wp-block-gallery-is-layout-flex\">\n<figure class=\"wp-block-image size-full\"><img loading=\"lazy\" decoding=\"async\" width=\"800\" height=\"800\" data-id=\"273\" src=\"https:\/\/rentablesrd.com\/info\/wp-content\/uploads\/2022\/09\/9x11.16BounceHousewithSlideandAirBlower-5-2.webp\" alt=\"\" class=\"wp-image-273\" srcset=\"https:\/\/rentablesrd.com\/info\/wp-content\/uploads\/2022\/09\/9x11.16BounceHousewithSlideandAirBlower-5-2.webp 800w, https:\/\/rentablesrd.com\/info\/wp-content\/uploads\/2022\/09\/9x11.16BounceHousewithSlideandAirBlower-5-2-300x300.webp 300w, https:\/\/rentablesrd.com\/info\/wp-content\/uploads\/2022\/09\/9x11.16BounceHousewithSlideandAirBlower-5-2-150x150.webp 150w, https:\/\/rentablesrd.com\/info\/wp-content\/uploads\/2022\/09\/9x11.16BounceHousewithSlideandAirBlower-5-2-768x768.webp 768w\" sizes=\"(max-width: 800px) 100vw, 800px\" \/><\/figure>\n\n\n\n<figure class=\"wp-block-image size-full\"><img loading=\"lazy\" decoding=\"async\" width=\"800\" height=\"800\" data-id=\"265\" src=\"https:\/\/rentablesrd.com\/info\/wp-content\/uploads\/2022\/09\/9x11.16BounceHousewithSlideandAirBlower-2.webp\" alt=\"\" class=\"wp-image-265\" srcset=\"https:\/\/rentablesrd.com\/info\/wp-content\/uploads\/2022\/09\/9x11.16BounceHousewithSlideandAirBlower-2.webp 800w, https:\/\/rentablesrd.com\/info\/wp-content\/uploads\/2022\/09\/9x11.16BounceHousewithSlideandAirBlower-2-300x300.webp 300w, https:\/\/rentablesrd.com\/info\/wp-content\/uploads\/2022\/09\/9x11.16BounceHousewithSlideandAirBlower-2-150x150.webp 150w, https:\/\/rentablesrd.com\/info\/wp-content\/uploads\/2022\/09\/9x11.16BounceHousewithSlideandAirBlower-2-768x768.webp 768w\" sizes=\"(max-width: 800px) 100vw, 800px\" \/><\/figure>\n\n\n\n<figure class=\"wp-block-image size-full\"><img loading=\"lazy\" decoding=\"async\" width=\"800\" height=\"800\" data-id=\"272\" src=\"https:\/\/rentablesrd.com\/info\/wp-content\/uploads\/2022\/09\/9x11.16BounceHousewithSlideandAirBlower-4-2.webp\" alt=\"\" class=\"wp-image-272\" srcset=\"https:\/\/rentablesrd.com\/info\/wp-content\/uploads\/2022\/09\/9x11.16BounceHousewithSlideandAirBlower-4-2.webp 800w, https:\/\/rentablesrd.com\/info\/wp-content\/uploads\/2022\/09\/9x11.16BounceHousewithSlideandAirBlower-4-2-300x300.webp 300w, https:\/\/rentablesrd.com\/info\/wp-content\/uploads\/2022\/09\/9x11.16BounceHousewithSlideandAirBlower-4-2-150x150.webp 150w, https:\/\/rentablesrd.com\/info\/wp-content\/uploads\/2022\/09\/9x11.16BounceHousewithSlideandAirBlower-4-2-768x768.webp 768w\" sizes=\"(max-width: 800px) 100vw, 800px\" \/><\/figure>\n<\/figure>\n\n\n\n<figure class=\"wp-block-gallery has-nested-images columns-default is-cropped wp-block-gallery-2 is-layout-flex wp-block-gallery-is-layout-flex\">\n<figure class=\"wp-block-image size-large\"><img loading=\"lazy\" decoding=\"async\" width=\"800\" height=\"800\" data-id=\"267\" src=\"https:\/\/rentablesrd.com\/info\/wp-content\/uploads\/2022\/09\/9x11.16BounceHousewithSlideandAirBlower-2-1.webp\" alt=\"\" class=\"wp-image-267\" srcset=\"https:\/\/rentablesrd.com\/info\/wp-content\/uploads\/2022\/09\/9x11.16BounceHousewithSlideandAirBlower-2-1.webp 800w, https:\/\/rentablesrd.com\/info\/wp-content\/uploads\/2022\/09\/9x11.16BounceHousewithSlideandAirBlower-2-1-300x300.webp 300w, https:\/\/rentablesrd.com\/info\/wp-content\/uploads\/2022\/09\/9x11.16BounceHousewithSlideandAirBlower-2-1-150x150.webp 150w, https:\/\/rentablesrd.com\/info\/wp-content\/uploads\/2022\/09\/9x11.16BounceHousewithSlideandAirBlower-2-1-768x768.webp 768w\" sizes=\"(max-width: 800px) 100vw, 800px\" \/><\/figure>\n\n\n\n<figure class=\"wp-block-image size-large\"><img loading=\"lazy\" decoding=\"async\" width=\"800\" height=\"800\" data-id=\"270\" src=\"https:\/\/rentablesrd.com\/info\/wp-content\/uploads\/2022\/09\/9x11.16BounceHousewithSlideandAirBlower-3.webp\" alt=\"\" class=\"wp-image-270\" srcset=\"https:\/\/rentablesrd.com\/info\/wp-content\/uploads\/2022\/09\/9x11.16BounceHousewithSlideandAirBlower-3.webp 800w, https:\/\/rentablesrd.com\/info\/wp-content\/uploads\/2022\/09\/9x11.16BounceHousewithSlideandAirBlower-3-300x300.webp 300w, https:\/\/rentablesrd.com\/info\/wp-content\/uploads\/2022\/09\/9x11.16BounceHousewithSlideandAirBlower-3-150x150.webp 150w, https:\/\/rentablesrd.com\/info\/wp-content\/uploads\/2022\/09\/9x11.16BounceHousewithSlideandAirBlower-3-768x768.webp 768w\" sizes=\"(max-width: 800px) 100vw, 800px\" \/><\/figure>\n\n\n\n<figure class=\"wp-block-image size-large\"><img loading=\"lazy\" decoding=\"async\" width=\"800\" height=\"800\" data-id=\"268\" src=\"https:\/\/rentablesrd.com\/info\/wp-content\/uploads\/2022\/09\/9x11.16BounceHousewithSlideandAirBlower-4-1.webp\" alt=\"\" class=\"wp-image-268\" srcset=\"https:\/\/rentablesrd.com\/info\/wp-content\/uploads\/2022\/09\/9x11.16BounceHousewithSlideandAirBlower-4-1.webp 800w, https:\/\/rentablesrd.com\/info\/wp-content\/uploads\/2022\/09\/9x11.16BounceHousewithSlideandAirBlower-4-1-300x300.webp 300w, https:\/\/rentablesrd.com\/info\/wp-content\/uploads\/2022\/09\/9x11.16BounceHousewithSlideandAirBlower-4-1-150x150.webp 150w, https:\/\/rentablesrd.com\/info\/wp-content\/uploads\/2022\/09\/9x11.16BounceHousewithSlideandAirBlower-4-1-768x768.webp 768w\" sizes=\"(max-width: 800px) 100vw, 800px\" \/><\/figure>\n\n\n\n<figure class=\"wp-block-image size-large\"><img loading=\"lazy\" decoding=\"async\" width=\"800\" height=\"800\" data-id=\"271\" src=\"https:\/\/rentablesrd.com\/info\/wp-content\/uploads\/2022\/09\/9x11.16BounceHousewithSlideandAirBlower-5-1.webp\" alt=\"\" class=\"wp-image-271\" srcset=\"https:\/\/rentablesrd.com\/info\/wp-content\/uploads\/2022\/09\/9x11.16BounceHousewithSlideandAirBlower-5-1.webp 800w, https:\/\/rentablesrd.com\/info\/wp-content\/uploads\/2022\/09\/9x11.16BounceHousewithSlideandAirBlower-5-1-300x300.webp 300w, https:\/\/rentablesrd.com\/info\/wp-content\/uploads\/2022\/09\/9x11.16BounceHousewithSlideandAirBlower-5-1-150x150.webp 150w, https:\/\/rentablesrd.com\/info\/wp-content\/uploads\/2022\/09\/9x11.16BounceHousewithSlideandAirBlower-5-1-768x768.webp 768w\" sizes=\"(max-width: 800px) 100vw, 800px\" \/><\/figure>\n\n\n\n<figure class=\"wp-block-image size-large\"><img loading=\"lazy\" decoding=\"async\" width=\"800\" height=\"800\" data-id=\"269\" src=\"https:\/\/rentablesrd.com\/info\/wp-content\/uploads\/2022\/09\/9x11.16BounceHousewithSlideandAirBlower-1.webp\" alt=\"\" class=\"wp-image-269\" srcset=\"https:\/\/rentablesrd.com\/info\/wp-content\/uploads\/2022\/09\/9x11.16BounceHousewithSlideandAirBlower-1.webp 800w, https:\/\/rentablesrd.com\/info\/wp-content\/uploads\/2022\/09\/9x11.16BounceHousewithSlideandAirBlower-1-300x300.webp 300w, https:\/\/rentablesrd.com\/info\/wp-content\/uploads\/2022\/09\/9x11.16BounceHousewithSlideandAirBlower-1-150x150.webp 150w, https:\/\/rentablesrd.com\/info\/wp-content\/uploads\/2022\/09\/9x11.16BounceHousewithSlideandAirBlower-1-768x768.webp 768w\" sizes=\"(max-width: 800px) 100vw, 800px\" \/><\/figure>\n<\/figure>\n\n\n\n<div class=\"wp-block-columns alignwide is-layout-flex wp-container-core-columns-is-layout-1 wp-block-columns-is-layout-flex\">\n<div class=\"wp-block-column is-layout-flow wp-block-column-is-layout-flow\">\n<h3 class=\"wp-block-heading\">Informaci\u00f3n<\/h3>\n\n\n\n<p>Un espacio para ni\u00f1os de 3 a 8 a\u00f1os, donde todos podr\u00e1n saltar en su espacio interior, en medio de torres que ayudar\u00e1n a su imaginaci\u00f3n a sentirse en un castillo real. Tambi\u00e9n podr\u00e1n jugar a encestar la pelota en su arco interno.<br>.<br>Este castillo es ideal para familias con miembros de edades muy diferentes, pues cuenta con dos espacios separados para saltar sin el temor de que los peque\u00f1os de la casa pudieran chocar.<\/p>\n\n\n\n<p><\/p>\n\n\n\n<p><\/p>\n<\/div>\n\n\n\n<div class=\"wp-block-column is-layout-flow wp-block-column-is-layout-flow\">\n<h3 class=\"wp-block-heading\">Precio<\/h3>\n\n\n\n<p>El costo de los servicios son determinados por las horas de uso, cada inflable tiene un costo particular. El precio puede variar por ofertas de temporada.<\/p>\n\n\n\n<p><\/p>\n\n\n\n<p>Este inflable llamado Inglaterra es&nbsp;<strong>categor\u00eda 3-8<\/strong>, puedo consultar el catalogo de precios para la informaci\u00f3n del mismo.<\/p>\n\n\n\n<p>  <\/p>\n<\/div>\n<\/div>\n","protected":false},"excerpt":{"rendered":"<p>Hola, soy Inglaterra Conmigo se siente lo que es vivir en un palacio para ni\u00f1os, desde la entrada ya la princesas y\/o el pr\u00edncipes de la casa, vivamos juntos la experiencia de Inglaterra . Informaci\u00f3n Un espacio para ni\u00f1os de 3 a 8 a\u00f1os, donde todos podr\u00e1n saltar en su espacio interior, en medio de [&hellip;]<\/p>\n","protected":false},"author":1,"featured_media":0,"parent":0,"menu_order":0,"comment_status":"closed","ping_status":"closed","template":"","meta":{"hide_page_title":"","om_disable_all_campaigns":false,"_monsterinsights_skip_tracking":false,"_monsterinsights_sitenote_active":false,"_monsterinsights_sitenote_note":"","_monsterinsights_sitenote_category":0,"footnotes":""},"aioseo_notices":[],"_links":{"self":[{"href":"https:\/\/rentablesrd.com\/info\/wp-json\/wp\/v2\/pages\/263"}],"collection":[{"href":"https:\/\/rentablesrd.com\/info\/wp-json\/wp\/v2\/pages"}],"about":[{"href":"https:\/\/rentablesrd.com\/info\/wp-json\/wp\/v2\/types\/page"}],"author":[{"embeddable":true,"href":"https:\/\/rentablesrd.com\/info\/wp-json\/wp\/v2\/users\/1"}],"replies":[{"embeddable":true,"href":"https:\/\/rentablesrd.com\/info\/wp-json\/wp\/v2\/comments?post=263"}],"version-history":[{"count":7,"href":"https:\/\/rentablesrd.com\/info\/wp-json\/wp\/v2\/pages\/263\/revisions"}],"predecessor-version":[{"id":403,"href":"https:\/\/rentablesrd.com\/info\/wp-json\/wp\/v2\/pages\/263\/revisions\/403"}],"wp:attachment":[{"href":"https:\/\/rentablesrd.com\/info\/wp-json\/wp\/v2\/media?parent=263"}],"curies":[{"name":"wp","href":"https:\/\/api.w.org\/{rel}","templated":true}]}}