{"id":304,"date":"2022-09-10T19:21:41","date_gmt":"2022-09-10T19:21:41","guid":{"rendered":"https:\/\/rentablesrd.com\/info\/?page_id=304"},"modified":"2022-10-14T20:16:45","modified_gmt":"2022-10-14T20:16:45","slug":"piolin","status":"publish","type":"page","link":"https:\/\/rentablesrd.com\/info\/piolin\/","title":{"rendered":"Piol\u00edn"},"content":{"rendered":"\n<h2 class=\"has-text-align-center wp-block-heading\">Hola, soy Piol\u00edn<\/h2>\n\n\n\n<p class=\"has-text-align-center\">Conmigo se siente lo que es vivir en un palacio para ni\u00f1os, desde la entrada ya la princesas y\/o el pr\u00edncipes de la casa, vivamos juntos la experiencia de Inglaterra .<\/p>\n\n\n\n<div class=\"wp-block-button aligncenter\"><a class=\"wp-block-button__link\" href=\"https:\/\/api.whatsapp.com\/send?phone=18097173399&amp;text=Hola%20*RentablesRD*%20me%20interesa%20adquirir%20el%20inflable%20*Piol\u00edn*\">Solic\u00edtame aqu\u00ed<\/a><\/div>\n\n\n\n<figure class=\"wp-block-gallery alignwide has-nested-images columns-default is-cropped wp-block-gallery-1 is-layout-flex wp-block-gallery-is-layout-flex\">\n<figure class=\"wp-block-image size-full\"><img loading=\"lazy\" decoding=\"async\" width=\"800\" height=\"800\" data-id=\"309\" src=\"https:\/\/rentablesrd.com\/info\/wp-content\/uploads\/2022\/09\/Piolin-8.webp\" alt=\"\" class=\"wp-image-309\" srcset=\"https:\/\/rentablesrd.com\/info\/wp-content\/uploads\/2022\/09\/Piolin-8.webp 800w, https:\/\/rentablesrd.com\/info\/wp-content\/uploads\/2022\/09\/Piolin-8-300x300.webp 300w, https:\/\/rentablesrd.com\/info\/wp-content\/uploads\/2022\/09\/Piolin-8-150x150.webp 150w, https:\/\/rentablesrd.com\/info\/wp-content\/uploads\/2022\/09\/Piolin-8-768x768.webp 768w\" sizes=\"(max-width: 800px) 100vw, 800px\" \/><\/figure>\n\n\n\n<figure class=\"wp-block-image size-full\"><img loading=\"lazy\" decoding=\"async\" width=\"800\" height=\"800\" data-id=\"306\" src=\"https:\/\/rentablesrd.com\/info\/wp-content\/uploads\/2022\/09\/Piolin-14.webp\" alt=\"\" class=\"wp-image-306\" srcset=\"https:\/\/rentablesrd.com\/info\/wp-content\/uploads\/2022\/09\/Piolin-14.webp 800w, https:\/\/rentablesrd.com\/info\/wp-content\/uploads\/2022\/09\/Piolin-14-300x300.webp 300w, https:\/\/rentablesrd.com\/info\/wp-content\/uploads\/2022\/09\/Piolin-14-150x150.webp 150w, https:\/\/rentablesrd.com\/info\/wp-content\/uploads\/2022\/09\/Piolin-14-768x768.webp 768w\" sizes=\"(max-width: 800px) 100vw, 800px\" \/><\/figure>\n\n\n\n<figure class=\"wp-block-image size-full\"><img loading=\"lazy\" decoding=\"async\" width=\"800\" height=\"800\" data-id=\"308\" src=\"https:\/\/rentablesrd.com\/info\/wp-content\/uploads\/2022\/09\/Piolin-10-1.webp\" alt=\"\" class=\"wp-image-308\" srcset=\"https:\/\/rentablesrd.com\/info\/wp-content\/uploads\/2022\/09\/Piolin-10-1.webp 800w, https:\/\/rentablesrd.com\/info\/wp-content\/uploads\/2022\/09\/Piolin-10-1-300x300.webp 300w, https:\/\/rentablesrd.com\/info\/wp-content\/uploads\/2022\/09\/Piolin-10-1-150x150.webp 150w, https:\/\/rentablesrd.com\/info\/wp-content\/uploads\/2022\/09\/Piolin-10-1-768x768.webp 768w\" sizes=\"(max-width: 800px) 100vw, 800px\" \/><\/figure>\n<\/figure>\n\n\n\n<figure class=\"wp-block-gallery has-nested-images columns-default is-cropped wp-block-gallery-2 is-layout-flex wp-block-gallery-is-layout-flex\">\n<figure class=\"wp-block-image size-large\"><img loading=\"lazy\" decoding=\"async\" width=\"800\" height=\"800\" data-id=\"310\" src=\"https:\/\/rentablesrd.com\/info\/wp-content\/uploads\/2022\/09\/Piolin-1.webp\" alt=\"\" class=\"wp-image-310\" srcset=\"https:\/\/rentablesrd.com\/info\/wp-content\/uploads\/2022\/09\/Piolin-1.webp 800w, https:\/\/rentablesrd.com\/info\/wp-content\/uploads\/2022\/09\/Piolin-1-300x300.webp 300w, https:\/\/rentablesrd.com\/info\/wp-content\/uploads\/2022\/09\/Piolin-1-150x150.webp 150w, https:\/\/rentablesrd.com\/info\/wp-content\/uploads\/2022\/09\/Piolin-1-768x768.webp 768w\" sizes=\"(max-width: 800px) 100vw, 800px\" \/><\/figure>\n\n\n\n<figure class=\"wp-block-image size-large\"><img loading=\"lazy\" decoding=\"async\" width=\"800\" height=\"800\" data-id=\"311\" src=\"https:\/\/rentablesrd.com\/info\/wp-content\/uploads\/2022\/09\/Piolin-2.webp\" alt=\"\" class=\"wp-image-311\" srcset=\"https:\/\/rentablesrd.com\/info\/wp-content\/uploads\/2022\/09\/Piolin-2.webp 800w, https:\/\/rentablesrd.com\/info\/wp-content\/uploads\/2022\/09\/Piolin-2-300x300.webp 300w, https:\/\/rentablesrd.com\/info\/wp-content\/uploads\/2022\/09\/Piolin-2-150x150.webp 150w, https:\/\/rentablesrd.com\/info\/wp-content\/uploads\/2022\/09\/Piolin-2-768x768.webp 768w\" sizes=\"(max-width: 800px) 100vw, 800px\" \/><\/figure>\n\n\n\n<figure class=\"wp-block-image size-large\"><img loading=\"lazy\" decoding=\"async\" width=\"800\" height=\"800\" data-id=\"312\" src=\"https:\/\/rentablesrd.com\/info\/wp-content\/uploads\/2022\/09\/Piolin-3-1.webp\" alt=\"\" class=\"wp-image-312\" srcset=\"https:\/\/rentablesrd.com\/info\/wp-content\/uploads\/2022\/09\/Piolin-3-1.webp 800w, https:\/\/rentablesrd.com\/info\/wp-content\/uploads\/2022\/09\/Piolin-3-1-300x300.webp 300w, https:\/\/rentablesrd.com\/info\/wp-content\/uploads\/2022\/09\/Piolin-3-1-150x150.webp 150w, https:\/\/rentablesrd.com\/info\/wp-content\/uploads\/2022\/09\/Piolin-3-1-768x768.webp 768w\" sizes=\"(max-width: 800px) 100vw, 800px\" \/><\/figure>\n\n\n\n<figure class=\"wp-block-image size-large\"><img loading=\"lazy\" decoding=\"async\" width=\"800\" height=\"800\" data-id=\"314\" src=\"https:\/\/rentablesrd.com\/info\/wp-content\/uploads\/2022\/09\/Piolin-4.webp\" alt=\"\" class=\"wp-image-314\" srcset=\"https:\/\/rentablesrd.com\/info\/wp-content\/uploads\/2022\/09\/Piolin-4.webp 800w, https:\/\/rentablesrd.com\/info\/wp-content\/uploads\/2022\/09\/Piolin-4-300x300.webp 300w, https:\/\/rentablesrd.com\/info\/wp-content\/uploads\/2022\/09\/Piolin-4-150x150.webp 150w, https:\/\/rentablesrd.com\/info\/wp-content\/uploads\/2022\/09\/Piolin-4-768x768.webp 768w\" sizes=\"(max-width: 800px) 100vw, 800px\" \/><\/figure>\n\n\n\n<figure class=\"wp-block-image size-large\"><img loading=\"lazy\" decoding=\"async\" width=\"800\" height=\"800\" data-id=\"313\" src=\"https:\/\/rentablesrd.com\/info\/wp-content\/uploads\/2022\/09\/Piolin-5.webp\" alt=\"\" class=\"wp-image-313\" srcset=\"https:\/\/rentablesrd.com\/info\/wp-content\/uploads\/2022\/09\/Piolin-5.webp 800w, https:\/\/rentablesrd.com\/info\/wp-content\/uploads\/2022\/09\/Piolin-5-300x300.webp 300w, https:\/\/rentablesrd.com\/info\/wp-content\/uploads\/2022\/09\/Piolin-5-150x150.webp 150w, https:\/\/rentablesrd.com\/info\/wp-content\/uploads\/2022\/09\/Piolin-5-768x768.webp 768w\" sizes=\"(max-width: 800px) 100vw, 800px\" \/><\/figure>\n\n\n\n<figure class=\"wp-block-image size-large\"><img loading=\"lazy\" decoding=\"async\" width=\"800\" height=\"800\" data-id=\"315\" src=\"https:\/\/rentablesrd.com\/info\/wp-content\/uploads\/2022\/09\/Piolin-6.webp\" alt=\"\" class=\"wp-image-315\" srcset=\"https:\/\/rentablesrd.com\/info\/wp-content\/uploads\/2022\/09\/Piolin-6.webp 800w, https:\/\/rentablesrd.com\/info\/wp-content\/uploads\/2022\/09\/Piolin-6-300x300.webp 300w, https:\/\/rentablesrd.com\/info\/wp-content\/uploads\/2022\/09\/Piolin-6-150x150.webp 150w, https:\/\/rentablesrd.com\/info\/wp-content\/uploads\/2022\/09\/Piolin-6-768x768.webp 768w\" sizes=\"(max-width: 800px) 100vw, 800px\" \/><\/figure>\n\n\n\n<figure class=\"wp-block-image size-large\"><img loading=\"lazy\" decoding=\"async\" width=\"800\" height=\"800\" data-id=\"317\" src=\"https:\/\/rentablesrd.com\/info\/wp-content\/uploads\/2022\/09\/Piolin-7.webp\" alt=\"\" class=\"wp-image-317\" srcset=\"https:\/\/rentablesrd.com\/info\/wp-content\/uploads\/2022\/09\/Piolin-7.webp 800w, https:\/\/rentablesrd.com\/info\/wp-content\/uploads\/2022\/09\/Piolin-7-300x300.webp 300w, https:\/\/rentablesrd.com\/info\/wp-content\/uploads\/2022\/09\/Piolin-7-150x150.webp 150w, https:\/\/rentablesrd.com\/info\/wp-content\/uploads\/2022\/09\/Piolin-7-768x768.webp 768w\" sizes=\"(max-width: 800px) 100vw, 800px\" \/><\/figure>\n\n\n\n<figure class=\"wp-block-image size-large\"><img loading=\"lazy\" decoding=\"async\" width=\"800\" height=\"800\" data-id=\"316\" src=\"https:\/\/rentablesrd.com\/info\/wp-content\/uploads\/2022\/09\/Piolin-8-1.webp\" alt=\"\" class=\"wp-image-316\" srcset=\"https:\/\/rentablesrd.com\/info\/wp-content\/uploads\/2022\/09\/Piolin-8-1.webp 800w, https:\/\/rentablesrd.com\/info\/wp-content\/uploads\/2022\/09\/Piolin-8-1-300x300.webp 300w, https:\/\/rentablesrd.com\/info\/wp-content\/uploads\/2022\/09\/Piolin-8-1-150x150.webp 150w, https:\/\/rentablesrd.com\/info\/wp-content\/uploads\/2022\/09\/Piolin-8-1-768x768.webp 768w\" sizes=\"(max-width: 800px) 100vw, 800px\" \/><\/figure>\n\n\n\n<figure class=\"wp-block-image size-large\"><img loading=\"lazy\" decoding=\"async\" width=\"800\" height=\"800\" data-id=\"318\" src=\"https:\/\/rentablesrd.com\/info\/wp-content\/uploads\/2022\/09\/Piolin-9-1.webp\" alt=\"\" class=\"wp-image-318\" srcset=\"https:\/\/rentablesrd.com\/info\/wp-content\/uploads\/2022\/09\/Piolin-9-1.webp 800w, https:\/\/rentablesrd.com\/info\/wp-content\/uploads\/2022\/09\/Piolin-9-1-300x300.webp 300w, https:\/\/rentablesrd.com\/info\/wp-content\/uploads\/2022\/09\/Piolin-9-1-150x150.webp 150w, https:\/\/rentablesrd.com\/info\/wp-content\/uploads\/2022\/09\/Piolin-9-1-768x768.webp 768w\" sizes=\"(max-width: 800px) 100vw, 800px\" \/><\/figure>\n\n\n\n<figure class=\"wp-block-image size-large\"><img loading=\"lazy\" decoding=\"async\" width=\"800\" height=\"800\" data-id=\"319\" src=\"https:\/\/rentablesrd.com\/info\/wp-content\/uploads\/2022\/09\/Piolin-10-2.webp\" alt=\"\" class=\"wp-image-319\" srcset=\"https:\/\/rentablesrd.com\/info\/wp-content\/uploads\/2022\/09\/Piolin-10-2.webp 800w, https:\/\/rentablesrd.com\/info\/wp-content\/uploads\/2022\/09\/Piolin-10-2-300x300.webp 300w, https:\/\/rentablesrd.com\/info\/wp-content\/uploads\/2022\/09\/Piolin-10-2-150x150.webp 150w, https:\/\/rentablesrd.com\/info\/wp-content\/uploads\/2022\/09\/Piolin-10-2-768x768.webp 768w\" sizes=\"(max-width: 800px) 100vw, 800px\" \/><\/figure>\n\n\n\n<figure class=\"wp-block-image size-large\"><img loading=\"lazy\" decoding=\"async\" width=\"800\" height=\"800\" data-id=\"320\" src=\"https:\/\/rentablesrd.com\/info\/wp-content\/uploads\/2022\/09\/Piolin-11.webp\" alt=\"\" class=\"wp-image-320\" srcset=\"https:\/\/rentablesrd.com\/info\/wp-content\/uploads\/2022\/09\/Piolin-11.webp 800w, https:\/\/rentablesrd.com\/info\/wp-content\/uploads\/2022\/09\/Piolin-11-300x300.webp 300w, https:\/\/rentablesrd.com\/info\/wp-content\/uploads\/2022\/09\/Piolin-11-150x150.webp 150w, https:\/\/rentablesrd.com\/info\/wp-content\/uploads\/2022\/09\/Piolin-11-768x768.webp 768w\" sizes=\"(max-width: 800px) 100vw, 800px\" \/><\/figure>\n\n\n\n<figure class=\"wp-block-image size-large\"><img loading=\"lazy\" decoding=\"async\" width=\"800\" height=\"800\" data-id=\"321\" src=\"https:\/\/rentablesrd.com\/info\/wp-content\/uploads\/2022\/09\/Piolin-12.webp\" alt=\"\" class=\"wp-image-321\" srcset=\"https:\/\/rentablesrd.com\/info\/wp-content\/uploads\/2022\/09\/Piolin-12.webp 800w, https:\/\/rentablesrd.com\/info\/wp-content\/uploads\/2022\/09\/Piolin-12-300x300.webp 300w, https:\/\/rentablesrd.com\/info\/wp-content\/uploads\/2022\/09\/Piolin-12-150x150.webp 150w, https:\/\/rentablesrd.com\/info\/wp-content\/uploads\/2022\/09\/Piolin-12-768x768.webp 768w\" sizes=\"(max-width: 800px) 100vw, 800px\" \/><\/figure>\n\n\n\n<figure class=\"wp-block-image size-large\"><img loading=\"lazy\" decoding=\"async\" width=\"800\" height=\"800\" data-id=\"323\" src=\"https:\/\/rentablesrd.com\/info\/wp-content\/uploads\/2022\/09\/Piolin-13.webp\" alt=\"\" class=\"wp-image-323\" srcset=\"https:\/\/rentablesrd.com\/info\/wp-content\/uploads\/2022\/09\/Piolin-13.webp 800w, https:\/\/rentablesrd.com\/info\/wp-content\/uploads\/2022\/09\/Piolin-13-300x300.webp 300w, https:\/\/rentablesrd.com\/info\/wp-content\/uploads\/2022\/09\/Piolin-13-150x150.webp 150w, https:\/\/rentablesrd.com\/info\/wp-content\/uploads\/2022\/09\/Piolin-13-768x768.webp 768w\" sizes=\"(max-width: 800px) 100vw, 800px\" \/><\/figure>\n\n\n\n<figure class=\"wp-block-image size-large\"><img loading=\"lazy\" decoding=\"async\" width=\"800\" height=\"800\" data-id=\"322\" src=\"https:\/\/rentablesrd.com\/info\/wp-content\/uploads\/2022\/09\/Piolin-14-1.webp\" alt=\"\" class=\"wp-image-322\" srcset=\"https:\/\/rentablesrd.com\/info\/wp-content\/uploads\/2022\/09\/Piolin-14-1.webp 800w, https:\/\/rentablesrd.com\/info\/wp-content\/uploads\/2022\/09\/Piolin-14-1-300x300.webp 300w, https:\/\/rentablesrd.com\/info\/wp-content\/uploads\/2022\/09\/Piolin-14-1-150x150.webp 150w, https:\/\/rentablesrd.com\/info\/wp-content\/uploads\/2022\/09\/Piolin-14-1-768x768.webp 768w\" sizes=\"(max-width: 800px) 100vw, 800px\" \/><\/figure>\n\n\n\n<figure class=\"wp-block-image size-large\"><img loading=\"lazy\" decoding=\"async\" width=\"800\" height=\"800\" data-id=\"324\" src=\"https:\/\/rentablesrd.com\/info\/wp-content\/uploads\/2022\/09\/Piolin-15-1.webp\" alt=\"\" class=\"wp-image-324\" srcset=\"https:\/\/rentablesrd.com\/info\/wp-content\/uploads\/2022\/09\/Piolin-15-1.webp 800w, https:\/\/rentablesrd.com\/info\/wp-content\/uploads\/2022\/09\/Piolin-15-1-300x300.webp 300w, https:\/\/rentablesrd.com\/info\/wp-content\/uploads\/2022\/09\/Piolin-15-1-150x150.webp 150w, https:\/\/rentablesrd.com\/info\/wp-content\/uploads\/2022\/09\/Piolin-15-1-768x768.webp 768w\" sizes=\"(max-width: 800px) 100vw, 800px\" \/><\/figure>\n<\/figure>\n\n\n\n<div class=\"wp-block-columns alignwide is-layout-flex wp-container-core-columns-is-layout-1 wp-block-columns-is-layout-flex\">\n<div class=\"wp-block-column is-layout-flow wp-block-column-is-layout-flow\">\n<h3 class=\"wp-block-heading\">Informaci\u00f3n<\/h3>\n\n\n\n<p>Castillo inflable para ni\u00f1os desde 2 hasta 9 ideal para fiestas en exteriores, cuenta con dos espacios separados para saltar, por lo que se ajusta perfecto para actividades donde los ni\u00f1os tengan edades distantes.<br><br>Con una resbaladilla, altas torres, simulaci\u00f3n de ventana y puerta Piol\u00edn les dar\u00e1 la sensaci\u00f3n de haber vuelto a la era medieval pero de la diversi\u00f3n.<br><br>Puede ser utilizado por 6 ni\u00f1os a la vez.<\/p>\n\n\n\n<p><\/p>\n\n\n\n<p><\/p>\n<\/div>\n\n\n\n<div class=\"wp-block-column is-layout-flow wp-block-column-is-layout-flow\">\n<h3 class=\"wp-block-heading\">Precio<\/h3>\n\n\n\n<p>El costo de los servicios son determinados por las horas de uso, cada inflable tiene un costo particular. El precio puede variar por ofertas de temporada.<\/p>\n\n\n\n<p><\/p>\n\n\n\n<p>Este inflable llamado Inglaterra es&nbsp;<strong>categor\u00eda 0-9<\/strong>, puedo consultar el catalogo de precios para la informaci\u00f3n del mismo.<\/p>\n\n\n\n<p>  <\/p>\n<\/div>\n<\/div>\n","protected":false},"excerpt":{"rendered":"<p>Hola, soy Piol\u00edn Conmigo se siente lo que es vivir en un palacio para ni\u00f1os, desde la entrada ya la princesas y\/o el pr\u00edncipes de la casa, vivamos juntos la experiencia de Inglaterra . Informaci\u00f3n Castillo inflable para ni\u00f1os desde 2 hasta 9 ideal para fiestas en exteriores, cuenta con dos espacios separados para saltar, [&hellip;]<\/p>\n","protected":false},"author":1,"featured_media":0,"parent":0,"menu_order":0,"comment_status":"closed","ping_status":"closed","template":"","meta":{"hide_page_title":"","om_disable_all_campaigns":false,"_monsterinsights_skip_tracking":false,"_monsterinsights_sitenote_active":false,"_monsterinsights_sitenote_note":"","_monsterinsights_sitenote_category":0,"footnotes":""},"aioseo_notices":[],"_links":{"self":[{"href":"https:\/\/rentablesrd.com\/info\/wp-json\/wp\/v2\/pages\/304"}],"collection":[{"href":"https:\/\/rentablesrd.com\/info\/wp-json\/wp\/v2\/pages"}],"about":[{"href":"https:\/\/rentablesrd.com\/info\/wp-json\/wp\/v2\/types\/page"}],"author":[{"embeddable":true,"href":"https:\/\/rentablesrd.com\/info\/wp-json\/wp\/v2\/users\/1"}],"replies":[{"embeddable":true,"href":"https:\/\/rentablesrd.com\/info\/wp-json\/wp\/v2\/comments?post=304"}],"version-history":[{"count":2,"href":"https:\/\/rentablesrd.com\/info\/wp-json\/wp\/v2\/pages\/304\/revisions"}],"predecessor-version":[{"id":405,"href":"https:\/\/rentablesrd.com\/info\/wp-json\/wp\/v2\/pages\/304\/revisions\/405"}],"wp:attachment":[{"href":"https:\/\/rentablesrd.com\/info\/wp-json\/wp\/v2\/media?parent=304"}],"curies":[{"name":"wp","href":"https:\/\/api.w.org\/{rel}","templated":true}]}}