{"id":336,"date":"2022-09-10T19:32:34","date_gmt":"2022-09-10T19:32:34","guid":{"rendered":"https:\/\/rentablesrd.com\/info\/?page_id=336"},"modified":"2023-09-15T16:11:16","modified_gmt":"2023-09-15T16:11:16","slug":"cuadrilatero","status":"publish","type":"page","link":"https:\/\/rentablesrd.com\/info\/cuadrilatero\/","title":{"rendered":"Cuadrilatero"},"content":{"rendered":"\n<h2 class=\"wp-block-heading has-text-align-center\">Hola, soy Cuadril\u00e1tero<\/h2>\n\n\n\n<p class=\"has-text-align-center\">El CUADRIL\u00c1TERO de la diversi\u00f3n, o as\u00ed lo llamar\u00e1n los ni\u00f1os despu\u00e9s de la fiesta<\/p>\n\n\n\n<div class=\"wp-block-button aligncenter\"><a class=\"wp-block-button__link wp-element-button\" href=\"https:\/\/api.whatsapp.com\/send?phone=18097173399&amp;text=Hola%20*RentablesRD*%20me%20interesa%20adquirir%20el%20inflable%20*Cuadrilatero*\">Solic\u00edtame aqu\u00ed<\/a><\/div>\n\n\n\n<figure class=\"wp-block-gallery alignwide has-nested-images columns-default is-cropped wp-block-gallery-1 is-layout-flex wp-block-gallery-is-layout-flex\">\n<figure class=\"wp-block-image size-full\"><img loading=\"lazy\" decoding=\"async\" width=\"800\" height=\"800\" data-id=\"337\" src=\"https:\/\/rentablesrd.com\/info\/wp-content\/uploads\/2022\/09\/Cuadrilatero-1.webp\" alt=\"\" class=\"wp-image-337\" srcset=\"https:\/\/rentablesrd.com\/info\/wp-content\/uploads\/2022\/09\/Cuadrilatero-1.webp 800w, https:\/\/rentablesrd.com\/info\/wp-content\/uploads\/2022\/09\/Cuadrilatero-1-300x300.webp 300w, https:\/\/rentablesrd.com\/info\/wp-content\/uploads\/2022\/09\/Cuadrilatero-1-150x150.webp 150w, https:\/\/rentablesrd.com\/info\/wp-content\/uploads\/2022\/09\/Cuadrilatero-1-768x768.webp 768w\" sizes=\"(max-width: 800px) 100vw, 800px\" \/><\/figure>\n\n\n\n<figure class=\"wp-block-image size-full\"><img loading=\"lazy\" decoding=\"async\" width=\"800\" height=\"800\" data-id=\"344\" src=\"https:\/\/rentablesrd.com\/info\/wp-content\/uploads\/2022\/09\/Cuadrilatero-4-2.webp\" alt=\"\" class=\"wp-image-344\" srcset=\"https:\/\/rentablesrd.com\/info\/wp-content\/uploads\/2022\/09\/Cuadrilatero-4-2.webp 800w, https:\/\/rentablesrd.com\/info\/wp-content\/uploads\/2022\/09\/Cuadrilatero-4-2-300x300.webp 300w, https:\/\/rentablesrd.com\/info\/wp-content\/uploads\/2022\/09\/Cuadrilatero-4-2-150x150.webp 150w, https:\/\/rentablesrd.com\/info\/wp-content\/uploads\/2022\/09\/Cuadrilatero-4-2-768x768.webp 768w\" sizes=\"(max-width: 800px) 100vw, 800px\" \/><\/figure>\n\n\n\n<figure class=\"wp-block-image size-full\"><img loading=\"lazy\" decoding=\"async\" width=\"800\" height=\"800\" data-id=\"339\" src=\"https:\/\/rentablesrd.com\/info\/wp-content\/uploads\/2022\/09\/Cuadrilatero-5.webp\" alt=\"\" class=\"wp-image-339\" srcset=\"https:\/\/rentablesrd.com\/info\/wp-content\/uploads\/2022\/09\/Cuadrilatero-5.webp 800w, https:\/\/rentablesrd.com\/info\/wp-content\/uploads\/2022\/09\/Cuadrilatero-5-300x300.webp 300w, https:\/\/rentablesrd.com\/info\/wp-content\/uploads\/2022\/09\/Cuadrilatero-5-150x150.webp 150w, https:\/\/rentablesrd.com\/info\/wp-content\/uploads\/2022\/09\/Cuadrilatero-5-768x768.webp 768w\" sizes=\"(max-width: 800px) 100vw, 800px\" \/><\/figure>\n<\/figure>\n\n\n\n<figure class=\"wp-block-gallery has-nested-images columns-default is-cropped wp-block-gallery-2 is-layout-flex wp-block-gallery-is-layout-flex\">\n<figure class=\"wp-block-image size-full\"><img loading=\"lazy\" decoding=\"async\" width=\"800\" height=\"800\" data-id=\"342\" src=\"https:\/\/rentablesrd.com\/info\/wp-content\/uploads\/2022\/09\/Cuadrilatero-3-2.webp\" alt=\"\" class=\"wp-image-342\" srcset=\"https:\/\/rentablesrd.com\/info\/wp-content\/uploads\/2022\/09\/Cuadrilatero-3-2.webp 800w, https:\/\/rentablesrd.com\/info\/wp-content\/uploads\/2022\/09\/Cuadrilatero-3-2-300x300.webp 300w, https:\/\/rentablesrd.com\/info\/wp-content\/uploads\/2022\/09\/Cuadrilatero-3-2-150x150.webp 150w, https:\/\/rentablesrd.com\/info\/wp-content\/uploads\/2022\/09\/Cuadrilatero-3-2-768x768.webp 768w\" sizes=\"(max-width: 800px) 100vw, 800px\" \/><\/figure>\n<\/figure>\n\n\n\n<div class=\"wp-block-columns alignwide is-layout-flex wp-container-core-columns-is-layout-1 wp-block-columns-is-layout-flex\">\n<div class=\"wp-block-column is-layout-flow wp-block-column-is-layout-flow\">\n<h3 class=\"wp-block-heading\">Informaci\u00f3n<\/h3>\n\n\n\n<p>U<\/p>\n\n\n\n<p>Espacio para saltar ideal para ni\u00f1os desde 5 hasta 8 a\u00f1os con un aro para encestar, altas torres y una resbaladilla en el frente.<br>.<br>Puede ser utilizado por 3 ni\u00f1os a la vez.<\/p>\n\n\n\n<p><br><\/p>\n<\/div>\n\n\n\n<div class=\"wp-block-column is-layout-flow wp-block-column-is-layout-flow\">\n<h3 class=\"wp-block-heading\">Precio<\/h3>\n\n\n\n<p>El costo de los servicios son determinados por las horas de uso, cada inflable tiene un costo particular. El precio puede variar por ofertas de temporada.<\/p>\n\n\n\n<p><\/p>\n\n\n\n<p>Este inflable llamado Inglaterra es\u00a0<strong>categor\u00eda 0-8<\/strong>, puedo consultar el catalogo de precios para la informaci\u00f3n del mismo.<\/p>\n\n\n\n<p>  <\/p>\n<\/div>\n<\/div>\n","protected":false},"excerpt":{"rendered":"<p>Hola, soy Cuadril\u00e1tero El CUADRIL\u00c1TERO de la diversi\u00f3n, o as\u00ed lo llamar\u00e1n los ni\u00f1os despu\u00e9s de la fiesta Informaci\u00f3n U Espacio para saltar ideal para ni\u00f1os desde 5 hasta 8 a\u00f1os con un aro para encestar, altas torres y una resbaladilla en el frente..Puede ser utilizado por 3 ni\u00f1os a la vez. Precio El costo [&hellip;]<\/p>\n","protected":false},"author":1,"featured_media":0,"parent":0,"menu_order":0,"comment_status":"closed","ping_status":"closed","template":"","meta":{"hide_page_title":"","om_disable_all_campaigns":false,"_monsterinsights_skip_tracking":false,"_monsterinsights_sitenote_active":false,"_monsterinsights_sitenote_note":"","_monsterinsights_sitenote_category":0,"footnotes":""},"aioseo_notices":[],"_links":{"self":[{"href":"https:\/\/rentablesrd.com\/info\/wp-json\/wp\/v2\/pages\/336"}],"collection":[{"href":"https:\/\/rentablesrd.com\/info\/wp-json\/wp\/v2\/pages"}],"about":[{"href":"https:\/\/rentablesrd.com\/info\/wp-json\/wp\/v2\/types\/page"}],"author":[{"embeddable":true,"href":"https:\/\/rentablesrd.com\/info\/wp-json\/wp\/v2\/users\/1"}],"replies":[{"embeddable":true,"href":"https:\/\/rentablesrd.com\/info\/wp-json\/wp\/v2\/comments?post=336"}],"version-history":[{"count":4,"href":"https:\/\/rentablesrd.com\/info\/wp-json\/wp\/v2\/pages\/336\/revisions"}],"predecessor-version":[{"id":775,"href":"https:\/\/rentablesrd.com\/info\/wp-json\/wp\/v2\/pages\/336\/revisions\/775"}],"wp:attachment":[{"href":"https:\/\/rentablesrd.com\/info\/wp-json\/wp\/v2\/media?parent=336"}],"curies":[{"name":"wp","href":"https:\/\/api.w.org\/{rel}","templated":true}]}}