{"id":452,"date":"2022-10-25T13:03:05","date_gmt":"2022-10-25T13:03:05","guid":{"rendered":"https:\/\/rentablesrd.com\/info\/?page_id=452"},"modified":"2024-06-08T22:31:36","modified_gmt":"2024-06-09T02:31:36","slug":"paquetes","status":"publish","type":"page","link":"https:\/\/rentablesrd.com\/info\/paquetes\/","title":{"rendered":"Paquetes"},"content":{"rendered":"\n<div class=\"wp-block-buttons is-content-justification-center is-layout-flex wp-container-core-buttons-is-layout-1 wp-block-buttons-is-layout-flex\"><\/div>\n\n\n\n<hr class=\"wp-block-separator has-alpha-channel-opacity\"\/>\n\n\n\n<blockquote class=\"wp-block-quote is-layout-flow wp-block-quote-is-layout-flow\">\n<p class=\"has-text-align-center\">Estamos preparando nuevos paquetes que se adecuan a los nuevos tiempo<\/p>\n<cite>1 de Agosto 2024<\/cite><\/blockquote>\n\n\n\n<div class=\"wp-block-media-text alignwide is-stacked-on-mobile is-vertically-aligned-top\"><figure class=\"wp-block-media-text__media\"><a href=\"https:\/\/rentablesrd.com\/info\/inflables-maquinas\/\"><img loading=\"lazy\" decoding=\"async\" width=\"1024\" height=\"1024\" src=\"https:\/\/rentablesrd.com\/info\/wp-content\/uploads\/2024\/04\/Paquetes-RentablesRD-2-1024x1024.jpg\" alt=\"\" class=\"wp-image-1297 size-full\" srcset=\"https:\/\/rentablesrd.com\/info\/wp-content\/uploads\/2024\/04\/Paquetes-RentablesRD-2-1024x1024.jpg 1024w, https:\/\/rentablesrd.com\/info\/wp-content\/uploads\/2024\/04\/Paquetes-RentablesRD-2-300x300.jpg 300w, https:\/\/rentablesrd.com\/info\/wp-content\/uploads\/2024\/04\/Paquetes-RentablesRD-2-150x150.jpg 150w, https:\/\/rentablesrd.com\/info\/wp-content\/uploads\/2024\/04\/Paquetes-RentablesRD-2-768x768.jpg 768w, https:\/\/rentablesrd.com\/info\/wp-content\/uploads\/2024\/04\/Paquetes-RentablesRD-2.jpg 1080w\" sizes=\"(max-width: 1024px) 100vw, 1024px\" \/><\/a><\/figure><div class=\"wp-block-media-text__content\">\n<h3 class=\"wp-block-heading\">Inflables &amp; Maquinas<\/h3>\n\n\n\n<p>Para todo tipo de eventos desde RD$ 9,950 pesos. <\/p>\n\n\n\n<div class=\"wp-block-buttons is-layout-flex wp-container-core-buttons-is-layout-2 wp-block-buttons-is-layout-flex\">\n<div class=\"wp-block-button\"><a class=\"wp-block-button__link wp-element-button\" href=\"https:\/\/rentablesrd.com\/info\/inflables-maquinas\/\">Mas informaci\u00f3n<\/a><\/div>\n\n\n\n<div class=\"wp-block-button\"><a class=\"wp-block-button__link wp-element-button\" href=\"http:\/\/wa.me\/8097173399\">Solicita este paquete<\/a><\/div>\n<\/div>\n\n\n\n<p><strong>Juego Inflables:<\/strong><\/p>\n\n\n\n<p>Puede elegir entre nuestra gran variedad de juegos inflables apto para tu paquete.<\/p>\n\n\n\n<p><\/p>\n\n\n\n<p><strong>Maquinas de palomitas: <\/strong><\/p>\n\n\n\n<p>Incluye todos los suministros necesarios para su preparaci\u00f3n, como tambi\u00e9n materiales gastables para repartir a tus invitados. <\/p>\n\n\n\n<p><\/p>\n\n\n\n<p><strong>Maquinas de Algod\u00f3n de az\u00facar: <\/strong><\/p>\n\n\n\n<p>Incluye todos los suministros necesarios para su preparaci\u00f3n, como tambi\u00e9n materiales gastables para repartir a tus invitados. <br><br>Puedes consultar mas especificaciones de este paquete en su p\u00e1gina dedicada.<\/p>\n\n\n\n<p><\/p>\n\n\n\n<p><em>Disponible solo hasta 30 de Junio, <br>nos preparamos para nuevos paquetes<\/em><\/p>\n<\/div><\/div>\n\n\n\n<hr class=\"wp-block-separator has-alpha-channel-opacity\"\/>\n\n\n\n<div class=\"wp-block-media-text alignwide is-stacked-on-mobile\" style=\"grid-template-columns:49% auto\"><figure class=\"wp-block-media-text__media\"><a href=\"https:\/\/rentablesrd.com\/info\/animacion-juegos\/\"><img loading=\"lazy\" decoding=\"async\" width=\"1024\" height=\"1024\" src=\"https:\/\/rentablesrd.com\/info\/wp-content\/uploads\/2024\/04\/Paquetes-RentablesRD-3-1024x1024.jpg\" alt=\"\" class=\"wp-image-1299 size-full\" srcset=\"https:\/\/rentablesrd.com\/info\/wp-content\/uploads\/2024\/04\/Paquetes-RentablesRD-3-1024x1024.jpg 1024w, https:\/\/rentablesrd.com\/info\/wp-content\/uploads\/2024\/04\/Paquetes-RentablesRD-3-300x300.jpg 300w, https:\/\/rentablesrd.com\/info\/wp-content\/uploads\/2024\/04\/Paquetes-RentablesRD-3-150x150.jpg 150w, https:\/\/rentablesrd.com\/info\/wp-content\/uploads\/2024\/04\/Paquetes-RentablesRD-3-768x768.jpg 768w, https:\/\/rentablesrd.com\/info\/wp-content\/uploads\/2024\/04\/Paquetes-RentablesRD-3.jpg 1080w\" sizes=\"(max-width: 1024px) 100vw, 1024px\" \/><\/a><\/figure><div class=\"wp-block-media-text__content\">\n<h3 class=\"wp-block-heading\">Animaci\u00f3n y Juegos<\/h3>\n\n\n\n<div class=\"wp-block-buttons is-layout-flex wp-container-core-buttons-is-layout-3 wp-block-buttons-is-layout-flex\">\n<div class=\"wp-block-button\"><a class=\"wp-block-button__link wp-element-button\" href=\"https:\/\/rentablesrd.com\/info\/animacion-juegos\/\">Mas informaci\u00f3n<\/a><\/div>\n\n\n\n<div class=\"wp-block-button\"><a class=\"wp-block-button__link wp-element-button\" href=\"http:\/\/wa.me\/8097173399\">Solicitar Paquete<\/a><\/div>\n<\/div>\n\n\n\n<p><\/p>\n\n\n\n<p><strong>Juego Inflables:<\/strong><\/p>\n\n\n\n<p>Puede elegir entre nuestra gran variedad de juegos inflables apto para tu paquete.<\/p>\n\n\n\n<p><\/p>\n\n\n\n<p><strong>Animador o Payaso : <\/strong><\/p>\n\n\n\n<p>Nuestro animador dirigen el evento para crear esa armon\u00eda entre lo que llevamos como lo que usted tiene en su fiesta. <\/p>\n\n\n\n<p><\/p>\n\n\n\n<p><strong>Pinta Caritas: <\/strong><\/p>\n\n\n\n<p>Junto al juego inflable habilitamos nuestra expertas en pintar caritas para que los ni\u00f1os disfruten del mundo maravilloso del color y la creatividad.&nbsp;<br><\/p>\n\n\n\n<p><strong>Sonido y Micr\u00f3fono:<br><\/strong>Eleva el tono de voz y coloca la m\u00fasica ambiental para crear el escenario perfecto de fiesta. <\/p>\n\n\n\n<p><br>Puedes consultar mas especificaciones de este paquete en su p\u00e1gina dedicada.<\/p>\n\n\n\n<p><\/p>\n\n\n\n<p><em>Disponible solo hasta 30 de Junio, <br>nos preparamos para nuevos paquetes<\/em><\/p>\n<\/div><\/div>\n\n\n\n<hr class=\"wp-block-separator has-alpha-channel-opacity\"\/>\n\n\n\n<div class=\"wp-block-media-text alignwide is-stacked-on-mobile\" style=\"grid-template-columns:49% auto\"><figure class=\"wp-block-media-text__media\"><a href=\"https:\/\/rentablesrd.com\/info\/dim-plus\/\"><img loading=\"lazy\" decoding=\"async\" width=\"1024\" height=\"1024\" src=\"https:\/\/rentablesrd.com\/info\/wp-content\/uploads\/2024\/04\/Paquetes-RentablesRD-6-1024x1024.jpg\" alt=\"\" class=\"wp-image-1312 size-full\" srcset=\"https:\/\/rentablesrd.com\/info\/wp-content\/uploads\/2024\/04\/Paquetes-RentablesRD-6-1024x1024.jpg 1024w, https:\/\/rentablesrd.com\/info\/wp-content\/uploads\/2024\/04\/Paquetes-RentablesRD-6-300x300.jpg 300w, https:\/\/rentablesrd.com\/info\/wp-content\/uploads\/2024\/04\/Paquetes-RentablesRD-6-150x150.jpg 150w, https:\/\/rentablesrd.com\/info\/wp-content\/uploads\/2024\/04\/Paquetes-RentablesRD-6-768x768.jpg 768w, https:\/\/rentablesrd.com\/info\/wp-content\/uploads\/2024\/04\/Paquetes-RentablesRD-6.jpg 1080w\" sizes=\"(max-width: 1024px) 100vw, 1024px\" \/><\/a><\/figure><div class=\"wp-block-media-text__content\">\n<h3 class=\"wp-block-heading\">Decoraci\u00f3n Plus <br>Maquinas e Inflable<\/h3>\n\n\n\n<div class=\"wp-block-buttons is-layout-flex wp-container-core-buttons-is-layout-4 wp-block-buttons-is-layout-flex\">\n<div class=\"wp-block-button\"><a class=\"wp-block-button__link wp-element-button\" href=\"https:\/\/rentablesrd.com\/info\/dim-plus\/\">Mas informaci\u00f3n<\/a><\/div>\n\n\n\n<div class=\"wp-block-button\"><a class=\"wp-block-button__link wp-element-button\" href=\"http:\/\/wa.me\/8097173399\">Solicitar Paquete<\/a><\/div>\n<\/div>\n\n\n\n<p><\/p>\n\n\n\n<p><strong>Juego Inflables:<\/strong><\/p>\n\n\n\n<p>Puede elegir entre nuestra gran variedad de juegos inflables apto para tu paquete.<\/p>\n\n\n\n<p><\/p>\n\n\n\n<p><strong>Maquinas de palomitas: <\/strong><\/p>\n\n\n\n<p>Incluye todos los suministros necesarios para su preparaci\u00f3n, como tambi\u00e9n materiales gastables para repartir a tus invitados. <\/p>\n\n\n\n<p><\/p>\n\n\n\n<p><strong>Maquinas de Algod\u00f3n de az\u00facar: <\/strong><\/p>\n\n\n\n<p>Incluye todos los suministros necesarios para su preparaci\u00f3n, como tambi\u00e9n materiales gastables para repartir a tus invitados. <\/p>\n\n\n\n<p><\/p>\n\n\n\n<p><strong>Decoraci\u00f3n:<\/strong><\/p>\n\n\n\n<p>Mamparas, cilindros, elevadores, impresiones , detalles tem\u00e1ticos y globos para dise\u00f1ar tu escenario. <\/p>\n\n\n\n<p><\/p>\n\n\n\n<p><strong>Sonido y Micr\u00f3fono:<br><\/strong>Eleva el tono de voz y coloca la m\u00fasica ambiental para crear el escenario perfecto de fiesta. <br><\/p>\n\n\n\n<p><em>Disponible solo hasta 30 de Junio, <br>nos preparamos para nuevos paquetes<\/em><\/p>\n<\/div><\/div>\n\n\n\n<hr class=\"wp-block-separator has-alpha-channel-opacity\"\/>\n\n\n\n<div class=\"wp-block-media-text alignwide is-stacked-on-mobile\" style=\"grid-template-columns:49% auto\"><figure class=\"wp-block-media-text__media\"><a href=\"https:\/\/rentablesrd.com\/info\/paquete-dim\/\"><img loading=\"lazy\" decoding=\"async\" width=\"1024\" height=\"1024\" src=\"https:\/\/rentablesrd.com\/info\/wp-content\/uploads\/2024\/04\/Paquetes-RentablesRD-4-1024x1024.jpg\" alt=\"\" class=\"wp-image-1307 size-full\" srcset=\"https:\/\/rentablesrd.com\/info\/wp-content\/uploads\/2024\/04\/Paquetes-RentablesRD-4-1024x1024.jpg 1024w, https:\/\/rentablesrd.com\/info\/wp-content\/uploads\/2024\/04\/Paquetes-RentablesRD-4-300x300.jpg 300w, https:\/\/rentablesrd.com\/info\/wp-content\/uploads\/2024\/04\/Paquetes-RentablesRD-4-150x150.jpg 150w, https:\/\/rentablesrd.com\/info\/wp-content\/uploads\/2024\/04\/Paquetes-RentablesRD-4-768x768.jpg 768w, https:\/\/rentablesrd.com\/info\/wp-content\/uploads\/2024\/04\/Paquetes-RentablesRD-4.jpg 1080w\" sizes=\"(max-width: 1024px) 100vw, 1024px\" \/><\/a><\/figure><div class=\"wp-block-media-text__content\">\n<h3 class=\"wp-block-heading\">Decoraci\u00f3n<br>Maquina e Inflable<\/h3>\n\n\n\n<div class=\"wp-block-buttons is-layout-flex wp-container-core-buttons-is-layout-5 wp-block-buttons-is-layout-flex\">\n<div class=\"wp-block-button\"><a class=\"wp-block-button__link wp-element-button\" href=\"https:\/\/rentablesrd.com\/info\/paquete-dim\/\">Mas informaci\u00f3n<\/a><\/div>\n\n\n\n<div class=\"wp-block-button\"><a class=\"wp-block-button__link wp-element-button\" href=\"http:\/\/wa.me\/8097173399\">Solicitar Paquete<\/a><\/div>\n<\/div>\n\n\n\n<p><\/p>\n\n\n\n<p><strong>Juego Inflables:<\/strong><\/p>\n\n\n\n<p>Puede elegir entre nuestra gran variedad de juegos inflables apto para tu paquete.<\/p>\n\n\n\n<p><\/p>\n\n\n\n<p><strong>Maquinas de palomitas: <\/strong><\/p>\n\n\n\n<p>Incluye todos los suministros necesarios para su preparaci\u00f3n, como tambi\u00e9n materiales gastables para repartir a tus invitados. <\/p>\n\n\n\n<p><\/p>\n\n\n\n<p><strong>Maquinas de Algod\u00f3n de az\u00facar: <\/strong><\/p>\n\n\n\n<p>Incluye todos los suministros necesarios para su preparaci\u00f3n, como tambi\u00e9n materiales gastables para repartir a tus invitados. <\/p>\n\n\n\n<p><\/p>\n\n\n\n<p><strong>Decoraci\u00f3n:<\/strong><\/p>\n\n\n\n<p>Mampara abierta, cilindro, elevador y globos para dise\u00f1ar tu escenario. <\/p>\n\n\n\n<p><\/p>\n\n\n\n<p><em>Disponible solo hasta 30 de Junio, <br>nos preparamos para nuevos paquetes<\/em><\/p>\n\n\n\n<p>.<\/p>\n<\/div><\/div>\n\n\n\n<div class=\"wp-block-media-text alignwide is-stacked-on-mobile\" style=\"grid-template-columns:49% auto\"><figure class=\"wp-block-media-text__media\"><a href=\"https:\/\/rentablesrd.com\/info\/paquete-dim\/\"><img loading=\"lazy\" decoding=\"async\" width=\"1024\" height=\"1024\" src=\"https:\/\/rentablesrd.com\/info\/wp-content\/uploads\/2024\/04\/Paquete-Completo-1-1-1024x1024.jpg\" alt=\"\" class=\"wp-image-1252 size-full\" srcset=\"https:\/\/rentablesrd.com\/info\/wp-content\/uploads\/2024\/04\/Paquete-Completo-1-1-1024x1024.jpg 1024w, https:\/\/rentablesrd.com\/info\/wp-content\/uploads\/2024\/04\/Paquete-Completo-1-1-300x300.jpg 300w, https:\/\/rentablesrd.com\/info\/wp-content\/uploads\/2024\/04\/Paquete-Completo-1-1-150x150.jpg 150w, https:\/\/rentablesrd.com\/info\/wp-content\/uploads\/2024\/04\/Paquete-Completo-1-1-768x768.jpg 768w, https:\/\/rentablesrd.com\/info\/wp-content\/uploads\/2024\/04\/Paquete-Completo-1-1.jpg 1080w\" sizes=\"(max-width: 1024px) 100vw, 1024px\" \/><\/a><\/figure><div class=\"wp-block-media-text__content\">\n<h3 class=\"wp-block-heading\">Paquete Completo<\/h3>\n\n\n\n<div class=\"wp-block-buttons is-layout-flex wp-container-core-buttons-is-layout-6 wp-block-buttons-is-layout-flex\">\n<div class=\"wp-block-button\"><a class=\"wp-block-button__link wp-element-button\" href=\"https:\/\/rentablesrd.com\/info\/completo\/\">Mas informaci\u00f3n<\/a><\/div>\n\n\n\n<div class=\"wp-block-button\"><a class=\"wp-block-button__link wp-element-button\" href=\"http:\/\/wa.me\/8097173399\">Solicitar Paquete<\/a><\/div>\n<\/div>\n\n\n\n<p><\/p>\n\n\n\n<p><strong>Juego Inflables:<\/strong><\/p>\n\n\n\n<p>Puede elegir entre nuestra gran variedad de juegos inflables apto para tu paquete.<\/p>\n\n\n\n<p><\/p>\n\n\n\n<p><strong>Snacks<\/strong>:<\/p>\n\n\n\n<p>Incluye todos los suministros necesarios para su preparaci\u00f3n, como tambi\u00e9n materiales gastables para repartir a tus invitados. <br><br>Palomitas, Algod\u00f3n de az\u00facar, Hot Dog y nachos con queso.  <\/p>\n\n\n\n<p><\/p>\n\n\n\n<p><strong>Bebidas: <\/strong><\/p>\n\n\n\n<p>ncluye todos los suministros necesarios para su preparaci\u00f3n, como tambi\u00e9n materiales gastables para repartir a tus invitados. <br><br><strong>Tendr\u00e1s:<\/strong><br>Frio Frio, Jugos Naturales y Refrescos<\/p>\n\n\n\n<p><\/p>\n\n\n\n<p><\/p>\n\n\n\n<p><strong>Decoraci\u00f3n:<\/strong><\/p>\n\n\n\n<p>Mamparas, cilindros, elevadores, globos, arreglos de flore y detalles tem\u00e1ticos para dise\u00f1ar tu escenario. <\/p>\n\n\n\n<p><\/p>\n\n\n\n<p><em>Disponible solo hasta 30 de Junio, <br>nos preparamos para nuevos paquetes<\/em><\/p>\n<\/div><\/div>\n\n\n\n<h2 class=\"wp-block-heading\">Paquetes Personalizados <br>y dise\u00f1ados por clientes<\/h2>\n\n\n\n<div class=\"wp-block-media-text alignwide is-stacked-on-mobile\" style=\"grid-template-columns:35% auto\"><figure class=\"wp-block-media-text__media\"><img loading=\"lazy\" decoding=\"async\" width=\"1024\" height=\"1024\" src=\"https:\/\/rentablesrd.com\/info\/wp-content\/uploads\/2024\/01\/Paquete-de-Fiesta-Infantil-Post-para-Instagram-2-1024x1024.jpg\" alt=\"\" class=\"wp-image-838 size-full\" srcset=\"https:\/\/rentablesrd.com\/info\/wp-content\/uploads\/2024\/01\/Paquete-de-Fiesta-Infantil-Post-para-Instagram-2-1024x1024.jpg 1024w, https:\/\/rentablesrd.com\/info\/wp-content\/uploads\/2024\/01\/Paquete-de-Fiesta-Infantil-Post-para-Instagram-2-300x300.jpg 300w, https:\/\/rentablesrd.com\/info\/wp-content\/uploads\/2024\/01\/Paquete-de-Fiesta-Infantil-Post-para-Instagram-2-150x150.jpg 150w, https:\/\/rentablesrd.com\/info\/wp-content\/uploads\/2024\/01\/Paquete-de-Fiesta-Infantil-Post-para-Instagram-2-768x768.jpg 768w, https:\/\/rentablesrd.com\/info\/wp-content\/uploads\/2024\/01\/Paquete-de-Fiesta-Infantil-Post-para-Instagram-2.jpg 1080w\" sizes=\"(max-width: 1024px) 100vw, 1024px\" \/><\/figure><div class=\"wp-block-media-text__content\">\n<h3 class=\"wp-block-heading\">Paquete 25K &#8211; Fiesta Infantil<\/h3>\n\n\n\n<p>\ud83e\udd73 Celebra tu fiesta de cumplea\u00f1os completa con RD$ 25,000 pesos.\ud83e\udd73\ud83e\ude84\ud83c\udf2d\ud83c\udf70\ud83c\udf88<\/p>\n\n\n\n<p>Recibe en tu hogar, club, parque o escuela los siguientes productos\/servicios:<\/p>\n\n\n\n<p><\/p>\n\n\n\n<ol style=\"list-style-type:1\">\n<li>Juego Inflable (ni\u00f1os de 1 a 5 a\u00f1os)<\/li>\n\n\n\n<li><strong>Maquina de palomitas: <\/strong>Suministros, desechables y maquina para producir las palomitas. 50 unidades <\/li>\n\n\n\n<li><strong>Maquina Algod\u00f3n de Az\u00facar: <\/strong>Suministros, desechables y maquina para producir las algodones. 50 unidades <\/li>\n\n\n\n<li><strong>Hot Dog: <\/strong>Suministros, desechables para los Hot Dog. 50 unidades <\/li>\n\n\n\n<li> \ud83e\udd21 Animador y\/o Animadora: Una hora de servicios<\/li>\n\n\n\n<li>Personal para crear Palomitas y Algod\u00f3n. <\/li>\n\n\n\n<li>Personal para inflable<\/li>\n<\/ol>\n<\/div><\/div>\n\n\n\n<hr class=\"wp-block-separator has-alpha-channel-opacity\"\/>\n\n\n\n<h2 class=\"wp-block-heading\">Dise\u00f1a tu propio paquete<\/h2>\n\n\n\n<div class=\"wp-block-buttons is-content-justification-center is-layout-flex wp-container-core-buttons-is-layout-7 wp-block-buttons-is-layout-flex\">\n<div class=\"wp-block-button\"><a class=\"wp-block-button__link wp-element-button\" href=\"https:\/\/wa.link\/yqrqdu\">Dise\u00f1ar mi Paquete<\/a><\/div>\n<\/div>\n","protected":false},"excerpt":{"rendered":"<p>Estamos preparando nuevos paquetes que se adecuan a los nuevos tiempo 1 de Agosto 2024 Paquetes Personalizados y dise\u00f1ados por clientes Dise\u00f1a tu propio paquete<\/p>\n","protected":false},"author":1,"featured_media":0,"parent":0,"menu_order":0,"comment_status":"closed","ping_status":"closed","template":"","meta":{"hide_page_title":"","om_disable_all_campaigns":false,"_monsterinsights_skip_tracking":false,"_monsterinsights_sitenote_active":false,"_monsterinsights_sitenote_note":"","_monsterinsights_sitenote_category":0,"footnotes":""},"aioseo_notices":[],"_links":{"self":[{"href":"https:\/\/rentablesrd.com\/info\/wp-json\/wp\/v2\/pages\/452"}],"collection":[{"href":"https:\/\/rentablesrd.com\/info\/wp-json\/wp\/v2\/pages"}],"about":[{"href":"https:\/\/rentablesrd.com\/info\/wp-json\/wp\/v2\/types\/page"}],"author":[{"embeddable":true,"href":"https:\/\/rentablesrd.com\/info\/wp-json\/wp\/v2\/users\/1"}],"replies":[{"embeddable":true,"href":"https:\/\/rentablesrd.com\/info\/wp-json\/wp\/v2\/comments?post=452"}],"version-history":[{"count":88,"href":"https:\/\/rentablesrd.com\/info\/wp-json\/wp\/v2\/pages\/452\/revisions"}],"predecessor-version":[{"id":1536,"href":"https:\/\/rentablesrd.com\/info\/wp-json\/wp\/v2\/pages\/452\/revisions\/1536"}],"wp:attachment":[{"href":"https:\/\/rentablesrd.com\/info\/wp-json\/wp\/v2\/media?parent=452"}],"curies":[{"name":"wp","href":"https:\/\/api.w.org\/{rel}","templated":true}]}}