{"id":486,"date":"2022-11-02T20:50:00","date_gmt":"2022-11-02T20:50:00","guid":{"rendered":"https:\/\/rentablesrd.com\/info\/?page_id=486"},"modified":"2024-03-14T19:46:17","modified_gmt":"2024-03-14T19:46:17","slug":"diana","status":"publish","type":"page","link":"https:\/\/rentablesrd.com\/info\/diana\/","title":{"rendered":"Princesa Diana"},"content":{"rendered":"\n<h2 class=\"wp-block-heading has-text-align-center\">Hola, Yo soy Diana<\/h2>\n\n\n\n<p class=\"has-text-align-center\">Mis due\u00f1os me han llamado Diana en honor a la Princesa Diana, suele ser apreciado por ni\u00f1as debido a mis colores especiales y mi parecido a las ni\u00f1as. <\/p>\n\n\n\n<div class=\"wp-block-button aligncenter\"><a class=\"wp-block-button__link wp-element-button\" href=\"https:\/\/api.whatsapp.com\/send?phone=18097173399&amp;text=Hola%20*RentablesRD*%20me%20interesa%20adquirir%20el%20inflable%20*Diana*;%20tienen%20disponibilidad%20para%20la%20fecha%20\">Solic\u00edtame aqu\u00ed<\/a><\/div>\n\n\n\n<figure class=\"wp-block-gallery alignwide has-nested-images columns-default is-cropped wp-block-gallery-1 is-layout-flex wp-block-gallery-is-layout-flex\">\n<figure class=\"wp-block-image size-full\"><img loading=\"lazy\" decoding=\"async\" width=\"755\" height=\"755\" data-id=\"471\" src=\"https:\/\/rentablesrd.com\/info\/wp-content\/uploads\/2022\/10\/Princesa-Diana.webp\" alt=\"\" class=\"wp-image-471\" srcset=\"https:\/\/rentablesrd.com\/info\/wp-content\/uploads\/2022\/10\/Princesa-Diana.webp 755w, https:\/\/rentablesrd.com\/info\/wp-content\/uploads\/2022\/10\/Princesa-Diana-300x300.webp 300w, https:\/\/rentablesrd.com\/info\/wp-content\/uploads\/2022\/10\/Princesa-Diana-150x150.webp 150w\" sizes=\"(max-width: 755px) 100vw, 755px\" \/><\/figure>\n\n\n\n<figure class=\"wp-block-image size-full\"><img loading=\"lazy\" decoding=\"async\" width=\"680\" height=\"680\" data-id=\"487\" src=\"https:\/\/rentablesrd.com\/info\/wp-content\/uploads\/2022\/11\/Princesa-Diana.jpg\" alt=\"\" class=\"wp-image-487\" srcset=\"https:\/\/rentablesrd.com\/info\/wp-content\/uploads\/2022\/11\/Princesa-Diana.jpg 680w, https:\/\/rentablesrd.com\/info\/wp-content\/uploads\/2022\/11\/Princesa-Diana-300x300.jpg 300w, https:\/\/rentablesrd.com\/info\/wp-content\/uploads\/2022\/11\/Princesa-Diana-150x150.jpg 150w\" sizes=\"(max-width: 680px) 100vw, 680px\" \/><\/figure>\n<\/figure>\n\n\n\n<div class=\"wp-block-media-text alignwide is-stacked-on-mobile\"><figure class=\"wp-block-media-text__media\"><img loading=\"lazy\" decoding=\"async\" width=\"819\" height=\"1024\" src=\"https:\/\/rentablesrd.com\/info\/wp-content\/uploads\/2023\/05\/Princesa-Diana--819x1024.jpg\" alt=\"\" class=\"wp-image-706 size-full\" srcset=\"https:\/\/rentablesrd.com\/info\/wp-content\/uploads\/2023\/05\/Princesa-Diana--819x1024.jpg 819w, https:\/\/rentablesrd.com\/info\/wp-content\/uploads\/2023\/05\/Princesa-Diana--240x300.jpg 240w, https:\/\/rentablesrd.com\/info\/wp-content\/uploads\/2023\/05\/Princesa-Diana--768x960.jpg 768w, https:\/\/rentablesrd.com\/info\/wp-content\/uploads\/2023\/05\/Princesa-Diana--1229x1536.jpg 1229w, https:\/\/rentablesrd.com\/info\/wp-content\/uploads\/2023\/05\/Princesa-Diana-.jpg 1280w\" sizes=\"(max-width: 819px) 100vw, 819px\" \/><\/figure><div class=\"wp-block-media-text__content\">\n<h2 class=\"wp-block-heading\">Descuentos<\/h2>\n\n\n\n<p>Combina nuestros productos y recibe descuentos especiales en los servicios de RentablesRD.<\/p>\n\n\n\n<p>Maquina de Algod\u00f3n<\/p>\n\n\n\n<p>Maquina de Palomitas <\/p>\n\n\n\n<p>Decoraci\u00f3n Personalizada<\/p>\n\n\n\n<p>Fotograf\u00eda profesional<\/p>\n\n\n\n<p><\/p>\n\n\n\n<p><\/p>\n\n\n\n<h2 class=\"wp-block-heading\">Decoraci\u00f3n<\/h2>\n\n\n\n<p>Puedes agregar decoraci\u00f3n personalizada con nuestros aliados de confianza y seguro. Puedes preguntar a cualquiera de nuestros representantes de ventas. <\/p>\n<\/div><\/div>\n\n\n\n<div class=\"wp-block-columns alignwide is-layout-flex wp-container-core-columns-is-layout-1 wp-block-columns-is-layout-flex\">\n<div class=\"wp-block-column is-layout-flow wp-block-column-is-layout-flow\">\n<h3 class=\"wp-block-heading\">Informaci\u00f3n<\/h3>\n\n\n\n<p>Este castillo es simple, coqueto y diferente, util para una diversi\u00f3n personalizada con la peque\u00f1a de la casa, por tal motivo su uso es para  ni\u00f1as de 2 a\u00f1os en adelante. Con una vista transparente para visualizar todo lo que sucede dentro, provoca la seguridad de cada uno de los padres que usan este inflable. <\/p>\n\n\n\n<p><\/p>\n\n\n\n<p><br><\/p>\n<\/div>\n\n\n\n<div class=\"wp-block-column is-layout-flow wp-block-column-is-layout-flow\">\n<h3 class=\"wp-block-heading\">Precios<\/h3>\n\n\n\n<p>El costo de los servicios son determinados por las horas de uso, cada inflable tiene un costo particular. . El precio puede variar por ofertas de temporada.<\/p>\n\n\n\n<p><\/p>\n\n\n\n<p><strong>Este inflable es categor\u00eda<\/strong> <strong>6<\/strong><\/p>\n<\/div>\n<\/div>\n\n\n\n<div class=\"wp-block-columns alignfull has-text-color has-background is-layout-flex wp-container-core-columns-is-layout-2 wp-block-columns-is-layout-flex\" style=\"color:#000000;background-color:#ffffff\">\n<div class=\"wp-block-column is-layout-flow wp-block-column-is-layout-flow\">\n<h3 class=\"wp-block-heading\" style=\"font-size:24px;line-height:1.3\"><a href=\"https:\/\/rentablesrd.com\/info\/politicas\" data-type=\"URL\" data-id=\"https:\/\/rentablesrd.com\/info\/politicas\">Politicas \u2197<\/a><\/h3>\n\n\n\n<p>En politicas observa todo lo que somos y como lo hacemos, desde tu reserva hasta recibir nuestros servicios..<\/p>\n<\/div>\n\n\n\n<div class=\"wp-block-column is-layout-flow wp-block-column-is-layout-flow\">\n<h3 class=\"wp-block-heading\" style=\"font-size:24px;line-height:1.3\"><a href=\"https:\/\/rentablesrd.com\/info\/normasyprocedimientos\/\" data-type=\"URL\" data-id=\"https:\/\/rentablesrd.com\/info\/normasyprocedimientos\/\">Normas \u2197<\/a><\/h3>\n\n\n\n<p>A la manera rentablesRD; de una manera segura, confiable, respetuosa y digna para que nuestros ni\u00f1os se diviertan sanamente. <\/p>\n<\/div>\n\n\n\n<div class=\"wp-block-column is-layout-flow wp-block-column-is-layout-flow\">\n<h3 class=\"wp-block-heading\" style=\"font-size:24px;line-height:1.3\"><a href=\"https:\/\/rentablesrd.com\/info\/precio\" data-type=\"URL\" data-id=\"https:\/\/rentablesrd.com\/info\/precio\">Precios \u2197<\/a><\/h3>\n\n\n\n<p>Para conocer el precio de este inflabe debe visitar nuestra pagina de precios y observar el costo de temporada de la categoria 6.<\/p>\n<\/div>\n<\/div>\n","protected":false},"excerpt":{"rendered":"<p>Hola, Yo soy Diana Mis due\u00f1os me han llamado Diana en honor a la Princesa Diana, suele ser apreciado por ni\u00f1as debido a mis colores especiales y mi parecido a las ni\u00f1as. Descuentos Combina nuestros productos y recibe descuentos especiales en los servicios de RentablesRD. Maquina de Algod\u00f3n Maquina de Palomitas Decoraci\u00f3n Personalizada Fotograf\u00eda profesional [&hellip;]<\/p>\n","protected":false},"author":1,"featured_media":0,"parent":0,"menu_order":0,"comment_status":"closed","ping_status":"closed","template":"","meta":{"hide_page_title":"","om_disable_all_campaigns":false,"_monsterinsights_skip_tracking":false,"_monsterinsights_sitenote_active":false,"_monsterinsights_sitenote_note":"","_monsterinsights_sitenote_category":0,"footnotes":""},"aioseo_notices":[],"_links":{"self":[{"href":"https:\/\/rentablesrd.com\/info\/wp-json\/wp\/v2\/pages\/486"}],"collection":[{"href":"https:\/\/rentablesrd.com\/info\/wp-json\/wp\/v2\/pages"}],"about":[{"href":"https:\/\/rentablesrd.com\/info\/wp-json\/wp\/v2\/types\/page"}],"author":[{"embeddable":true,"href":"https:\/\/rentablesrd.com\/info\/wp-json\/wp\/v2\/users\/1"}],"replies":[{"embeddable":true,"href":"https:\/\/rentablesrd.com\/info\/wp-json\/wp\/v2\/comments?post=486"}],"version-history":[{"count":8,"href":"https:\/\/rentablesrd.com\/info\/wp-json\/wp\/v2\/pages\/486\/revisions"}],"predecessor-version":[{"id":1525,"href":"https:\/\/rentablesrd.com\/info\/wp-json\/wp\/v2\/pages\/486\/revisions\/1525"}],"wp:attachment":[{"href":"https:\/\/rentablesrd.com\/info\/wp-json\/wp\/v2\/media?parent=486"}],"curies":[{"name":"wp","href":"https:\/\/api.w.org\/{rel}","templated":true}]}}