{"id":76,"date":"2022-09-09T11:51:05","date_gmt":"2022-09-09T11:51:05","guid":{"rendered":"https:\/\/rentablesrd.com\/info\/?page_id=76"},"modified":"2024-02-27T18:22:28","modified_gmt":"2024-02-27T18:22:28","slug":"maquinas","status":"publish","type":"page","link":"https:\/\/rentablesrd.com\/info\/maquinas\/","title":{"rendered":"Maquinas"},"content":{"rendered":"\n<blockquote class=\"wp-block-quote has-text-align-center is-style-large coblocks-animate is-layout-flow wp-block-quote-is-layout-flow\">\n<p>\u00abComplementa la felicidad con nuestros servicios.\u00bb<\/p>\n<cite>\u2014 RentablesRD<\/cite><\/blockquote>\n\n\n\n<div class=\"wp-block-media-text alignwide is-stacked-on-mobile\" style=\"grid-template-columns:33% auto\"><figure class=\"wp-block-media-text__media\"><img loading=\"lazy\" decoding=\"async\" width=\"495\" height=\"495\" src=\"https:\/\/rentablesrd.com\/info\/wp-content\/uploads\/2022\/09\/maquina-de-palomitas-RentablesRD.png\" alt=\"\" class=\"wp-image-82 size-full\" srcset=\"https:\/\/rentablesrd.com\/info\/wp-content\/uploads\/2022\/09\/maquina-de-palomitas-RentablesRD.png 495w, https:\/\/rentablesrd.com\/info\/wp-content\/uploads\/2022\/09\/maquina-de-palomitas-RentablesRD-300x300.png 300w, https:\/\/rentablesrd.com\/info\/wp-content\/uploads\/2022\/09\/maquina-de-palomitas-RentablesRD-150x150.png 150w\" sizes=\"(max-width: 495px) 100vw, 495px\" \/><\/figure><div class=\"wp-block-media-text__content\">\n<h2 class=\"wp-block-heading\">Maquina de Palomitas<\/h2>\n\n\n\n<p>Una pieza esencial en los eventos con los peque\u00f1os y de paso los adultos volvemos hacer ni\u00f1os al sentir el aroma fresco y crujiente de las palomitas al salir. Son piezas de palomitas realizadas en pleno evento y con una imagen peculiar que incentiva la belleza y delicadeza de cualquier actividad. <br>En RentablesRD tenemos diferentes precios para este servicio, puede ser adquirido por tiempo, en combinaci\u00f3n con otro producto o ilimitado. <br><br>El costo de servicio es<br>RD$ 3,500 pesos cada hora<br>Transporte libre de costo en el Distrito Nacional<\/p>\n\n\n\n<div class=\"wp-block-buttons is-layout-flex wp-block-buttons-is-layout-flex\">\n<div class=\"wp-block-button\"><a class=\"wp-block-button__link wp-element-button\" href=\"https:\/\/rentablesrd.com\/info\/precios\/\">Ver precios por unidad<\/a><\/div>\n<\/div>\n<\/div><\/div>\n\n\n\n<div class=\"wp-block-media-text alignwide has-media-on-the-right is-stacked-on-mobile\" style=\"grid-template-columns:auto 33%\"><div class=\"wp-block-media-text__content\">\n<h2 class=\"wp-block-heading\">Maquina de Palomita Industrial<\/h2>\n\n\n\n<p>Agregue el olor de palomitas recien hecha a su evento especial con nuestra maquina de Palomitas industriales, Ideal para eventos grandes y de mucha producci\u00f3n, tanto en casa, club o parque. <br><br>Disponibilidad en combos o <br>precios unitario desde RD$5,500 pesos. <\/p>\n\n\n\n<div class=\"wp-block-buttons is-layout-flex wp-block-buttons-is-layout-flex\">\n<div class=\"wp-block-button\"><a class=\"wp-block-button__link wp-element-button\" href=\"https:\/\/rentablesrd.com\/info\/precios\/\">Ver precio por unidad<\/a><\/div>\n<\/div>\n<\/div><figure class=\"wp-block-media-text__media\"><img loading=\"lazy\" decoding=\"async\" width=\"500\" height=\"500\" src=\"https:\/\/rentablesrd.com\/info\/wp-content\/uploads\/2023\/12\/Maquina-de-Palomitas-Industrial.jpg\" alt=\"\" class=\"wp-image-799 size-full\" srcset=\"https:\/\/rentablesrd.com\/info\/wp-content\/uploads\/2023\/12\/Maquina-de-Palomitas-Industrial.jpg 500w, https:\/\/rentablesrd.com\/info\/wp-content\/uploads\/2023\/12\/Maquina-de-Palomitas-Industrial-300x300.jpg 300w, https:\/\/rentablesrd.com\/info\/wp-content\/uploads\/2023\/12\/Maquina-de-Palomitas-Industrial-150x150.jpg 150w\" sizes=\"(max-width: 500px) 100vw, 500px\" \/><\/figure><\/div>\n\n\n\n<div class=\"wp-block-media-text alignwide is-stacked-on-mobile\" style=\"grid-template-columns:33% auto\"><figure class=\"wp-block-media-text__media\"><img loading=\"lazy\" decoding=\"async\" width=\"1024\" height=\"1024\" src=\"https:\/\/rentablesrd.com\/info\/wp-content\/uploads\/2023\/06\/us_XMWCMHTJH110V912YV1_original_img-v4_cotton-candy-machine-m100-9-1024x1024.jpg\" alt=\"\" class=\"wp-image-749 size-full\" srcset=\"https:\/\/rentablesrd.com\/info\/wp-content\/uploads\/2023\/06\/us_XMWCMHTJH110V912YV1_original_img-v4_cotton-candy-machine-m100-9-1024x1024.jpg 1024w, https:\/\/rentablesrd.com\/info\/wp-content\/uploads\/2023\/06\/us_XMWCMHTJH110V912YV1_original_img-v4_cotton-candy-machine-m100-9-300x300.jpg 300w, https:\/\/rentablesrd.com\/info\/wp-content\/uploads\/2023\/06\/us_XMWCMHTJH110V912YV1_original_img-v4_cotton-candy-machine-m100-9-150x150.jpg 150w, https:\/\/rentablesrd.com\/info\/wp-content\/uploads\/2023\/06\/us_XMWCMHTJH110V912YV1_original_img-v4_cotton-candy-machine-m100-9-768x768.jpg 768w, https:\/\/rentablesrd.com\/info\/wp-content\/uploads\/2023\/06\/us_XMWCMHTJH110V912YV1_original_img-v4_cotton-candy-machine-m100-9-1536x1536.jpg 1536w, https:\/\/rentablesrd.com\/info\/wp-content\/uploads\/2023\/06\/us_XMWCMHTJH110V912YV1_original_img-v4_cotton-candy-machine-m100-9.jpg 1600w\" sizes=\"(max-width: 1024px) 100vw, 1024px\" \/><\/figure><div class=\"wp-block-media-text__content\">\n<h2 class=\"wp-block-heading\">Maquina de Algodon<\/h2>\n\n\n\n<p>Todos necesitamos consentirnos de vez en cuando, y el algod\u00f3n de az\u00facar es una manera divertida y deliciosa de hacerlo. Disfrutar de una porci\u00f3n de algod\u00f3n de az\u00facar te permite darte un capricho y alegrar tu d\u00eda. <br><br>El algod\u00f3n de az\u00facar es una opci\u00f3n popular para celebraciones y eventos. Puede convertirse en un elemento decorativo, agregar un toque de dulzura a mesas de postres y servirse en conos o en palitos como un regalo delicioso para los invitados.<br><br>El costo de servicio es<br>RD$ 3,500 pesos cada hora<br>Transporte libre de costo en el Distrito Nacional<\/p>\n<\/div><\/div>\n\n\n\n<div class=\"wp-block-media-text alignwide has-media-on-the-right is-stacked-on-mobile\" style=\"grid-template-columns:auto 25%\"><div class=\"wp-block-media-text__content\">\n<h2 class=\"wp-block-heading\">Fuente de Chocolate<\/h2>\n\n\n\n<p>Disfruta de la bella y deliciosa fuente de chocolate que mueve de forma constante el chocolate para crear una experiencia \u00fanica en tu evento con frutas y malvaviscos.<\/p>\n\n\n\n<p>Disponibilidad en combos o<br>precios unitario desde RD$1,800 pesos.<\/p>\n\n\n\n<div class=\"wp-block-buttons is-layout-flex wp-block-buttons-is-layout-flex\">\n<div class=\"wp-block-button\"><a class=\"wp-block-button__link wp-element-button\" href=\"https:\/\/rentablesrd.com\/info\/derretido\/\">Ver que puedes hacer<\/a><\/div>\n<\/div>\n<\/div><figure class=\"wp-block-media-text__media\"><a href=\"https:\/\/rentablesrd.com\/info\/derretido\/\"><img loading=\"lazy\" decoding=\"async\" width=\"640\" height=\"1024\" src=\"https:\/\/rentablesrd.com\/info\/wp-content\/uploads\/2023\/12\/Fuente-de-chocolate-640x1024.jpg\" alt=\"\" class=\"wp-image-802 size-full\" srcset=\"https:\/\/rentablesrd.com\/info\/wp-content\/uploads\/2023\/12\/Fuente-de-chocolate-640x1024.jpg 640w, https:\/\/rentablesrd.com\/info\/wp-content\/uploads\/2023\/12\/Fuente-de-chocolate-188x300.jpg 188w, https:\/\/rentablesrd.com\/info\/wp-content\/uploads\/2023\/12\/Fuente-de-chocolate-768x1228.jpg 768w, https:\/\/rentablesrd.com\/info\/wp-content\/uploads\/2023\/12\/Fuente-de-chocolate.jpg 938w\" sizes=\"(max-width: 640px) 100vw, 640px\" \/><\/a><\/figure><\/div>\n\n\n\n<div class=\"wp-block-media-text alignwide is-stacked-on-mobile\" style=\"grid-template-columns:25% auto\"><figure class=\"wp-block-media-text__media\"><a href=\"https:\/\/rentablesrd.com\/info\/bebidas\/\"><img loading=\"lazy\" decoding=\"async\" width=\"564\" height=\"1024\" src=\"https:\/\/rentablesrd.com\/info\/wp-content\/uploads\/2023\/12\/Trituradora-564x1024.jpg\" alt=\"\" class=\"wp-image-801 size-full\" srcset=\"https:\/\/rentablesrd.com\/info\/wp-content\/uploads\/2023\/12\/Trituradora-564x1024.jpg 564w, https:\/\/rentablesrd.com\/info\/wp-content\/uploads\/2023\/12\/Trituradora-165x300.jpg 165w, https:\/\/rentablesrd.com\/info\/wp-content\/uploads\/2023\/12\/Trituradora-768x1395.jpg 768w, https:\/\/rentablesrd.com\/info\/wp-content\/uploads\/2023\/12\/Trituradora.jpg 826w\" sizes=\"(max-width: 564px) 100vw, 564px\" \/><\/a><\/figure><div class=\"wp-block-media-text__content\">\n<h2 class=\"wp-block-heading\">Trituradora <\/h2>\n\n\n\n<p>Nuestra maquina industrial de corte permite triturar hielo en trozos peque\u00f1os para disfrutar deliciosos frio frio y recordar los tiempos a\u00f1orados de la ni\u00f1ez o el disfrute de tus peque\u00f1os en tu fiesta privada.<\/p>\n\n\n\n<p>Tritura hasta 440 libras de hielo por hora, perfecta para cualquier evento desde 1 hasta 900 personas.<\/p>\n\n\n\n<p><\/p>\n\n\n\n<p>Disponibilidad en combos o<br>precios unitario desde RD$4,000 pesos<\/p>\n\n\n\n<div class=\"wp-block-buttons is-layout-flex wp-block-buttons-is-layout-flex\">\n<div class=\"wp-block-button\"><a class=\"wp-block-button__link wp-element-button\" href=\"https:\/\/rentablesrd.com\/info\/bebidas\/\">Ver que puedes hacer con la m\u00e1quina<\/a><\/div>\n<\/div>\n<\/div><\/div>\n\n\n\n<hr class=\"wp-block-separator has-css-opacity is-style-default\"\/>\n\n\n\n<p><\/p>\n\n\n\n<p><\/p>\n","protected":false},"excerpt":{"rendered":"<p>\u00abComplementa la felicidad con nuestros servicios.\u00bb \u2014 RentablesRD Maquina de Algodon Todos necesitamos consentirnos de vez en cuando, y el algod\u00f3n de az\u00facar es una manera divertida y deliciosa de hacerlo. Disfrutar de una porci\u00f3n de algod\u00f3n de az\u00facar te permite darte un capricho y alegrar tu d\u00eda. El algod\u00f3n de az\u00facar es una opci\u00f3n [&hellip;]<\/p>\n","protected":false},"author":1,"featured_media":0,"parent":0,"menu_order":0,"comment_status":"closed","ping_status":"closed","template":"","meta":{"hide_page_title":"","om_disable_all_campaigns":false,"_monsterinsights_skip_tracking":false,"_monsterinsights_sitenote_active":false,"_monsterinsights_sitenote_note":"","_monsterinsights_sitenote_category":0,"footnotes":""},"aioseo_notices":[],"_links":{"self":[{"href":"https:\/\/rentablesrd.com\/info\/wp-json\/wp\/v2\/pages\/76"}],"collection":[{"href":"https:\/\/rentablesrd.com\/info\/wp-json\/wp\/v2\/pages"}],"about":[{"href":"https:\/\/rentablesrd.com\/info\/wp-json\/wp\/v2\/types\/page"}],"author":[{"embeddable":true,"href":"https:\/\/rentablesrd.com\/info\/wp-json\/wp\/v2\/users\/1"}],"replies":[{"embeddable":true,"href":"https:\/\/rentablesrd.com\/info\/wp-json\/wp\/v2\/comments?post=76"}],"version-history":[{"count":8,"href":"https:\/\/rentablesrd.com\/info\/wp-json\/wp\/v2\/pages\/76\/revisions"}],"predecessor-version":[{"id":1150,"href":"https:\/\/rentablesrd.com\/info\/wp-json\/wp\/v2\/pages\/76\/revisions\/1150"}],"wp:attachment":[{"href":"https:\/\/rentablesrd.com\/info\/wp-json\/wp\/v2\/media?parent=76"}],"curies":[{"name":"wp","href":"https:\/\/api.w.org\/{rel}","templated":true}]}}