{"id":991,"date":"2024-02-11T15:33:24","date_gmt":"2024-02-11T15:33:24","guid":{"rendered":"https:\/\/rentablesrd.com\/info\/?page_id=991"},"modified":"2024-02-13T04:34:39","modified_gmt":"2024-02-13T04:34:39","slug":"programareferidos","status":"publish","type":"page","link":"https:\/\/rentablesrd.com\/info\/programareferidos\/","title":{"rendered":"Programa Referidos"},"content":{"rendered":"\n<div class=\"wp-block-media-text alignwide is-stacked-on-mobile\" style=\"grid-template-columns:38% auto\"><figure class=\"wp-block-media-text__media\"><img loading=\"lazy\" decoding=\"async\" width=\"1024\" height=\"1024\" src=\"https:\/\/rentablesrd.com\/info\/wp-content\/uploads\/2024\/02\/Comparte-1024x1024.png\" alt=\"\" class=\"wp-image-993 size-full\" srcset=\"https:\/\/rentablesrd.com\/info\/wp-content\/uploads\/2024\/02\/Comparte-1024x1024.png 1024w, https:\/\/rentablesrd.com\/info\/wp-content\/uploads\/2024\/02\/Comparte-300x300.png 300w, https:\/\/rentablesrd.com\/info\/wp-content\/uploads\/2024\/02\/Comparte-150x150.png 150w, https:\/\/rentablesrd.com\/info\/wp-content\/uploads\/2024\/02\/Comparte-768x768.png 768w, https:\/\/rentablesrd.com\/info\/wp-content\/uploads\/2024\/02\/Comparte.png 1080w\" sizes=\"(max-width: 1024px) 100vw, 1024px\" \/><\/figure><div class=\"wp-block-media-text__content\">\n<h2 class=\"wp-block-heading\">Programa Referidos<\/h2>\n\n\n\n<p>Con nuestro Programa de Referidos, cada recomendaci\u00f3n tuya no solo trae sonrisas a tus amigos, sino que tambi\u00e9n te recompensamos a ti. \u00a1Porque compartir la alegr\u00eda deber\u00eda ser tan gratificante como experimentarla! En RentablesRD, siempre estamos buscando maneras de agradecer a nuestros valiosos clientes por su lealtad y apoyo continuo. Es por eso que nos complace anunciar nuestro nuevo y emocionante Programa de Referidos, dise\u00f1ado especialmente para premiar tu confianza en nosotros.<br><br>\u00ab\u00a1Comparte la diversi\u00f3n y gana juntos!\u00bb<\/p>\n<\/div><\/div>\n\n\n\n<div data-schema-only=\"false\" class=\"wp-block-aioseo-faq\"><h3 class=\"aioseo-faq-block-question\"><strong>\u00bfC\u00f3mo Funciona?<\/strong><\/h3><div class=\"aioseo-faq-block-answer\">\n<p>Es muy sencillo. Por cada amigo, familiar o conocido que refieras a RentablesRD ambos recibir\u00e1n 10% de Descuento o Recompensa en su pr\u00f3xima reserva. Solo tienen que escribir desde tu n\u00famero registrado al realizar la reserva, y autom\u00e1ticamente disfrutar\u00e1n de este beneficio exclusivo.<\/p>\n<\/div><\/div>\n\n\n\n<p><\/p>\n\n\n\n<div data-schema-only=\"false\" class=\"wp-block-aioseo-faq\"><h3 class=\"aioseo-faq-block-question\"><strong>\u00bfQu\u00e9 Obtienes?<\/strong><\/h3><div class=\"aioseo-faq-block-answer\">\n<p>Adem\u00e1s de brindarles a tus seres queridos la oportunidad de disfrutar de la diversi\u00f3n de nuestros juegos inflables, maquinas, personas, decoraci\u00f3n y servicios profesionales, tambi\u00e9n recibir\u00e1s 10% de Descuento o Recompensa en tu pr\u00f3xima reserva como muestra de nuestro agradecimiento por recomendar nuestro servicio.<\/p>\n\n\n\n<p><\/p>\n\n\n\n<p><strong>M\u00e1s Diversi\u00f3n Juntos:<\/strong> Invita a tus amigos y familiares a disfrutar de la misma calidad y diversi\u00f3n que ya conoces. \u00a1Compartir la alegr\u00eda nunca ha sido tan gratificante!<\/p>\n<\/div><\/div>\n\n\n\n<div data-schema-only=\"false\" class=\"wp-block-aioseo-faq\"><h3 class=\"aioseo-faq-block-question\"><strong>C\u00f3mo Participar:<\/strong><\/h3><div class=\"aioseo-faq-block-answer\">\n<ol start=\"1\">\n<li>Comparte tu experiencia con RentablesRD con amigos y familiares.<\/li>\n\n\n\n<li>Aseg\u00farate de que mencionen tu nombre al realizar su reserva.<\/li>\n\n\n\n<li>Disfruten juntos de la diversi\u00f3n y los beneficios exclusivos.<\/li>\n<\/ol>\n<\/div><\/div>\n\n\n\n<div class=\"wp-block-media-text alignwide is-stacked-on-mobile\" style=\"grid-template-columns:36% auto\"><figure class=\"wp-block-media-text__media\"><img loading=\"lazy\" decoding=\"async\" width=\"1024\" height=\"1024\" src=\"https:\/\/rentablesrd.com\/info\/wp-content\/uploads\/2024\/02\/LOGOS-DE-EMPRESAS-2-1024x1024.png\" alt=\"\" class=\"wp-image-994 size-full\" srcset=\"https:\/\/rentablesrd.com\/info\/wp-content\/uploads\/2024\/02\/LOGOS-DE-EMPRESAS-2-1024x1024.png 1024w, https:\/\/rentablesrd.com\/info\/wp-content\/uploads\/2024\/02\/LOGOS-DE-EMPRESAS-2-300x300.png 300w, https:\/\/rentablesrd.com\/info\/wp-content\/uploads\/2024\/02\/LOGOS-DE-EMPRESAS-2-150x150.png 150w, https:\/\/rentablesrd.com\/info\/wp-content\/uploads\/2024\/02\/LOGOS-DE-EMPRESAS-2-768x768.png 768w, https:\/\/rentablesrd.com\/info\/wp-content\/uploads\/2024\/02\/LOGOS-DE-EMPRESAS-2-1536x1536.png 1536w, https:\/\/rentablesrd.com\/info\/wp-content\/uploads\/2024\/02\/LOGOS-DE-EMPRESAS-2.png 1563w\" sizes=\"(max-width: 1024px) 100vw, 1024px\" \/><\/figure><div class=\"wp-block-media-text__content\">\n<h2 class=\"wp-block-heading\">Club RentablesRD<\/h2>\n\n\n\n<p>Recuerda que si fuiste nuestro cliente y quedaste enamorado de nuestros servicios, puedes formar parte de nuestro Club y recibir ofertas especiales cada mes. <\/p>\n\n\n\n<div class=\"wp-block-buttons is-layout-flex wp-block-buttons-is-layout-flex\">\n<div class=\"wp-block-button\"><a class=\"wp-block-button__link wp-element-button\" href=\"https:\/\/www.instagram.com\/rentablesrd.club\/\">Sigue nuestra club<\/a><\/div>\n\n\n\n<div class=\"wp-block-button\"><a class=\"wp-block-button__link wp-element-button\" href=\"https:\/\/www.instagram.com\/rentablesrd\/\">Sigue a RentablesRD<\/a><\/div>\n\n\n\n<div class=\"wp-block-button\"><a class=\"wp-block-button__link wp-element-button\" href=\"https:\/\/api.whatsapp.com\/send\/?phone=18097173399&amp;text=Hola+%2ARentablesRD%2A&amp;type=phone_number&amp;app_absent=0\">WhatsApp<\/a><\/div>\n<\/div>\n<\/div><\/div>\n\n\n\n<blockquote class=\"wp-block-quote is-layout-flow wp-block-quote-is-layout-flow\">\n<p><\/p>\n<\/blockquote>\n","protected":false},"excerpt":{"rendered":"<p>Programa Referidos Con nuestro Programa de Referidos, cada recomendaci\u00f3n tuya no solo trae sonrisas a tus amigos, sino que tambi\u00e9n te recompensamos a ti. \u00a1Porque compartir la alegr\u00eda deber\u00eda ser tan gratificante como experimentarla! En RentablesRD, siempre estamos buscando maneras de agradecer a nuestros valiosos clientes por su lealtad y apoyo continuo. Es por eso [&hellip;]<\/p>\n","protected":false},"author":1,"featured_media":0,"parent":0,"menu_order":0,"comment_status":"closed","ping_status":"closed","template":"","meta":{"hide_page_title":"","om_disable_all_campaigns":false,"_monsterinsights_skip_tracking":false,"_monsterinsights_sitenote_active":false,"_monsterinsights_sitenote_note":"","_monsterinsights_sitenote_category":0,"footnotes":""},"aioseo_notices":[],"_links":{"self":[{"href":"https:\/\/rentablesrd.com\/info\/wp-json\/wp\/v2\/pages\/991"}],"collection":[{"href":"https:\/\/rentablesrd.com\/info\/wp-json\/wp\/v2\/pages"}],"about":[{"href":"https:\/\/rentablesrd.com\/info\/wp-json\/wp\/v2\/types\/page"}],"author":[{"embeddable":true,"href":"https:\/\/rentablesrd.com\/info\/wp-json\/wp\/v2\/users\/1"}],"replies":[{"embeddable":true,"href":"https:\/\/rentablesrd.com\/info\/wp-json\/wp\/v2\/comments?post=991"}],"version-history":[{"count":4,"href":"https:\/\/rentablesrd.com\/info\/wp-json\/wp\/v2\/pages\/991\/revisions"}],"predecessor-version":[{"id":1019,"href":"https:\/\/rentablesrd.com\/info\/wp-json\/wp\/v2\/pages\/991\/revisions\/1019"}],"wp:attachment":[{"href":"https:\/\/rentablesrd.com\/info\/wp-json\/wp\/v2\/media?parent=991"}],"curies":[{"name":"wp","href":"https:\/\/api.w.org\/{rel}","templated":true}]}}