{"id":180,"date":"2024-06-04T02:17:58","date_gmt":"2024-06-04T02:17:58","guid":{"rendered":"https:\/\/rentablesrd.com\/parque\/?page_id=180"},"modified":"2024-06-04T02:27:24","modified_gmt":"2024-06-04T02:27:24","slug":"electricidad","status":"publish","type":"page","link":"https:\/\/rentablesrd.com\/parque\/electricidad\/","title":{"rendered":"Electricidad"},"content":{"rendered":"\n<div class=\"wp-block-group alignfull has-global-padding is-layout-constrained wp-container-core-group-is-layout-dc093ab1 wp-block-group-is-layout-constrained\" style=\"margin-top:0px;padding-top:var(--wp--preset--spacing--x-large);padding-right:30px;padding-bottom:var(--wp--preset--spacing--small);padding-left:30px\">\n<h2 class=\"wp-block-heading has-text-align-center has-max-48-font-size\" id=\"let-s-connect\" style=\"margin-bottom:20px\">Corriente Alterna<\/h2>\n\n\n\n<p>La corriente alterna (CA) es un tipo de corriente el\u00e9ctrica en la que la direcci\u00f3n del flujo de electrones cambia peri\u00f3dicamente. Este tipo de corriente es el m\u00e1s com\u00fanmente utilizado para la distribuci\u00f3n de electricidad en hogares, industrias y negocios.<\/p>\n\n\n\n<div class=\"wp-block-group alignwide has-border-color has-contrast-border-color is-content-justification-space-between is-layout-flex wp-container-core-group-is-layout-fca7e5c7 wp-block-group-is-layout-flex\" style=\"border-width:1px;padding-top:var(--wp--preset--spacing--large);padding-right:var(--wp--preset--spacing--large);padding-bottom:var(--wp--preset--spacing--large);padding-left:var(--wp--preset--spacing--large)\">\n<p class=\"has-large-font-size wp-container-content-33d813a5\" style=\"line-height:1.5\">En resumen, la corriente alterna es una forma de electricidad que cambia de direcci\u00f3n peri\u00f3dicamente, y su capacidad para ser transformada y transmitida eficientemente a largas distancias la hace ideal para la distribuci\u00f3n de energ\u00eda el\u00e9ctrica a gran escala.<\/p>\n\n\n\n<div class=\"wp-block-buttons is-content-justification-right is-layout-flex wp-container-core-buttons-is-layout-d445cf74 wp-block-buttons-is-layout-flex\">\n<div class=\"wp-block-button has-custom-font-size has-small-font-size\"><a class=\"wp-block-button__link wp-element-button\">\u00a1Servicio al Cliente!<\/a><\/div>\n<\/div>\n<\/div>\n\n\n\n<div class=\"wp-block-group alignwide is-layout-flow wp-block-group-is-layout-flow\">\n<div class=\"wp-block-columns is-layout-flex wp-container-core-columns-is-layout-28f84493 wp-block-columns-is-layout-flex\">\n<div class=\"wp-block-column has-base-color has-contrast-background-color has-text-color has-background is-layout-flow wp-block-column-is-layout-flow\" style=\"padding-top:var(--wp--preset--spacing--medium);padding-right:var(--wp--preset--spacing--medium);padding-bottom:var(--wp--preset--spacing--medium);padding-left:var(--wp--preset--spacing--medium)\">\n<h3 class=\"wp-block-heading has-x-large-font-size\" id=\"sample-heading-1\">Amperaje<\/h3>\n\n\n\n<p>El amperaje es la medida de la cantidad de corriente el\u00e9ctrica que fluye a trav\u00e9s de un conductor. En t\u00e9rminos simples, representa la cantidad de electrones que pasan por un punto del circuito en un segundo.<\/p>\n\n\n\n<div class=\"wp-block-buttons is-layout-flex wp-block-buttons-is-layout-flex\">\n<div class=\"wp-block-button\"><a class=\"wp-block-button__link wp-element-button\">Aprende m\u00e1s<\/a><\/div>\n<\/div>\n<\/div>\n\n\n\n<div class=\"wp-block-column has-base-color has-contrast-background-color has-text-color has-background is-layout-flow wp-block-column-is-layout-flow\" style=\"padding-top:var(--wp--preset--spacing--medium);padding-right:var(--wp--preset--spacing--medium);padding-bottom:var(--wp--preset--spacing--medium);padding-left:var(--wp--preset--spacing--medium)\">\n<h3 class=\"wp-block-heading has-x-large-font-size\" id=\"sample-heading-1\">CA vs. Amperaje<\/h3>\n\n\n\n<p>En un sistema de corriente alterna, la direcci\u00f3n de la corriente cambia peri\u00f3dicamente, pero el valor del amperaje indica la cantidad de corriente en cualquier instante dado. Aunque la direcci\u00f3n cambia, el valor efectivo del amperaje proporciona una medida \u00fatil de la corriente.<\/p>\n\n\n\n<div class=\"wp-block-buttons is-layout-flex wp-block-buttons-is-layout-flex\">\n<div class=\"wp-block-button\"><a class=\"wp-block-button__link wp-element-button\">Aprende m\u00e1s<\/a><\/div>\n<\/div>\n<\/div>\n<\/div>\n<\/div>\n\n\n\n<div class=\"wp-block-group alignwide is-layout-flow wp-block-group-is-layout-flow\">\n<div class=\"wp-block-columns is-layout-flex wp-container-core-columns-is-layout-28f84493 wp-block-columns-is-layout-flex\">\n<div class=\"wp-block-column has-border-color has-contrast-border-color is-layout-flow wp-block-column-is-layout-flow\" style=\"border-width:1px;padding-top:var(--wp--preset--spacing--small);padding-right:var(--wp--preset--spacing--small);padding-bottom:var(--wp--preset--spacing--small);padding-left:var(--wp--preset--spacing--small)\">\n<h3 class=\"wp-block-heading\" id=\"sample-heading-1\">Determina consumo<\/h3>\n\n\n\n<p>Cada dispositivo tendr\u00e1 una especificaci\u00f3n de potencia en vatios (W) y voltaje (V).<\/p>\n\n\n\n<p>Convertir esta potencia en amperaje usando la f\u00f3rmula: I=PVI = \\frac{P}{V}I=VP\u200b.<\/p>\n<\/div>\n\n\n\n<div class=\"wp-block-column has-border-color has-contrast-border-color is-layout-flow wp-block-column-is-layout-flow\" style=\"border-width:1px;padding-top:var(--wp--preset--spacing--small);padding-right:var(--wp--preset--spacing--small);padding-bottom:var(--wp--preset--spacing--small);padding-left:var(--wp--preset--spacing--small)\">\n<h3 class=\"wp-block-heading\" id=\"sample-heading-1\">Sumar el amperaje<\/h3>\n\n\n\n<p>Sumar el amperaje de todos los dispositivos para obtener la corriente total que se necesita manejar en el circuito.<\/p>\n<\/div>\n\n\n\n<div class=\"wp-block-column has-border-color has-contrast-border-color is-layout-flow wp-block-column-is-layout-flow\" style=\"border-width:1px;padding-top:var(--wp--preset--spacing--small);padding-right:var(--wp--preset--spacing--small);padding-bottom:var(--wp--preset--spacing--small);padding-left:var(--wp--preset--spacing--small)\">\n<h3 class=\"wp-block-heading\" id=\"sample-heading-1\">Verificar el circuito<\/h3>\n\n\n\n<p>Asegurarse de que el circuito y el disyuntor son adecuados para el amperaje total calculado. Por ejemplo, si el total es de 21.65 amperios, necesitar\u00edas un disyuntor de al menos 25 amperios para manejar la carga de manera segura.<\/p>\n<\/div>\n<\/div>\n<\/div>\n\n\n\n<div class=\"wp-block-group alignwide is-layout-flow wp-block-group-is-layout-flow\">\n<div class=\"wp-block-columns is-layout-flex wp-container-core-columns-is-layout-28f84493 wp-block-columns-is-layout-flex\">\n<div class=\"wp-block-column has-border-color has-contrast-border-color is-layout-flow wp-block-column-is-layout-flow\" style=\"border-width:1px;padding-top:var(--wp--preset--spacing--small);padding-right:var(--wp--preset--spacing--small);padding-bottom:var(--wp--preset--spacing--small);padding-left:var(--wp--preset--spacing--small)\">\n<p class=\"has-text-align-center has-max-72-font-size\" style=\"line-height:1\">\u201c<\/p>\n\n\n\n<p class=\"has-text-align-center\">Nuestros inflables peque\u00f1os requieres 3.8 amperios cada uno y los grandes 13.5 amperios.<\/p>\n\n\n\n<p><strong>\u2014Administraci\u00f3n RentablesRD<\/strong><\/p>\n<\/div>\n\n\n\n<div class=\"wp-block-column has-border-color has-contrast-border-color is-layout-flow wp-block-column-is-layout-flow\" style=\"border-width:1px;padding-top:var(--wp--preset--spacing--small);padding-right:var(--wp--preset--spacing--small);padding-bottom:var(--wp--preset--spacing--small);padding-left:var(--wp--preset--spacing--small)\">\n<p class=\"has-text-align-center has-max-72-font-size\" style=\"line-height:1\">\u201c<\/p>\n\n\n\n<p class=\"has-text-align-center\">Nuestra maquina de palomitas requiere 2.5 amperios y maquina de algod\u00f3n 8.35 amperios.<\/p>\n\n\n\n<p><strong>\u2014Administraci\u00f3n RentablesRD<\/strong><\/p>\n<\/div>\n\n\n\n<div class=\"wp-block-column has-border-color has-contrast-border-color is-layout-flow wp-block-column-is-layout-flow\" style=\"border-width:1px;padding-top:var(--wp--preset--spacing--small);padding-right:var(--wp--preset--spacing--small);padding-bottom:var(--wp--preset--spacing--small);padding-left:var(--wp--preset--spacing--small)\">\n<p class=\"has-text-align-center has-max-72-font-size\" style=\"line-height:1\">\u201c<\/p>\n\n\n\n<p class=\"has-text-align-center\" style=\"margin-top:0px\"><\/p>\n\n\n\n<p><strong>\u2014Administraci\u00f3n RentablesRD<\/strong><\/p>\n<\/div>\n<\/div>\n<\/div>\n\n\n\n<p class=\"has-text-align-center has-small-font-size\">\u00a9 2023 RentablesRD. \u00b7 <a href=\"http:\/\/rentablesrd.com\" data-type=\"link\" data-id=\"rentablesrd.com\">Contacta con nosotros<\/a><\/p>\n<\/div>\n","protected":false},"excerpt":{"rendered":"<p>Corriente Alterna La corriente alterna (CA) es un tipo de corriente el\u00e9ctrica en la que la direcci\u00f3n del flujo de electrones cambia peri\u00f3dicamente. Este tipo de corriente es el m\u00e1s com\u00fanmente utilizado para la distribuci\u00f3n de electricidad en hogares, industrias y negocios. En resumen, la corriente alterna es una forma de electricidad que cambia de [&hellip;]<\/p>\n","protected":false},"author":1,"featured_media":0,"parent":0,"menu_order":0,"comment_status":"closed","ping_status":"closed","template":"electricidad","meta":{"footnotes":""},"class_list":["post-180","page","type-page","status-publish","hentry"],"_links":{"self":[{"href":"https:\/\/rentablesrd.com\/parque\/wp-json\/wp\/v2\/pages\/180","targetHints":{"allow":["GET"]}}],"collection":[{"href":"https:\/\/rentablesrd.com\/parque\/wp-json\/wp\/v2\/pages"}],"about":[{"href":"https:\/\/rentablesrd.com\/parque\/wp-json\/wp\/v2\/types\/page"}],"author":[{"embeddable":true,"href":"https:\/\/rentablesrd.com\/parque\/wp-json\/wp\/v2\/users\/1"}],"replies":[{"embeddable":true,"href":"https:\/\/rentablesrd.com\/parque\/wp-json\/wp\/v2\/comments?post=180"}],"version-history":[{"count":4,"href":"https:\/\/rentablesrd.com\/parque\/wp-json\/wp\/v2\/pages\/180\/revisions"}],"predecessor-version":[{"id":187,"href":"https:\/\/rentablesrd.com\/parque\/wp-json\/wp\/v2\/pages\/180\/revisions\/187"}],"wp:attachment":[{"href":"https:\/\/rentablesrd.com\/parque\/wp-json\/wp\/v2\/media?parent=180"}],"curies":[{"name":"wp","href":"https:\/\/api.w.org\/{rel}","templated":true}]}}