{"id":113,"date":"2024-06-06T15:35:40","date_gmt":"2024-06-06T15:35:40","guid":{"rendered":"https:\/\/rentablesrd.com\/snack\/?page_id=113"},"modified":"2024-06-06T15:37:30","modified_gmt":"2024-06-06T15:37:30","slug":"vasos","status":"publish","type":"page","link":"https:\/\/rentablesrd.com\/snack\/vasos\/","title":{"rendered":"Vasos de Snacks"},"content":{"rendered":"\n<div class=\"wp-block-group alignfull welcome has-global-padding is-layout-constrained wp-container-core-group-is-layout-85993dcc wp-block-group-is-layout-constrained\" style=\"margin-top:0px;padding-top:70px;padding-right:30px;padding-bottom:var(--wp--preset--spacing--x-large);padding-left:30px\">\n<h2 class=\"wp-block-heading has-text-align-center has-max-72-font-size\" style=\"margin-bottom:0px;letter-spacing:-1px\">Vasos de Snacks<\/h2>\n\n\n\n<p class=\"has-text-align-center has-large-font-size\">Este snacks es tan perfecto, que puede ser merienda, cena o desayuno. Acompa\u00f1alo con el toppings que gustes<\/p>\n\n\n\n<div class=\"wp-block-buttons is-content-justification-center is-layout-flex wp-container-core-buttons-is-layout-72315a37 wp-block-buttons-is-layout-flex\" style=\"margin-top:30px\">\n<div class=\"wp-block-button has-custom-font-size has-small-font-size\"><a class=\"wp-block-button__link wp-element-button\">Reserva<\/a><\/div>\n\n\n\n<div class=\"wp-block-button has-custom-font-size is-style-outline-background is-style-outline has-small-font-size is-style-outline--1\"><a class=\"wp-block-button__link wp-element-button\" href=\"https:\/\/forms.gle\/uBdeTp4QYHXMu34GA\">Chat <\/a><\/div>\n<\/div>\n<\/div>\n\n\n\n<div class=\"wp-block-group alignfull has-base-color has-contrast-background-color has-text-color has-background has-global-padding is-layout-constrained wp-container-core-group-is-layout-2a0966ce wp-block-group-is-layout-constrained\" style=\"margin-top:0;padding-top:var(--wp--preset--spacing--x-large);padding-right:30px;padding-bottom:var(--wp--preset--spacing--x-large);padding-left:30px\">\n<div class=\"wp-block-columns alignwide are-vertically-aligned-center is-style-columns-reverse is-layout-flex wp-container-core-columns-is-layout-28f84493 wp-block-columns-is-layout-flex\">\n<div class=\"wp-block-column is-vertically-aligned-center is-layout-flow wp-block-column-is-layout-flow\">\n<div class=\"wp-block-group has-global-padding is-content-justification-left is-layout-constrained wp-container-core-group-is-layout-67883db5 wp-block-group-is-layout-constrained\">\n<h2 class=\"wp-block-heading has-max-36-font-size\" id=\"text-on-left-image-on-right\">Barra b\u00e1sica de snacks<\/h2>\n\n\n\n<p>Nuestra barra b\u00e1sica de vasos de snack incluye: Dos opciones de papitas, dos opciones de dulces, un cereal y una fruta.<\/p>\n\n\n\n<p>Servicio minimo es de 30 personas. <\/p>\n\n\n\n<div class=\"wp-block-buttons is-layout-flex wp-block-buttons-is-layout-flex\">\n<div class=\"wp-block-button\"><a class=\"wp-block-button__link has-base-color has-text-color wp-element-button\" href=\"https:\/\/forms.gle\/uBdeTp4QYHXMu34GA\">Reserva  \u2192<\/a><\/div>\n<\/div>\n<\/div>\n<\/div>\n\n\n\n<div class=\"wp-block-column is-vertically-aligned-center is-layout-flow wp-block-column-is-layout-flow\">\n<figure class=\"wp-block-image size-full\"><img loading=\"lazy\" decoding=\"async\" width=\"736\" height=\"981\" src=\"https:\/\/rentablesrd.com\/snack\/wp-content\/uploads\/2024\/06\/vaso-de-snacks-con-persona-detras-sin-nombr.jpg\" alt=\"\" class=\"wp-image-117\" srcset=\"https:\/\/rentablesrd.com\/snack\/wp-content\/uploads\/2024\/06\/vaso-de-snacks-con-persona-detras-sin-nombr.jpg 736w, https:\/\/rentablesrd.com\/snack\/wp-content\/uploads\/2024\/06\/vaso-de-snacks-con-persona-detras-sin-nombr-225x300.jpg 225w\" sizes=\"auto, (max-width: 736px) 100vw, 736px\" \/><\/figure>\n<\/div>\n<\/div>\n<\/div>\n\n\n\n<div class=\"wp-block-group alignfull has-global-padding is-layout-constrained wp-container-core-group-is-layout-f5a93283 wp-block-group-is-layout-constrained\" id=\"features\" style=\"margin-top:0;padding-top:var(--wp--preset--spacing--x-large);padding-right:30px;padding-bottom:var(--wp--preset--spacing--x-large);padding-left:30px\">\n<div class=\"wp-block-group has-global-padding is-layout-constrained wp-container-core-group-is-layout-963a3989 wp-block-group-is-layout-constrained\" style=\"padding-bottom:var(--wp--preset--spacing--large)\">\n<h2 class=\"wp-block-heading has-text-align-center has-max-60-font-size\" id=\"text-on-left-image-on-right\" style=\"letter-spacing:-1px\">Ingredientes Extras<\/h2>\n\n\n\n<p class=\"has-text-align-center\" style=\"line-height:1.5\">Agrega todos los toppings de tu gusto y combina lo que quieras<\/p>\n<\/div>\n\n\n\n<div class=\"wp-block-columns are-vertically-aligned-center is-layout-flex wp-container-core-columns-is-layout-c49eba25 wp-block-columns-is-layout-flex\" style=\"margin-bottom:var(--wp--preset--spacing--large)\">\n<div class=\"wp-block-column is-vertically-aligned-center is-layout-flow wp-block-column-is-layout-flow\">\n<figure class=\"wp-block-image size-full\"><img loading=\"lazy\" decoding=\"async\" width=\"1080\" height=\"1080\" src=\"https:\/\/rentablesrd.com\/snack\/wp-content\/uploads\/2024\/06\/yellow-simple-fruit-pineapple-phone-wallpaper-2.png\" alt=\"\" class=\"wp-image-119\" srcset=\"https:\/\/rentablesrd.com\/snack\/wp-content\/uploads\/2024\/06\/yellow-simple-fruit-pineapple-phone-wallpaper-2.png 1080w, https:\/\/rentablesrd.com\/snack\/wp-content\/uploads\/2024\/06\/yellow-simple-fruit-pineapple-phone-wallpaper-2-300x300.png 300w, https:\/\/rentablesrd.com\/snack\/wp-content\/uploads\/2024\/06\/yellow-simple-fruit-pineapple-phone-wallpaper-2-1024x1024.png 1024w, https:\/\/rentablesrd.com\/snack\/wp-content\/uploads\/2024\/06\/yellow-simple-fruit-pineapple-phone-wallpaper-2-150x150.png 150w, https:\/\/rentablesrd.com\/snack\/wp-content\/uploads\/2024\/06\/yellow-simple-fruit-pineapple-phone-wallpaper-2-768x768.png 768w\" sizes=\"auto, (max-width: 1080px) 100vw, 1080px\" \/><\/figure>\n<\/div>\n\n\n\n<div class=\"wp-block-column is-vertically-aligned-center is-layout-flow wp-block-column-is-layout-flow\">\n<h2 class=\"wp-block-heading has-x-large-font-size\">Papitas<\/h2>\n\n\n\n<p>El ingrediente mas solicitado dentro de nuestros vasos de snacks con las papitas, mira las variedades: <\/p>\n\n\n\n<p>Doritos, tostitos, ruffles, lays, lays lim\u00f3n, rancheritos, cheetos, platanitos, palitos, pringles.<\/p>\n\n\n\n<p>Escoge la cantidad que quieras para tu barra preferida. <\/p>\n<\/div>\n<\/div>\n\n\n\n<div class=\"wp-block-columns is-style-columns-reverse is-layout-flex wp-container-core-columns-is-layout-c49eba25 wp-block-columns-is-layout-flex\" style=\"margin-bottom:var(--wp--preset--spacing--large)\">\n<div class=\"wp-block-column is-vertically-aligned-center is-layout-flow wp-block-column-is-layout-flow\">\n<h2 class=\"wp-block-heading has-x-large-font-size\">Nueces y Cereales<\/h2>\n\n\n\n<p>Puedes a\u00f1idar el <strong>potasio, zinc, magnesio o f\u00f3sforo<\/strong> que desees con nuestras nueces y cereales: &nbsp; <\/p>\n\n\n\n<p>Almendras, Cap\u00b4n Crunch, semillas de girasol, bucles de frutas, granola, nueces, coco rallado, chips de almendras, pasas. <\/p>\n\n\n\n<div class=\"wp-block-buttons is-layout-flex wp-block-buttons-is-layout-flex\"><\/div>\n<\/div>\n\n\n\n<div class=\"wp-block-column is-layout-flow wp-block-column-is-layout-flow\">\n<figure class=\"wp-block-image size-full\"><img loading=\"lazy\" decoding=\"async\" width=\"1080\" height=\"1080\" src=\"https:\/\/rentablesrd.com\/snack\/wp-content\/uploads\/2024\/06\/yellow-simple-fruit-pineapple-phone-wallpaper-3.png\" alt=\"\" class=\"wp-image-120\" srcset=\"https:\/\/rentablesrd.com\/snack\/wp-content\/uploads\/2024\/06\/yellow-simple-fruit-pineapple-phone-wallpaper-3.png 1080w, https:\/\/rentablesrd.com\/snack\/wp-content\/uploads\/2024\/06\/yellow-simple-fruit-pineapple-phone-wallpaper-3-300x300.png 300w, https:\/\/rentablesrd.com\/snack\/wp-content\/uploads\/2024\/06\/yellow-simple-fruit-pineapple-phone-wallpaper-3-1024x1024.png 1024w, https:\/\/rentablesrd.com\/snack\/wp-content\/uploads\/2024\/06\/yellow-simple-fruit-pineapple-phone-wallpaper-3-150x150.png 150w, https:\/\/rentablesrd.com\/snack\/wp-content\/uploads\/2024\/06\/yellow-simple-fruit-pineapple-phone-wallpaper-3-768x768.png 768w\" sizes=\"auto, (max-width: 1080px) 100vw, 1080px\" \/><\/figure>\n<\/div>\n<\/div>\n\n\n\n<div class=\"wp-block-columns is-layout-flex wp-container-core-columns-is-layout-de87d07d wp-block-columns-is-layout-flex\" style=\"padding-top:0;padding-right:0;padding-bottom:0;padding-left:0\">\n<div class=\"wp-block-column is-layout-flow wp-block-column-is-layout-flow\">\n<figure class=\"wp-block-image size-full\"><img loading=\"lazy\" decoding=\"async\" width=\"1080\" height=\"1080\" src=\"https:\/\/rentablesrd.com\/snack\/wp-content\/uploads\/2024\/06\/yellow-simple-fruit-pineapple-phone-wallpaper-4.png\" alt=\"\" class=\"wp-image-121\" srcset=\"https:\/\/rentablesrd.com\/snack\/wp-content\/uploads\/2024\/06\/yellow-simple-fruit-pineapple-phone-wallpaper-4.png 1080w, https:\/\/rentablesrd.com\/snack\/wp-content\/uploads\/2024\/06\/yellow-simple-fruit-pineapple-phone-wallpaper-4-300x300.png 300w, https:\/\/rentablesrd.com\/snack\/wp-content\/uploads\/2024\/06\/yellow-simple-fruit-pineapple-phone-wallpaper-4-1024x1024.png 1024w, https:\/\/rentablesrd.com\/snack\/wp-content\/uploads\/2024\/06\/yellow-simple-fruit-pineapple-phone-wallpaper-4-150x150.png 150w, https:\/\/rentablesrd.com\/snack\/wp-content\/uploads\/2024\/06\/yellow-simple-fruit-pineapple-phone-wallpaper-4-768x768.png 768w\" sizes=\"auto, (max-width: 1080px) 100vw, 1080px\" \/><\/figure>\n<\/div>\n\n\n\n<div class=\"wp-block-column is-vertically-aligned-center is-layout-flow wp-block-column-is-layout-flow\">\n<h2 class=\"wp-block-heading has-x-large-font-size\">Dulces <\/h2>\n\n\n\n<p>Puedes a\u00f1idar el dulce de tu preferencia y lograr esa gastronomia \u00fanica con cada bocado: <\/p>\n\n\n\n<p>Gummy Bears, chispas de chocolate, mini mashmelos, waffle bites, oreo dust, twix, pescado sueco, gusanos amargos, snickers, m&amp;m, chocolate con menta, kit kat, ranchero alegre, gusanos de goma, dedo de mantequilla. <\/p>\n<\/div>\n<\/div>\n\n\n\n<div style=\"height:100px\" aria-hidden=\"true\" class=\"wp-block-spacer\"><\/div>\n\n\n\n<div class=\"wp-block-columns are-vertically-aligned-center is-layout-flex wp-container-core-columns-is-layout-c49eba25 wp-block-columns-is-layout-flex\" style=\"margin-bottom:var(--wp--preset--spacing--large)\">\n<div class=\"wp-block-column is-vertically-aligned-center is-layout-flow wp-block-column-is-layout-flow\">\n<figure class=\"wp-block-image size-full\"><img loading=\"lazy\" decoding=\"async\" width=\"1080\" height=\"1080\" src=\"https:\/\/rentablesrd.com\/snack\/wp-content\/uploads\/2024\/06\/yellow-simple-fruit-pineapple-phone-wallpaper-5.png\" alt=\"\" class=\"wp-image-122\" srcset=\"https:\/\/rentablesrd.com\/snack\/wp-content\/uploads\/2024\/06\/yellow-simple-fruit-pineapple-phone-wallpaper-5.png 1080w, https:\/\/rentablesrd.com\/snack\/wp-content\/uploads\/2024\/06\/yellow-simple-fruit-pineapple-phone-wallpaper-5-300x300.png 300w, https:\/\/rentablesrd.com\/snack\/wp-content\/uploads\/2024\/06\/yellow-simple-fruit-pineapple-phone-wallpaper-5-1024x1024.png 1024w, https:\/\/rentablesrd.com\/snack\/wp-content\/uploads\/2024\/06\/yellow-simple-fruit-pineapple-phone-wallpaper-5-150x150.png 150w, https:\/\/rentablesrd.com\/snack\/wp-content\/uploads\/2024\/06\/yellow-simple-fruit-pineapple-phone-wallpaper-5-768x768.png 768w\" sizes=\"auto, (max-width: 1080px) 100vw, 1080px\" \/><\/figure>\n<\/div>\n\n\n\n<div class=\"wp-block-column is-vertically-aligned-center is-layout-flow wp-block-column-is-layout-flow\">\n<h2 class=\"wp-block-heading has-x-large-font-size\">Frutas<\/h2>\n\n\n\n<p>Puedes agregar la cantidad de vitaminas y minerales que desees con las frutas que son: <\/p>\n\n\n\n<p>Fresas, pi\u00f1a, moras, ar\u00e1ndanos, kiwi, mango, pi\u00f1a, frambuesas, guineo maduro, arandanos, cherry, fruit pebbles, gummy bears, shaved coconut.<\/p>\n\n\n\n<p>Escoge la cantidad que quieras para tu barra preferida. <\/p>\n<\/div>\n<\/div>\n\n\n\n<div style=\"height:115px\" aria-hidden=\"true\" class=\"wp-block-spacer\"><\/div>\n\n\n\n<div class=\"wp-block-group alignfull has-global-padding is-layout-constrained wp-container-core-group-is-layout-dc093ab1 wp-block-group-is-layout-constrained\" style=\"margin-top:0px;padding-top:var(--wp--preset--spacing--x-large);padding-right:30px;padding-bottom:var(--wp--preset--spacing--small);padding-left:30px\">\n<h2 class=\"wp-block-heading has-text-align-center has-max-48-font-size\" id=\"let-s-connect\" style=\"margin-bottom:20px\">Mermeladas<\/h2>\n\n\n\n<p class=\"has-text-align-center\">Variedades en las mermeladas, puedes agregar los siguientes a tu barra: <\/p>\n\n\n\n<p class=\"has-text-align-center\">Caramelo, Chocolate Derretido, Leche Condensada, Crema Batida, Dulce de Leche, Nutela, Syrop de Maple, Whip Cream, Miel, Guayaba, Fresas.<\/p>\n\n\n\n<div style=\"height:100px\" aria-hidden=\"true\" class=\"wp-block-spacer\"><\/div>\n\n\n\n<div class=\"wp-block-group alignwide has-global-padding is-layout-constrained wp-block-group-is-layout-constrained\" style=\"padding-top:var(--wp--preset--spacing--small);padding-bottom:var(--wp--preset--spacing--large)\">\n<div class=\"wp-block-group has-global-padding is-layout-constrained wp-container-core-group-is-layout-334a2726 wp-block-group-is-layout-constrained\">\n<h2 class=\"wp-block-heading has-text-align-center has-max-60-font-size\" id=\"block-patterns\" style=\"margin-bottom:0px\">Precio B\u00e1sico<\/h2>\n\n\n\n<p class=\"has-text-align-center\" style=\"margin-bottom:var(--wp--preset--spacing--medium)\">En el siguiente cuadro te detallo el precio de nuestra plan m\u00e1s economico<\/p>\n<\/div>\n\n\n\n<div class=\"wp-block-group alignwide is-layout-flow wp-block-group-is-layout-flow\">\n<div class=\"wp-block-columns is-layout-flex wp-container-core-columns-is-layout-28f84493 wp-block-columns-is-layout-flex\">\n<div class=\"wp-block-column has-base-color has-contrast-background-color has-text-color has-background is-layout-flow wp-block-column-is-layout-flow\" style=\"padding-top:var(--wp--preset--spacing--small);padding-right:var(--wp--preset--spacing--small);padding-bottom:var(--wp--preset--spacing--small);padding-left:var(--wp--preset--spacing--small)\">\n<div class=\"wp-block-group has-global-padding is-layout-constrained wp-container-core-group-is-layout-19e250f3 wp-block-group-is-layout-constrained\">\n<p class=\"has-text-align-center has-small-font-size\" style=\"line-height:1.5\">B\u00e1sica<\/p>\n\n\n\n<p class=\"has-text-align-center has-max-36-font-size\" style=\"font-style:normal;font-weight:500\">RD$115 x unidad<\/p>\n<\/div>\n\n\n\n<div class=\"wp-block-group has-global-padding is-layout-constrained wp-container-core-group-is-layout-334a2726 wp-block-group-is-layout-constrained\">\n<p class=\"has-text-align-center has-small-font-size\">MiniPancakes<\/p>\n\n\n\n<hr class=\"wp-block-separator has-text-color has-base-color has-alpha-channel-opacity has-base-background-color has-background has-background-color is-style-wide\"\/>\n\n\n\n<p class=\"has-text-align-center has-small-font-size\">Fresa o Guineo<\/p>\n\n\n\n<hr class=\"wp-block-separator has-text-color has-base-color has-alpha-channel-opacity has-base-background-color has-background has-background-color is-style-wide\"\/>\n\n\n\n<p class=\"has-text-align-center has-small-font-size\">Chispas de Almendras o Granola<\/p>\n\n\n\n<hr class=\"wp-block-separator has-text-color has-base-color has-alpha-channel-opacity has-base-background-color has-background has-background-color is-style-wide\"\/>\n\n\n\n<p class=\"has-text-align-center has-small-font-size\">Oreo Dust o Chispas de Chocolate <\/p>\n\n\n\n<hr class=\"wp-block-separator has-text-color has-base-color has-alpha-channel-opacity has-base-background-color has-background has-background-color is-style-wide\"\/>\n\n\n\n<p class=\"has-text-align-center has-small-font-size\">Miel o Derrito de Chocolate<\/p>\n\n\n\n<hr class=\"wp-block-separator has-text-color has-base-color has-alpha-channel-opacity has-base-background-color has-background has-background-color is-style-wide\"\/>\n<\/div>\n\n\n\n<div class=\"wp-block-buttons is-layout-flex wp-block-buttons-is-layout-flex\" style=\"margin-top:var(--wp--preset--spacing--small)\">\n<div class=\"wp-block-button has-custom-width wp-block-button__width-100\"><a class=\"wp-block-button__link wp-element-button\">Primeros pasos<\/a><\/div>\n<\/div>\n<\/div>\n<\/div>\n<\/div>\n<\/div>\n\n\n\n<div class=\"wp-block-group alignwide has-global-padding is-layout-constrained wp-block-group-is-layout-constrained\" style=\"margin-top:0;padding-bottom:var(--wp--preset--spacing--large)\">\n<div class=\"wp-block-group has-global-padding is-layout-constrained wp-block-group-is-layout-constrained\">\n<h2 class=\"wp-block-heading has-text-align-center has-max-48-font-size\" id=\"block-patterns\" style=\"margin-bottom:0px\">Preguntas<\/h2>\n\n\n\n<p class=\"has-text-align-center\" style=\"margin-bottom:var(--wp--preset--spacing--medium)\">A continuaci\u00f3n encontrar\u00e1s una lista de las preguntas m\u00e1s frecuentes.<\/p>\n<\/div>\n\n\n\n<div class=\"wp-block-group has-global-padding is-layout-constrained wp-container-core-group-is-layout-334a2726 wp-block-group-is-layout-constrained\">\n<p class=\"has-text-align-center\"><strong>\u00bfQu\u00e9 costo tienen los ingredientes extras?<\/strong><\/p>\n\n\n\n<p class=\"has-text-align-center\">El precio varia dependiendo el ingrediente extra seleccionado<\/p>\n<\/div>\n\n\n\n<hr class=\"wp-block-separator has-text-color has-neutral-color has-alpha-channel-opacity has-neutral-background-color has-background is-style-wide\"\/>\n\n\n\n<div class=\"wp-block-group has-global-padding is-layout-constrained wp-container-core-group-is-layout-334a2726 wp-block-group-is-layout-constrained\">\n<p class=\"has-text-align-center\"><strong>\u00bfUstedes prepar\u00e1n el snacks?<\/strong><\/p>\n\n\n\n<p class=\"has-text-align-center\">Si, nuestros servicios son todo incluido<\/p>\n<\/div>\n\n\n\n<hr class=\"wp-block-separator has-text-color has-neutral-color has-alpha-channel-opacity has-neutral-background-color has-background is-style-wide\"\/>\n\n\n\n<div class=\"wp-block-group has-global-padding is-layout-constrained wp-container-core-group-is-layout-334a2726 wp-block-group-is-layout-constrained\">\n<p class=\"has-text-align-center\"><strong>\u00bfQue debo tener en el evento para que usted proporcionen el servicio?<\/strong><\/p>\n\n\n\n<p class=\"has-text-align-center\">Deben tener conexi\u00f3n a 110 voltios para producir los minipancakes, todo lo dem\u00e1s es por nuestra cuenta<\/p>\n<\/div>\n<\/div>\n\n\n\n<p class=\"has-text-align-center has-small-font-size\">\u00a9 2023 RentablesRD. \u00b7 <a href=\"http:\/\/wa.me\/8097173399\" data-type=\"link\" data-id=\"wa.me\/8097173399\">Contacta con nosotros<\/a><\/p>\n<\/div>\n<\/div>\n","protected":false},"excerpt":{"rendered":"<p>Vasos de Snacks Este snacks es tan perfecto, que puede ser merienda, cena o desayuno. Acompa\u00f1alo con el toppings que gustes Barra b\u00e1sica de snacks Nuestra barra b\u00e1sica de vasos de snack incluye: Dos opciones de papitas, dos opciones de dulces, un cereal y una fruta. Servicio minimo es de 30 personas. Ingredientes Extras Agrega [&hellip;]<\/p>\n","protected":false},"author":1,"featured_media":0,"parent":0,"menu_order":0,"comment_status":"closed","ping_status":"closed","template":"","meta":{"footnotes":""},"class_list":["post-113","page","type-page","status-publish","hentry"],"_links":{"self":[{"href":"https:\/\/rentablesrd.com\/snack\/wp-json\/wp\/v2\/pages\/113","targetHints":{"allow":["GET"]}}],"collection":[{"href":"https:\/\/rentablesrd.com\/snack\/wp-json\/wp\/v2\/pages"}],"about":[{"href":"https:\/\/rentablesrd.com\/snack\/wp-json\/wp\/v2\/types\/page"}],"author":[{"embeddable":true,"href":"https:\/\/rentablesrd.com\/snack\/wp-json\/wp\/v2\/users\/1"}],"replies":[{"embeddable":true,"href":"https:\/\/rentablesrd.com\/snack\/wp-json\/wp\/v2\/comments?post=113"}],"version-history":[{"count":2,"href":"https:\/\/rentablesrd.com\/snack\/wp-json\/wp\/v2\/pages\/113\/revisions"}],"predecessor-version":[{"id":125,"href":"https:\/\/rentablesrd.com\/snack\/wp-json\/wp\/v2\/pages\/113\/revisions\/125"}],"wp:attachment":[{"href":"https:\/\/rentablesrd.com\/snack\/wp-json\/wp\/v2\/media?parent=113"}],"curies":[{"name":"wp","href":"https:\/\/api.w.org\/{rel}","templated":true}]}}