{"id":127,"date":"2024-06-06T16:48:10","date_gmt":"2024-06-06T16:48:10","guid":{"rendered":"https:\/\/rentablesrd.com\/snack\/?page_id=127"},"modified":"2024-11-11T17:55:53","modified_gmt":"2024-11-11T17:55:53","slug":"hotdog","status":"publish","type":"page","link":"https:\/\/rentablesrd.com\/snack\/hotdog\/","title":{"rendered":"Hot Dog"},"content":{"rendered":"\n<div class=\"wp-block-group alignfull welcome has-global-padding is-layout-constrained wp-container-core-group-is-layout-85993dcc wp-block-group-is-layout-constrained\" style=\"margin-top:0px;padding-top:70px;padding-right:30px;padding-bottom:var(--wp--preset--spacing--x-large);padding-left:30px\">\n<h2 class=\"wp-block-heading has-text-align-center has-max-72-font-size\" style=\"margin-bottom:0px;letter-spacing:-1px\">Hot Dog<\/h2>\n\n\n\n<p class=\"has-text-align-center has-large-font-size\">Uno de los alimentos, mas populares; que consiste en una salchicha cocida, generalmente hecha de carne de res, cerdo o una combinaci\u00f3n de ambas, que se sirve en un panecillo partido.<\/p>\n\n\n\n<div class=\"wp-block-buttons is-content-justification-center is-layout-flex wp-container-core-buttons-is-layout-72315a37 wp-block-buttons-is-layout-flex\" style=\"margin-top:30px\">\n<div class=\"wp-block-button has-custom-font-size has-small-font-size\"><a class=\"wp-block-button__link wp-element-button\" href=\"https:\/\/forms.gle\/hqhapFqvc289ZrAS8\">Reserva<\/a><\/div>\n\n\n\n<div class=\"wp-block-button has-custom-font-size is-style-outline-background is-style-outline has-small-font-size is-style-outline--1\"><a class=\"wp-block-button__link wp-element-button\" href=\"#\">M\u00e1s informaci\u00f3n<\/a><\/div>\n<\/div>\n<\/div>\n\n\n\n<div class=\"wp-block-group alignfull has-base-color has-contrast-background-color has-text-color has-background has-global-padding is-layout-constrained wp-container-core-group-is-layout-2a0966ce wp-block-group-is-layout-constrained\" style=\"margin-top:0;padding-top:var(--wp--preset--spacing--x-large);padding-right:30px;padding-bottom:var(--wp--preset--spacing--x-large);padding-left:30px\">\n<div class=\"wp-block-columns alignwide are-vertically-aligned-center is-style-columns-reverse is-layout-flex wp-container-core-columns-is-layout-28f84493 wp-block-columns-is-layout-flex\">\n<div class=\"wp-block-column is-vertically-aligned-center is-layout-flow wp-block-column-is-layout-flow\">\n<div class=\"wp-block-group has-global-padding is-content-justification-left is-layout-constrained wp-container-core-group-is-layout-67883db5 wp-block-group-is-layout-constrained\">\n<h2 class=\"wp-block-heading has-max-36-font-size\" id=\"text-on-left-image-on-right\">Hot Dog B\u00e1sico<\/h2>\n\n\n\n<p>Nuestro servicio b\u00e1sico de Hot Dog incluye nuestro Pan para Hot Dog, salchicha pollo y\/o cerdo, salsa de ketchup, mayonesa y mostaza. <br><br>Servicio minimo de 32 unidades y su costo es de $85 pesos en adelante. <\/p>\n<\/div>\n<\/div>\n\n\n\n<div class=\"wp-block-column is-vertically-aligned-center is-layout-flow wp-block-column-is-layout-flow\">\n<figure class=\"wp-block-image size-full\"><img loading=\"lazy\" decoding=\"async\" width=\"1080\" height=\"1080\" src=\"https:\/\/rentablesrd.com\/snack\/wp-content\/uploads\/2024\/06\/RentablesRD-4.png\" alt=\"\" class=\"wp-image-136\" srcset=\"https:\/\/rentablesrd.com\/snack\/wp-content\/uploads\/2024\/06\/RentablesRD-4.png 1080w, https:\/\/rentablesrd.com\/snack\/wp-content\/uploads\/2024\/06\/RentablesRD-4-300x300.png 300w, https:\/\/rentablesrd.com\/snack\/wp-content\/uploads\/2024\/06\/RentablesRD-4-1024x1024.png 1024w, https:\/\/rentablesrd.com\/snack\/wp-content\/uploads\/2024\/06\/RentablesRD-4-150x150.png 150w, https:\/\/rentablesrd.com\/snack\/wp-content\/uploads\/2024\/06\/RentablesRD-4-768x768.png 768w\" sizes=\"auto, (max-width: 1080px) 100vw, 1080px\" \/><\/figure>\n<\/div>\n<\/div>\n<\/div>\n\n\n\n<div class=\"wp-block-group alignfull has-global-padding is-layout-constrained wp-container-core-group-is-layout-f5a93283 wp-block-group-is-layout-constrained\" id=\"features\" style=\"margin-top:0;padding-top:var(--wp--preset--spacing--x-large);padding-right:30px;padding-bottom:var(--wp--preset--spacing--x-large);padding-left:30px\">\n<div class=\"wp-block-group has-global-padding is-layout-constrained wp-container-core-group-is-layout-963a3989 wp-block-group-is-layout-constrained\" style=\"padding-bottom:var(--wp--preset--spacing--large)\">\n<h2 class=\"wp-block-heading has-text-align-center has-max-60-font-size\" id=\"text-on-left-image-on-right\" style=\"letter-spacing:-1px\">Ingredientes Extras<\/h2>\n\n\n\n<p class=\"has-text-align-center\">Completa la experiencia agregando los especiales del perro caliente<\/p>\n<\/div>\n\n\n\n<div class=\"wp-block-columns are-vertically-aligned-center is-layout-flex wp-container-core-columns-is-layout-c49eba25 wp-block-columns-is-layout-flex\" style=\"margin-bottom:var(--wp--preset--spacing--large)\">\n<div class=\"wp-block-column is-vertically-aligned-center is-layout-flow wp-block-column-is-layout-flow\">\n<figure class=\"wp-block-image size-full\"><img loading=\"lazy\" decoding=\"async\" width=\"1080\" height=\"1080\" src=\"https:\/\/rentablesrd.com\/snack\/wp-content\/uploads\/2024\/06\/RentablesRD.png\" alt=\"\" class=\"wp-image-131\" srcset=\"https:\/\/rentablesrd.com\/snack\/wp-content\/uploads\/2024\/06\/RentablesRD.png 1080w, https:\/\/rentablesrd.com\/snack\/wp-content\/uploads\/2024\/06\/RentablesRD-300x300.png 300w, https:\/\/rentablesrd.com\/snack\/wp-content\/uploads\/2024\/06\/RentablesRD-1024x1024.png 1024w, https:\/\/rentablesrd.com\/snack\/wp-content\/uploads\/2024\/06\/RentablesRD-150x150.png 150w, https:\/\/rentablesrd.com\/snack\/wp-content\/uploads\/2024\/06\/RentablesRD-768x768.png 768w\" sizes=\"auto, (max-width: 1080px) 100vw, 1080px\" \/><\/figure>\n<\/div>\n\n\n\n<div class=\"wp-block-column is-vertically-aligned-center is-layout-flow wp-block-column-is-layout-flow\">\n<h2 class=\"wp-block-heading has-x-large-font-size\">Vegetales<\/h2>\n\n\n\n<p>Adem\u00e1s de los condimentos tradicionales, puedes agregar una variedad de vegetales a un hot dog para darle m\u00e1s sabor y textura. <br><br><strong>Pepinillos<\/strong>: En rodajas o en forma de relish.<br><strong>Lechuga<\/strong>: Proporciona un toque fresco y crujiente.<br><strong>Tomate<\/strong>: En rodajas o en cubitos.<br><strong>Cebolla<\/strong>: Cruda, caramelizada o en aros.<br><strong>Pimientos<\/strong>: Pueden ser asados o en rodajas. <strong>Aguacate<\/strong>: En rodajas o guacamole.<br><strong>Repollo<\/strong>: Rallado.<br><strong>Zanahoria<\/strong>: Rallada para un toque crujiente.<br><strong>Jalape\u00f1os<\/strong>: Un toque picante.<br><strong>Champi\u00f1ones<\/strong>: Sabor terroso.<br><strong>R\u00facula<\/strong>: Para un sabor ligeramente picante.<\/p>\n<\/div>\n<\/div>\n\n\n\n<div class=\"wp-block-columns is-style-columns-reverse is-layout-flex wp-container-core-columns-is-layout-c49eba25 wp-block-columns-is-layout-flex\" style=\"margin-bottom:var(--wp--preset--spacing--large)\">\n<div class=\"wp-block-column is-vertically-aligned-center is-layout-flow wp-block-column-is-layout-flow\">\n<h2 class=\"wp-block-heading has-x-large-font-size\">Carnes<\/h2>\n\n\n\n<p>Agregar carne molida como extra sobre un hot dog puede hacer que sea m\u00e1s sustancioso y sabroso. Aqu\u00ed tienes algunas ideas populares para usar carne molida como complemento. <br><br><strong>Chili con carne<\/strong>: Carne molida con frijoles y especias.<strong>Taco dog<\/strong>: Carne molida sazonada con especias de taco, lechuga, tomate y queso.<strong>Cheeseburger dog<\/strong>: Carne molida estilo hamburguesa con queso derretido, cebolla y pepinillos.<strong>Bolognesa<\/strong>: Salsa espesa de carne molida con tomate y hierbas.<strong>Sloppy Joe<\/strong>: Carne molida en salsa dulce y picante de tomate.<strong>Philly cheesesteak dog<\/strong>: Carne molida con cebollas, pimientos y queso derretido.<strong>Picadillo<\/strong>: Carne molida con papas, zanahorias, guisantes y aceitunas en salsa de tomate.<\/p>\n\n\n\n<div class=\"wp-block-buttons is-layout-flex wp-block-buttons-is-layout-flex\"><\/div>\n<\/div>\n\n\n\n<div class=\"wp-block-column is-layout-flow wp-block-column-is-layout-flow\">\n<figure class=\"wp-block-image size-full is-resized\"><img loading=\"lazy\" decoding=\"async\" width=\"1080\" height=\"1080\" src=\"https:\/\/rentablesrd.com\/snack\/wp-content\/uploads\/2024\/06\/RentablesRD-1.png\" alt=\"\" class=\"wp-image-132\" style=\"width:440px;height:auto\" srcset=\"https:\/\/rentablesrd.com\/snack\/wp-content\/uploads\/2024\/06\/RentablesRD-1.png 1080w, https:\/\/rentablesrd.com\/snack\/wp-content\/uploads\/2024\/06\/RentablesRD-1-300x300.png 300w, https:\/\/rentablesrd.com\/snack\/wp-content\/uploads\/2024\/06\/RentablesRD-1-1024x1024.png 1024w, https:\/\/rentablesrd.com\/snack\/wp-content\/uploads\/2024\/06\/RentablesRD-1-150x150.png 150w, https:\/\/rentablesrd.com\/snack\/wp-content\/uploads\/2024\/06\/RentablesRD-1-768x768.png 768w\" sizes=\"auto, (max-width: 1080px) 100vw, 1080px\" \/><\/figure>\n<\/div>\n<\/div>\n\n\n\n<div style=\"height:100px\" aria-hidden=\"true\" class=\"wp-block-spacer\"><\/div>\n\n\n\n<div class=\"wp-block-columns is-layout-flex wp-container-core-columns-is-layout-de87d07d wp-block-columns-is-layout-flex\" style=\"padding-top:0;padding-right:0;padding-bottom:0;padding-left:0\">\n<div class=\"wp-block-column is-layout-flow wp-block-column-is-layout-flow\">\n<figure class=\"wp-block-image size-full\"><img loading=\"lazy\" decoding=\"async\" width=\"1080\" height=\"1080\" src=\"https:\/\/rentablesrd.com\/snack\/wp-content\/uploads\/2024\/06\/RentablesRD-3.png\" alt=\"\" class=\"wp-image-134\" srcset=\"https:\/\/rentablesrd.com\/snack\/wp-content\/uploads\/2024\/06\/RentablesRD-3.png 1080w, https:\/\/rentablesrd.com\/snack\/wp-content\/uploads\/2024\/06\/RentablesRD-3-300x300.png 300w, https:\/\/rentablesrd.com\/snack\/wp-content\/uploads\/2024\/06\/RentablesRD-3-1024x1024.png 1024w, https:\/\/rentablesrd.com\/snack\/wp-content\/uploads\/2024\/06\/RentablesRD-3-150x150.png 150w, https:\/\/rentablesrd.com\/snack\/wp-content\/uploads\/2024\/06\/RentablesRD-3-768x768.png 768w\" sizes=\"auto, (max-width: 1080px) 100vw, 1080px\" \/><\/figure>\n<\/div>\n\n\n\n<div class=\"wp-block-column is-vertically-aligned-center is-layout-flow wp-block-column-is-layout-flow\">\n<h2 class=\"wp-block-heading has-x-large-font-size\">Salsas<\/h2>\n\n\n\n<p>Estas salsas pueden mezclarse y combinarse para crear una experiencia de sabor \u00fanica.<br><br><strong>Mostaza<\/strong>: Cl\u00e1sica amarilla, o  picante.<br><strong>Ketchup<\/strong>: Dulce y \u00e1cida. <br><strong>Mayonesa<\/strong>: Cremosa y suave.<br><strong>Salsa barbacoa<\/strong>: Dulce y ahumada.<br><strong>Sriracha<\/strong>: Picante y con un toque de ajo.<br><strong>Salsa de queso<\/strong>: Cremosa y derretida.<br><strong>Guacamole<\/strong>: Cremoso y con lim\u00f3n.<br><strong>Alioli<\/strong>: Mayonesa con ajo, cremosa.<br><strong>Salsa ranch<\/strong>: Cremosa, con hierbas y ajo.<\/p>\n\n\n\n<div class=\"wp-block-buttons is-layout-flex wp-block-buttons-is-layout-flex\"><\/div>\n<\/div>\n<\/div>\n<\/div>\n\n\n\n<div class=\"wp-block-media-text alignwide is-stacked-on-mobile\"><figure class=\"wp-block-media-text__media\"><img loading=\"lazy\" decoding=\"async\" width=\"1024\" height=\"1024\" src=\"https:\/\/rentablesrd.com\/snack\/wp-content\/uploads\/2024\/11\/PUBLICIDAD-RENTABLE-4-1024x1024.jpg\" alt=\"\" class=\"wp-image-170 size-full\" srcset=\"https:\/\/rentablesrd.com\/snack\/wp-content\/uploads\/2024\/11\/PUBLICIDAD-RENTABLE-4-1024x1024.jpg 1024w, https:\/\/rentablesrd.com\/snack\/wp-content\/uploads\/2024\/11\/PUBLICIDAD-RENTABLE-4-300x300.jpg 300w, https:\/\/rentablesrd.com\/snack\/wp-content\/uploads\/2024\/11\/PUBLICIDAD-RENTABLE-4-150x150.jpg 150w, https:\/\/rentablesrd.com\/snack\/wp-content\/uploads\/2024\/11\/PUBLICIDAD-RENTABLE-4-768x768.jpg 768w, https:\/\/rentablesrd.com\/snack\/wp-content\/uploads\/2024\/11\/PUBLICIDAD-RENTABLE-4.jpg 1500w\" sizes=\"auto, (max-width: 1024px) 100vw, 1024px\" \/><\/figure><div class=\"wp-block-media-text__content\">\n<h2 class=\"wp-block-heading\">Oferta \u00danica, Hot Dog B\u00e1sico<\/h2>\n\n\n\n<p><strong>Disfruta de una oferta deliciosa y conveniente para tu evento<\/strong> con un paquete completo de 200 hot dogs, ideal para fiestas, eventos empresariales o reuniones familiares.<\/p>\n\n\n\n<p><strong>Esta oferta incluye:<\/strong><\/p>\n\n\n\n<ul class=\"wp-block-list\">\n<li><strong>200 hot dogs<\/strong> listos para servir, con todo lo necesario para que tus invitados los disfruten al m\u00e1ximo.<\/li>\n\n\n\n<li><strong>Variedad de salsas<\/strong> para personalizar cada hot dog.<\/li>\n\n\n\n<li><strong>Personal para preparaci\u00f3n y servicio<\/strong> en el evento, asegurando que todo est\u00e9 perfecto..<\/li>\n<\/ul>\n\n\n\n<p><strong>Precio especial:<\/strong> RD$12,000 por el paquete completo.<\/p>\n<\/div><\/div>\n\n\n\n<p><\/p>\n","protected":false},"excerpt":{"rendered":"<p>Hot Dog Uno de los alimentos, mas populares; que consiste en una salchicha cocida, generalmente hecha de carne de res, cerdo o una combinaci\u00f3n de ambas, que se sirve en un panecillo partido. Hot Dog B\u00e1sico Nuestro servicio b\u00e1sico de Hot Dog incluye nuestro Pan para Hot Dog, salchicha pollo y\/o cerdo, salsa de ketchup, [&hellip;]<\/p>\n","protected":false},"author":1,"featured_media":0,"parent":0,"menu_order":0,"comment_status":"closed","ping_status":"closed","template":"","meta":{"footnotes":""},"class_list":["post-127","page","type-page","status-publish","hentry"],"_links":{"self":[{"href":"https:\/\/rentablesrd.com\/snack\/wp-json\/wp\/v2\/pages\/127","targetHints":{"allow":["GET"]}}],"collection":[{"href":"https:\/\/rentablesrd.com\/snack\/wp-json\/wp\/v2\/pages"}],"about":[{"href":"https:\/\/rentablesrd.com\/snack\/wp-json\/wp\/v2\/types\/page"}],"author":[{"embeddable":true,"href":"https:\/\/rentablesrd.com\/snack\/wp-json\/wp\/v2\/users\/1"}],"replies":[{"embeddable":true,"href":"https:\/\/rentablesrd.com\/snack\/wp-json\/wp\/v2\/comments?post=127"}],"version-history":[{"count":5,"href":"https:\/\/rentablesrd.com\/snack\/wp-json\/wp\/v2\/pages\/127\/revisions"}],"predecessor-version":[{"id":172,"href":"https:\/\/rentablesrd.com\/snack\/wp-json\/wp\/v2\/pages\/127\/revisions\/172"}],"wp:attachment":[{"href":"https:\/\/rentablesrd.com\/snack\/wp-json\/wp\/v2\/media?parent=127"}],"curies":[{"name":"wp","href":"https:\/\/api.w.org\/{rel}","templated":true}]}}